{"id":867,"date":"2021-04-29T01:09:26","date_gmt":"2021-04-29T00:09:26","guid":{"rendered":"https:\/\/katedry.pf.jcu.cz\/kma\/?page_id=867"},"modified":"2023-09-19T09:05:10","modified_gmt":"2023-09-19T08:05:10","slug":"inthandfinlit","status":"publish","type":"page","link":"https:\/\/katedry.pf.jcu.cz\/kma\/inthandfinlit\/","title":{"rendered":"inthandfinlit"},"content":{"rendered":"<p>Aprea, C.,Wuttke, E.,Breuer,K.,Koh,N.K.,Davies, P.,Greimel-Fuhrmann,B., et al.(2016). International Handbook of Financial Literacy. Springer, New York, p. 713.<\/p>\n<p>Publikace shroma\u017e\u010fuje p\u0159\u00edsp\u011bvky autor\u016f cel\u00e9ho sv\u011bta, kte\u0159\u00ed p\u0159edstavuj\u00ed podobu finan\u010dn\u00edho vzd\u011bl\u00e1v\u00e1n\u00ed v r\u016fzn\u00fdch zem\u00edch\/regionech, prezentuj\u00ed z\u00e1v\u011bry v\u00fdzkum\u016f celosv\u011btov\u011b prov\u00e1d\u011bn\u00fdch na tomto poli a definuj\u00ed obsah a metody finan\u010dn\u00edho vzd\u011bl\u00e1v\u00e1n\u00ed pro 21. stolet\u00ed. Kniha je ur\u010dena pro odborn\u00edky na finan\u010dn\u00ed vzd\u011bl\u00e1v\u00e1n\u00ed, u\u010ditele, fakulty p\u0159ipravuj\u00edc\u00ed u\u010ditele, v\u00fdzkumn\u00edky, tv\u016frce osnov \u0161koln\u00edho vzd\u011bl\u00e1v\u00e1n\u00ed a metod jeho hodnocen\u00ed, ekonomy a politiky zab\u00fdvaj\u00edc\u00ed se vzd\u011bl\u00e1v\u00e1n\u00edm a jeho dopady spole\u010dnost. Odkaz: <a href=\"https:\/\/www.springer.com\/gp\/book\/9789811003585\">International Handbook of Financial Literacy | Carmela Aprea | Springer<\/a><\/p>\n<p>Ha\u0161ek, R., Petr\u00e1\u0161kov\u00e1, V. (2016). Financial Education in Teacher Training with Technological Support. In International Handbook of Financial Literacy. 1st ed. Singapore: Springer, 2016. Chapter 42, pp. 675-696. DOI: 10.1007\/978-981-10-0360-8_42. ISBN 978-981-10-0358-5<\/p>\n<p>P\u0159edkl\u00e1dan\u00e1 kapitola vznikla na z\u00e1klad\u011b osloven\u00ed autor\u016f editory publikace, kte\u0159\u00ed se na n\u011b obr\u00e1tili jako na jedin\u00e9 z\u00e1stupce \u010cesk\u00e9 republiky a renomovan\u00e9 odborn\u00edky na finan\u010dn\u00ed vzd\u011bl\u00e1v\u00e1n\u00ed budouc\u00edch u\u010ditel\u016f. Kapitola p\u0159edstavuje unik\u00e1tn\u00ed metody p\u0159\u00edpravy u\u010ditel\u016f s pou\u017eit\u00edm modern\u00edch technologi\u00ed podpo\u0159en\u00fd v\u00fdzkumy autor\u016f a z\u00e1rove\u0148 akcentuje v\u00fdznam p\u0159\u00edpravy u\u010ditel\u016f pro rozvoj finan\u010dn\u00ed gramotnosti \u017e\u00e1k\u016f z\u00e1kladn\u00edch a st\u0159edn\u00edch \u0161kol, budouc\u00edch \u00fa\u010dastn\u00edk\u016f finan\u010dn\u00edho trhu. Kapitola tak p\u0159isp\u00edv\u00e1 spolu s celou knihou ke zkvalitn\u011bn\u00ed a systemizaci finan\u010dn\u00edho vzd\u011bl\u00e1v\u00e1n\u00ed v glob\u00e1ln\u00edm rozm\u011bru.<\/p>\n","protected":false},"excerpt":{"rendered":"<p>Aprea, C.,Wuttke, E.,Breuer,K.,Koh,N.K.,Davies, P.,Greimel-Fuhrmann,B., et al.(2016). International Handbook of Financial Literacy. Springer, New York, p. 713. Publikace shroma\u017e\u010fuje p\u0159\u00edsp\u011bvky autor\u016f&#8230;<\/p>\n","protected":false},"author":7,"featured_media":0,"parent":0,"menu_order":0,"comment_status":"closed","ping_status":"closed","template":"","meta":{"footnotes":""},"class_list":["post-867","page","type-page","status-publish","hentry"],"_links":{"self":[{"href":"https:\/\/katedry.pf.jcu.cz\/kma\/wp-json\/wp\/v2\/pages\/867","targetHints":{"allow":["GET"]}}],"collection":[{"href":"https:\/\/katedry.pf.jcu.cz\/kma\/wp-json\/wp\/v2\/pages"}],"about":[{"href":"https:\/\/katedry.pf.jcu.cz\/kma\/wp-json\/wp\/v2\/types\/page"}],"author":[{"embeddable":true,"href":"https:\/\/katedry.pf.jcu.cz\/kma\/wp-json\/wp\/v2\/users\/7"}],"replies":[{"embeddable":true,"href":"https:\/\/katedry.pf.jcu.cz\/kma\/wp-json\/wp\/v2\/comments?post=867"}],"version-history":[{"count":0,"href":"https:\/\/katedry.pf.jcu.cz\/kma\/wp-json\/wp\/v2\/pages\/867\/revisions"}],"wp:attachment":[{"href":"https:\/\/katedry.pf.jcu.cz\/kma\/wp-json\/wp\/v2\/media?parent=867"}],"curies":[{"name":"wp","href":"https:\/\/api.w.org\/{rel}","templated":true}]}}