{"id":864,"date":"2021-04-27T13:01:45","date_gmt":"2021-04-27T12:01:45","guid":{"rendered":"https:\/\/katedry.pf.jcu.cz\/kma\/?page_id=864"},"modified":"2023-09-19T09:10:13","modified_gmt":"2023-09-19T08:10:13","slug":"zajimave-vysledky-tvurci-cinnosti-katedry-kma","status":"publish","type":"page","link":"https:\/\/katedry.pf.jcu.cz\/kma\/zajimave-vysledky-tvurci-cinnosti-katedry-kma\/","title":{"rendered":"Zaj\u00edmav\u00e9 v\u00fdsledky tv\u016fr\u010d\u00ed \u010dinnosti katedry KMA"},"content":{"rendered":"<style>\nli {text-align: center;}<br \/><\/style>\n<h2>Zaj\u00edmav\u00e9 v\u00fdsledky tv\u016fr\u010d\u00ed \u010dinnosti katedry KMA<\/h2>\n<p>&nbsp;<\/p>\n<h3>Nov\u00e9 publikace<\/h3>\n<p>&nbsp;<\/p>\n<div style=\"width: 1200px; margin-left: auto; margin-right: auto;\">\n<ul>\n<li style=\"list-style-type: none;\">\n<ul>\n<li style=\"text-align: left;\">P. Tlust\u00fd, M. Huclov\u00e1: <a href=\"https:\/\/katedry.pf.jcu.cz\/kma\/matsnadhledem9\">Matematika 9 s nadhledem 2v1<\/a><\/li>\n<\/ul>\n<\/li>\n<\/ul>\n<p style=\"text-align: center;\"><img decoding=\"async\" class=\"aligncenter\" style=\"text-align: center;\" src=\"https:\/\/katedry.pf.jcu.cz\/kma\/wp-content\/uploads\/2021\/04\/10M9.jpg\" width=\"25%\" \/><br \/>\nHybridn\u00ed pracovn\u00ed se\u0161it<br \/>\nISBN: 978-80-7489-518-0<br \/>\nPo\u010det str\u00e1nek 128<br \/>\nRok vyd\u00e1n\u00ed 2020<\/p>\n<ul>\n<li style=\"list-style-type: none;\">\n<ul>\n<li style=\"text-align: left;\">P. Tlust\u00fd, M. Huclov\u00e1: <a href=\"https:\/\/katedry.pf.jcu.cz\/kma\/matsnadhledem8\">Matematika 8 s nadhledem 2v1<\/a><\/li>\n<\/ul>\n<\/li>\n<\/ul>\n<p style=\"text-align: center;\"><img decoding=\"async\" class=\"aligncenter\" style=\"text-align: center;\" src=\"https:\/\/katedry.pf.jcu.cz\/kma\/wp-content\/uploads\/2021\/04\/9M8.jpg\" width=\"25%\" \/><br \/>\nHybridn\u00ed pracovn\u00ed se\u0161it<br \/>\nISBN 978-80-7489-517-3<br \/>\nPo\u010det str\u00e1nek 128<br \/>\nRok vyd\u00e1n\u00ed 2020<\/p>\n<ul>\n<li style=\"list-style-type: none;\">\n<ul>\n<li style=\"text-align: left;\">P. Tlust\u00fd: <a href=\"https:\/\/katedry.pf.jcu.cz\/kma\/matsnadhledem14\">Matematika s nadhledem od prv\u00e1ku k maturit\u011b, 14. d\u00edl Posloupnosti a \u0159ady<\/a><\/li>\n<\/ul>\n<\/li>\n<\/ul>\n<p style=\"text-align: center;\"><img decoding=\"async\" class=\"aligncenter\" style=\"text-align: center;\" src=\"https:\/\/katedry.pf.jcu.cz\/kma\/wp-content\/uploads\/2021\/04\/6posloupnosti.jpg\" width=\"25%\" \/><br \/>\nHybridn\u00ed u\u010debnice<br \/>\nISBN 978-80-7489-531-9<br \/>\nPo\u010det str\u00e1nek 56<br \/>\nRok vyd\u00e1n\u00ed 2020<\/p>\n<ul>\n<li style=\"list-style-type: none;\">\n<ul>\n<li style=\"text-align: left;\">P. Tlust\u00fd: <a href=\"https:\/\/katedry.pf.jcu.cz\/kma\/matsnadhledem13\">Matematika s nadhledem od prv\u00e1ku k maturit\u011b, 13. d\u00edl Kombinatorika, Pravd\u011bpodobnost a statistika<\/a><\/li>\n<\/ul>\n<\/li>\n<\/ul>\n<p style=\"text-align: center;\"><img decoding=\"async\" class=\"aligncenter\" style=\"text-align: center;\" src=\"https:\/\/katedry.pf.jcu.cz\/kma\/wp-content\/uploads\/2021\/04\/5Kombi.jpg\" width=\"25%\" \/><br \/>\nHybridn\u00ed u\u010debnice<br \/>\nISBN 978-80-7489-530-2<br \/>\nPo\u010det str\u00e1nek 100<br \/>\nRok vyd\u00e1n\u00ed 2020<\/p>\n<ul>\n<li style=\"list-style-type: none;\">\n<ul>\n<li style=\"text-align: left;\">H. Koldov\u00e1, V. Petr\u00e1\u0161kov\u00e1, J. Novotn\u00e1, H. Moraov\u00e1, L. Samkov\u00e1, D. Jord\u00e1nov\u00e1, M. Kazda, H. Reslov\u00e1: <a href=\"https:\/\/katedry.pf.jcu.cz\/kma\/integrovanavyuka\">Integrovan\u00e1 v\u00fduka z pohledu v\u00fduky matematiky<\/a><\/li>\n<\/ul>\n<\/li>\n<\/ul>\n<p style=\"text-align: center;\"><img decoding=\"async\" class=\"aligncenter\" style=\"text-align: center;\" src=\"https:\/\/katedry.pf.jcu.cz\/kma\/wp-content\/uploads\/2021\/04\/ObalkaIntegrovanaVyuka.jpg\" width=\"25%\" \/><\/p>\n<ul>\n<li style=\"list-style-type: none;\">\n<ul>\n<li style=\"text-align: left;\">L. Samkov\u00e1: <a href=\"https:\/\/katedry.pf.jcu.cz\/kma\/conceptcartoons\"> Metoda\u00a0Concept Cartoons<\/a><\/li>\n<\/ul>\n<\/li>\n<\/ul>\n<p style=\"text-align: center;\"><img decoding=\"async\" class=\"aligncenter\" style=\"text-align: center;\" src=\"https:\/\/katedry.pf.jcu.cz\/kma\/wp-content\/uploads\/2020\/11\/obalka.png\" width=\"25%\" \/><\/p>\n<ul>\n<li style=\"list-style-type: none;\">\n<ul>\n<li style=\"text-align: left;\">P. Tlust\u00fd, M. Huclov\u00e1: <a href=\"https:\/\/katedry.pf.jcu.cz\/kma\/matsnadhledem7\">Matematika 7 s nadhledem 2v1<\/a><\/li>\n<\/ul>\n<\/li>\n<\/ul>\n<p style=\"text-align: center;\"><img decoding=\"async\" class=\"aligncenter\" style=\"text-align: center;\" src=\"https:\/\/katedry.pf.jcu.cz\/kma\/wp-content\/uploads\/2021\/04\/8M7.jpg\" width=\"25%\" \/><br \/>\nHybridn\u00ed pracovn\u00ed se\u0161it<br \/>\nISBN 978-80-7489-479-4<br \/>\nPo\u010det str\u00e1nek 128<br \/>\nRok vyd\u00e1n\u00ed 2019<\/p>\n<ul>\n<li style=\"list-style-type: none;\">\n<ul>\n<li style=\"text-align: left;\">P. Tlust\u00fd: <a href=\"https:\/\/katedry.pf.jcu.cz\/kma\/matsnadhledem6\">Matematika 6 s nadhledem 2v1<\/a><\/li>\n<\/ul>\n<\/li>\n<\/ul>\n<p style=\"text-align: center;\"><img decoding=\"async\" class=\"aligncenter\" style=\"text-align: center;\" src=\"https:\/\/katedry.pf.jcu.cz\/kma\/wp-content\/uploads\/2021\/04\/7M6.jpg\" width=\"25%\" \/><br \/>\nHybridn\u00ed pracovn\u00ed se\u0161it<br \/>\nUnik\u00e1tn\u00ed propojen\u00ed na online procvi\u010dov\u00e1n\u00ed a testov\u00e1n\u00ed nab\u00edz\u00ed okam\u017eitou zp\u011btnou vazbu. Obsahuje pozvolnou p\u0159\u00edpravu na p\u0159ij\u00edmac\u00ed zkou\u0161ky, mo\u017enost sebehodnocen\u00ed, rozmanit\u00e9 \u00fakoly pro lep\u0161\u00ed zvl\u00e1dnut\u00ed u\u010diva matematiky.<br \/>\nISBN 978-80-7489-478-7<br \/>\nPo\u010det str\u00e1nek 128<br \/>\nRok vyd\u00e1n\u00ed 2019<\/p>\n<ul>\n<li style=\"list-style-type: none;\">\n<ul>\n<li style=\"text-align: left;\">P. Tlust\u00fd, E. Pomykalov\u00e1: <a href=\"https:\/\/katedry.pf.jcu.cz\/kma\/matsnadhledem9\">Matematika s nadhledem od prv\u00e1ku k maturit\u011b, 9. d\u00edl Goniometrie a trigonometrie<\/a><\/li>\n<\/ul>\n<\/li>\n<\/ul>\n<p style=\"text-align: center;\"><img decoding=\"async\" class=\"aligncenter\" style=\"text-align: center;\" src=\"https:\/\/katedry.pf.jcu.cz\/kma\/wp-content\/uploads\/2021\/04\/4goniometrie.jpg\" width=\"25%\" \/><br \/>\nHybridn\u00ed u\u010debnice<br \/>\nUnik\u00e1tn\u00ed propojen\u00ed na online procvi\u010dov\u00e1n\u00ed a testov\u00e1n\u00ed nab\u00edz\u00ed okam\u017eitou zp\u011btnou vazbu. Obsahuje pozvolnou p\u0159\u00edpravu na p\u0159ij\u00edmac\u00ed zkou\u0161ky, mo\u017enost sebehodnocen\u00ed, rozmanit\u00e9 \u00fakoly pro lep\u0161\u00ed zvl\u00e1dnut\u00ed u\u010diva matematiky.<br \/>\nISBN 978-80-7489-497-8<br \/>\nPo\u010det str\u00e1nek 116<br \/>\nRok vyd\u00e1n\u00ed 2019<\/p>\n<ul>\n<li style=\"list-style-type: none;\">\n<ul>\n<li style=\"text-align: left;\">P. Tlust\u00fd:<a href=\"https:\/\/katedry.pf.jcu.cz\/kma\/matsnadhledem5\">Matematika s nadhledem od prv\u00e1ku k maturit\u011b, 5. d\u00edl Funkce<\/a><\/li>\n<\/ul>\n<\/li>\n<\/ul>\n<p style=\"text-align: center;\"><img decoding=\"async\" class=\"aligncenter\" style=\"text-align: center;\" src=\"https:\/\/katedry.pf.jcu.cz\/kma\/wp-content\/uploads\/2021\/04\/3funkce.jpg\" width=\"25%\" \/><br \/>\nHybridn\u00ed u\u010debnice<br \/>\nISBN 978-80-7489-493-0<br \/>\nPo\u010det str\u00e1nek 100<br \/>\nRok vyd\u00e1n\u00ed 2019<\/p>\n<ul>\n<li style=\"list-style-type: none;\">\n<ul>\n<li style=\"text-align: left;\">P. Tlust\u00fd, E. Fuchs:<a href=\"https:\/\/katedry.pf.jcu.cz\/kma\/matsnadhledem1\">Matematika s nadhledem od prv\u00e1ku k maturit\u011b, 1. d\u00edl \u010c\u00edseln\u00e9 obory, mno\u017einy<\/a><\/li>\n<\/ul>\n<\/li>\n<\/ul>\n<p style=\"text-align: center;\"><img decoding=\"async\" class=\"aligncenter\" style=\"text-align: center;\" src=\"https:\/\/katedry.pf.jcu.cz\/kma\/wp-content\/uploads\/2021\/04\/2\u010d\u00edseln\u00e9-obory.jpg\" width=\"25%\" \/><br \/>\nHybridn\u00ed u\u010debnice<\/p>\n<p style=\"text-align: center;\">NOMINACE BELMA 2019<br \/>\nS\u00e9rie u\u010debnic Matematika s nadhledem od prv\u00e1ku k maturit\u011b byla vybr\u00e1na do neju\u017e\u0161\u00edho v\u00fdb\u011bru finalist\u016f pro nejlep\u0161\u00ed evropskou u\u010debnici BELMA 2019.<\/p>\n<p style=\"text-align: center;\">\u0158ada u\u010debnic matematiky tematicky pokr\u00fdvaj\u00edc\u00ed st\u0159edo\u0161kolsk\u00e9 u\u010divo pot\u0159ebn\u00e9 ke slo\u017een\u00ed povinn\u00e9 maturitn\u00ed zkou\u0161ky z matematiky nav\u00edc s online procvi\u010dov\u00e1n\u00edm ZDARMA. 1. d\u00edl je zam\u011b\u0159en\u00fd na \u010d\u00edseln\u00e9 obory a mno\u017einy.<\/p>\n<p style=\"text-align: center;\">ISBN 978-80-7489-489-3<br \/>\nPo\u010det str\u00e1nek 96<br \/>\nRok vyd\u00e1n\u00ed 2019<\/p>\n<ul>\n<li style=\"list-style-type: none;\">\n<ul>\n<li style=\"text-align: left;\">J. Bla\u017eek, R. Ha\u0161ek, A. Ho\u0161pesov\u00e1, J. Ka\u0148kov\u00e1, M. Ko\u0161inov\u00e1, S. Koenigsmarkov\u00e1, M. Kotlasov\u00e1, L. Ne\u010deda, P. Pech, V. Petr\u00e1\u0161kov\u00e1, P. Rosa, M. Tich\u00e1, J. Van\u00ed\u010dek : <a href=\"https:\/\/katedry.pf.jcu.cz\/kma\/wp-content\/uploads\/2021\/04\/2018_GAJU_Reseni_problemu.pdf\">\u0158e\u0161en\u00ed probl\u00e9m\u016f jako jedna z kl\u00ed\u010dov\u00fdch kompetenc\u00ed ve v\u00fduce matematiky a informatiky<\/a><\/li>\n<\/ul>\n<\/li>\n<\/ul>\n<p style=\"text-align: center;\"><img decoding=\"async\" class=\"aligncenter\" style=\"text-align: center;\" src=\"https:\/\/katedry.pf.jcu.cz\/kma\/wp-content\/uploads\/2021\/04\/ResProb.jpg\" width=\"25%\" \/><\/p>\n<ul>\n<li style=\"list-style-type: none;\">\n<ul>\n<li style=\"text-align: left;\">P. Tlust\u00fd, L. Koudela, E. Fuchs, P. Kone\u010dn\u00e1: <a href=\"https:\/\/katedry.pf.jcu.cz\/kma\/svetmatapl\">Sv\u011bt matematick\u00fdch aplikac\u00ed<\/a><\/li>\n<\/ul>\n<\/li>\n<\/ul>\n<p style=\"text-align: center;\"><img decoding=\"async\" class=\"aligncenter\" style=\"text-align: center;\" src=\"https:\/\/katedry.pf.jcu.cz\/kma\/wp-content\/uploads\/2021\/04\/11JCMF.jpg\" width=\"25%\" \/><\/p>\n<p style=\"text-align: center;\">ISBN 978-80-7015-033-7<br \/>\nPo\u010det str\u00e1nek 242<br \/>\nNakladatel: J\u010cMF: Praha 2018<\/p>\n<ul>\n<li style=\"list-style-type: none;\">\n<ul>\n<li style=\"text-align: left;\">P. Tlust\u00fd: <a href=\"https:\/\/katedry.pf.jcu.cz\/kma\/kazdydensmat\">Ka\u017ed\u00fd den s matematikou<\/a><\/li>\n<\/ul>\n<\/li>\n<\/ul>\n<p style=\"text-align: center;\"><img decoding=\"async\" class=\"aligncenter\" style=\"text-align: center;\" src=\"https:\/\/katedry.pf.jcu.cz\/kma\/wp-content\/uploads\/2021\/04\/1ka\u017ed\u00fd-den.jpg\" width=\"25%\" \/><\/p>\n<p style=\"text-align: center;\">Soubor logick\u00fdch \u00faloh, zaj\u00edmav\u00fdch h\u0159\u00ed\u010dek a grafick\u00fdch h\u00e1danek.<br \/>\nISBN 978-80-7489-404-6<br \/>\nPo\u010det str\u00e1nek 148<br \/>\nRok vyd\u00e1n\u00ed 2018<br \/>\nNakladatelstv\u00ed FRAUS<\/p>\n<ul>\n<li style=\"list-style-type: none;\">\n<ul>\n<li style=\"text-align: left;\">A. P\u0141OCKI a P. TLUST\u00dd.: <a href=\"https:\/\/katedry.pf.jcu.cz\/kma\/kombinatorikavukol\">Kombinatoryka wok\u00f3\u0142 nas<\/a><\/li>\n<\/ul>\n<\/li>\n<\/ul>\n<p style=\"text-align: center;\"><img decoding=\"async\" class=\"aligncenter\" style=\"text-align: center;\" src=\"https:\/\/katedry.pf.jcu.cz\/kma\/wp-content\/uploads\/2021\/04\/12kombi.jpg\" width=\"25%\" \/><\/p>\n<p style=\"text-align: center;\">3. p\u0159epracovan\u00e9 vyd\u00e1n\u00ed<br \/>\nISBN 978-83-65451-27-9<br \/>\nPo\u010det str\u00e1nek 403<br \/>\nNakladatel: P\u0142ock: Wydawnictwo Naukowe Novum, 2017.<\/p>\n<ul>\n<li style=\"list-style-type: none;\">\n<ul>\n<li style=\"text-align: left;\">R. Ha\u0161ek, V. Petr\u00e1\u0161kov\u00e1: In\u00a0Aprea, C.,Wuttke, E.,Breuer,K.,Koh,N.K.,Davies, P.,Greimel-Fuhrmann,B., et al.\u00a0<a href=\"https:\/\/katedry.pf.jcu.cz\/kma\/inthandfinlit\"> International Handbook of Financial Literacy<\/a><\/li>\n<\/ul>\n<\/li>\n<\/ul>\n<p style=\"text-align: center;\"><img decoding=\"async\" class=\"aligncenter\" style=\"text-align: center;\" src=\"https:\/\/katedry.pf.jcu.cz\/kma\/wp-content\/uploads\/2021\/04\/IntHandFinLit.jpg\" width=\"25%\" \/><\/p>\n<\/div>\n","protected":false},"excerpt":{"rendered":"<p>Zaj\u00edmav\u00e9 v\u00fdsledky tv\u016fr\u010d\u00ed \u010dinnosti katedry KMA &nbsp; Nov\u00e9 publikace &nbsp; P. Tlust\u00fd, M. Huclov\u00e1: Matematika 9 s nadhledem 2v1 Hybridn\u00ed&#8230;<\/p>\n","protected":false},"author":7,"featured_media":0,"parent":0,"menu_order":0,"comment_status":"closed","ping_status":"closed","template":"","meta":{"footnotes":""},"class_list":["post-864","page","type-page","status-publish","hentry"],"_links":{"self":[{"href":"https:\/\/katedry.pf.jcu.cz\/kma\/wp-json\/wp\/v2\/pages\/864","targetHints":{"allow":["GET"]}}],"collection":[{"href":"https:\/\/katedry.pf.jcu.cz\/kma\/wp-json\/wp\/v2\/pages"}],"about":[{"href":"https:\/\/katedry.pf.jcu.cz\/kma\/wp-json\/wp\/v2\/types\/page"}],"author":[{"embeddable":true,"href":"https:\/\/katedry.pf.jcu.cz\/kma\/wp-json\/wp\/v2\/users\/7"}],"replies":[{"embeddable":true,"href":"https:\/\/katedry.pf.jcu.cz\/kma\/wp-json\/wp\/v2\/comments?post=864"}],"version-history":[{"count":0,"href":"https:\/\/katedry.pf.jcu.cz\/kma\/wp-json\/wp\/v2\/pages\/864\/revisions"}],"wp:attachment":[{"href":"https:\/\/katedry.pf.jcu.cz\/kma\/wp-json\/wp\/v2\/media?parent=864"}],"curies":[{"name":"wp","href":"https:\/\/api.w.org\/{rel}","templated":true}]}}