{"id":823,"date":"2020-11-27T22:37:09","date_gmt":"2020-11-27T21:37:09","guid":{"rendered":"https:\/\/katedry.pf.jcu.cz\/kma\/?page_id=823"},"modified":"2023-09-25T10:47:18","modified_gmt":"2023-09-25T09:47:18","slug":"conceptcartoons","status":"publish","type":"page","link":"https:\/\/katedry.pf.jcu.cz\/kma\/conceptcartoons\/","title":{"rendered":"ConceptCartoons"},"content":{"rendered":"<h1>Nov\u00e1 kniha L. Samkov\u00e9: Metoda Concept Cartoons<\/h1>\n<p>&nbsp;<\/p>\n<table class=\" aligncenter\" style=\"height: 396px;\" width=\"298\">\n<tbody>\n<tr style=\"height: 378.542px;\">\n<td style=\"width: 288.667px; background-color: #ababab; height: 378.542px;\"><a href=\"https:\/\/katedry.pf.jcu.cz\/kma\/wp-content\/uploads\/2023\/09\/obalka-1.tif\">https:\/\/katedry.pf.jcu.cz\/kma\/wp-content\/uploads\/2023\/09\/obalka.tif<\/a><\/td>\n<\/tr>\n<\/tbody>\n<\/table>\n<p><!-- width=\"250\" height=\"300\" <be> --><\/p>\n<p style=\"text-align: justify;\">V\u00a0z\u00e1\u0159\u00ed 2020 vy\u0161la v nakladatelstv\u00ed Pedagogick\u00e9 fakulty Jiho\u010desk\u00e9 univerzity v\u00a0\u010cesk\u00fdch Bud\u011bjovic\u00edch prvn\u00ed kniha edi\u010dn\u00ed \u0159ady <strong>Seria Pedagogica et Psychologica<\/strong> (<em>Cesty k\u00a0pedagogicko-psychologick\u00e9mu pozn\u00e1n\u00ed<\/em>). Kniha m\u00e1 n\u00e1zev <strong>Metoda Concept Cartoons<\/strong> a jej\u00ed autorkou je <em>RNDr. Libu\u0161e Samkov\u00e1, Ph.D.<\/em> z\u00a0katedry matematiky PF JU.<\/p>\n<p>&nbsp;<\/p>\n<p style=\"text-align: justify;\">Kniha se v\u011bnuje v\u00fdukov\u00e9 pom\u016fcce zvan\u00e9 Concept Cartoons a mo\u017enostem jej\u00edho vyu\u017eit\u00ed v\u00a0matematick\u00e9m vzd\u011bl\u00e1v\u00e1n\u00ed na <strong>z\u00e1kladn\u00ed \u0161kole<\/strong> a v profesn\u00ed <strong>p\u0159\u00edprav\u011b budouc\u00edch u\u010ditel\u016f<\/strong>. Concept Cartoons jsou <strong>obr\u00e1zky situac\u00ed<\/strong> souvisej\u00edc\u00edch s prob\u00edran\u00fdm u\u010divem a n\u011bkolika d\u011bt\u00ed, kter\u00e9 prost\u0159ednictv\u00edm <strong>bublinov\u00e9ho rozhovoru<\/strong> o situac\u00edch diskutuj\u00ed. N\u011bkter\u00e9 n\u00e1zory v\u00a0bublin\u00e1ch jsou <span style=\"color: #339966;\"><strong>spr\u00e1vn\u00e9<\/strong><\/span>, n\u011bkter\u00e9 <span style=\"color: #ff0000;\"><strong>nespr\u00e1vn\u00e9<\/strong><\/span>. <em>Naylor a Keoghov\u00e1<\/em> rozpracovali a ov\u011b\u0159ili metodu, jak Concept Cartoons pou\u017e\u00edvat jako v\u00fdukovou pom\u016fcku na z\u00e1kladn\u00ed \u0161kole, k <strong>podpo\u0159e motivace \u017e\u00e1k\u016f<\/strong> a jejich <strong>zapojen\u00ed do v\u00fduky<\/strong>. <strong>Autorka<\/strong> t\u00e9to knihy <em>rozpracovala a ov\u011b\u0159ila<\/em> <strong>novou metodu<\/strong>, kter\u00e1 Concept Cartoons vyu\u017e\u00edv\u00e1 v profesn\u00ed p\u0159\u00edprav\u011b budouc\u00edch u\u010ditel\u016f k\u00a0<strong>diagnostice<\/strong> jejich <strong>znalost\u00ed matematick\u00e9ho obsahu<\/strong> a <strong>didaktick\u00fdch znalost\u00ed matematick\u00e9ho obsahu<\/strong>. Kniha p\u0159edstavuje v\u00fdukovou pom\u016fcku, p\u016fvodn\u00ed metodu Naylora a Keoghov\u00e9, <em>typologii \u00faloh<\/em> Concept Cartoons podle r\u016fzn\u00fdch hledisek, <em>n\u00e1vod na tvorbu nov\u00fdch \u00faloh<\/em> Concept Cartoons a samoz\u0159ejm\u011b i onu novou diagnostickou metodu (podrobn\u011b, v\u010detn\u011b <strong>realizovan\u00e9ho pedagogick\u00e9ho v\u00fdzkumu<\/strong>). Sou\u010d\u00e1st\u00ed knihy je <strong>32 ilustra\u010dn\u00edch obr\u00e1zk\u016f<\/strong> Concept Cartoons, ka\u017ed\u00fd podrobn\u011b rozpracovan\u00fd.<\/p>\n<p>&nbsp;<\/p>\n<p style=\"text-align: justify;\">Pro koho je kniha ur\u010dena: pro <em>budouc\u00ed u\u010ditele<\/em>, <em>u\u010ditele<\/em>, <em>autory u\u010debnic<\/em>, <em>pedagogy<\/em>\u00a0 a <em>didaktiky<\/em> profesn\u011b p\u0159ipravuj\u00edc\u00ed u\u010ditele, <em>v\u00fdzkumn\u00edky<\/em> a <em>akademick\u00e9 pracovn\u00edky<\/em> zaj\u00edmaj\u00edc\u00ed se o profesn\u00ed p\u0159\u00edpravu u\u010ditel\u016f.<\/p>\n<p>&nbsp;<\/p>\n<p style=\"text-align: justify;\">Nikdy jste se s Concept Cartoons nesetkali? Pro\u010dt\u011bte si n\u00e1sleduj\u00edc\u00ed <strong>\u010dl\u00e1nek<\/strong>, ve kter\u00e9m je <strong>n\u011bkolik obr\u00e1zk\u016f<\/strong> <em>Concept Cartoons<\/em> p\u0159edstaveno : <a href=\"http:\/\/ojs.cuni.cz\/scied\/article\/view\/254\">http:\/\/ojs.cuni.cz\/scied\/article\/view\/254<\/a>.<\/p>\n<p>&nbsp;<\/p>\n<p>Knihu je mo\u017en\u00e9 <strong>zakoupit<\/strong> v\u00a0<u>prodejn\u011b skript Akademick\u00e9 knihovny JU<\/u>: <a href=\"http:\/\/www.lib.jcu.cz\/nase-sluzby\/prodejna-skript\">http:\/\/www.lib.jcu.cz\/nase-sluzby\/prodejna-skript<\/a>\u00a0nebo v e-shopu JU\u00a0<a id=\"LPlnk672604\" href=\"http:\/\/eshop.jcu.cz\/simplifyworks\/eoc\/product\/1387581\" target=\"_blank\" rel=\"noopener noreferrer\" data-auth=\"NotApplicable\" data-linkindex=\"0\">http:\/\/eshop.jcu.cz\/simplifyworks\/eoc\/product\/1387581<\/a>.<\/p>\n","protected":false},"excerpt":{"rendered":"<p>Nov\u00e1 kniha L. Samkov\u00e9: Metoda Concept Cartoons &nbsp; https:\/\/katedry.pf.jcu.cz\/kma\/wp-content\/uploads\/2023\/09\/obalka.tif V\u00a0z\u00e1\u0159\u00ed 2020 vy\u0161la v nakladatelstv\u00ed Pedagogick\u00e9 fakulty Jiho\u010desk\u00e9 univerzity v\u00a0\u010cesk\u00fdch Bud\u011bjovic\u00edch&#8230;<\/p>\n","protected":false},"author":7,"featured_media":0,"parent":0,"menu_order":0,"comment_status":"closed","ping_status":"closed","template":"","meta":{"footnotes":""},"class_list":["post-823","page","type-page","status-publish","hentry"],"_links":{"self":[{"href":"https:\/\/katedry.pf.jcu.cz\/kma\/wp-json\/wp\/v2\/pages\/823","targetHints":{"allow":["GET"]}}],"collection":[{"href":"https:\/\/katedry.pf.jcu.cz\/kma\/wp-json\/wp\/v2\/pages"}],"about":[{"href":"https:\/\/katedry.pf.jcu.cz\/kma\/wp-json\/wp\/v2\/types\/page"}],"author":[{"embeddable":true,"href":"https:\/\/katedry.pf.jcu.cz\/kma\/wp-json\/wp\/v2\/users\/7"}],"replies":[{"embeddable":true,"href":"https:\/\/katedry.pf.jcu.cz\/kma\/wp-json\/wp\/v2\/comments?post=823"}],"version-history":[{"count":0,"href":"https:\/\/katedry.pf.jcu.cz\/kma\/wp-json\/wp\/v2\/pages\/823\/revisions"}],"wp:attachment":[{"href":"https:\/\/katedry.pf.jcu.cz\/kma\/wp-json\/wp\/v2\/media?parent=823"}],"curies":[{"name":"wp","href":"https:\/\/api.w.org\/{rel}","templated":true}]}}