{"id":752,"date":"2020-11-11T11:26:31","date_gmt":"2020-11-11T10:26:31","guid":{"rendered":"https:\/\/katedry.pf.jcu.cz\/kma\/?page_id=752"},"modified":"2023-09-19T09:04:06","modified_gmt":"2023-09-19T08:04:06","slug":"dvumaterial-3","status":"publish","type":"page","link":"https:\/\/katedry.pf.jcu.cz\/kma\/dvumaterial-3\/","title":{"rendered":"DVUmaterial"},"content":{"rendered":"<h1>DVUmateri\u00e1l<\/h1>\n<div id=\"view\">\n<div id=\"content\">\n<div id=\"contentBlock\">\n<div class=\"item last\">\n<p>Katedra matematiky<\/p>\n<p><span style=\"font-size: small;\">Materi\u00e1ly pro \u00fa\u010dastn\u00edky DVU Modrava<\/span><\/p>\n<p>Prezentace z DVU: <a href=\"http:\/\/home.pf.jcu.cz\/~mkobera\/Fibo\/Samkov\u00e1.rar\">Samkov\u00e1<\/a> <a href=\"http:\/\/home.pf.jcu.cz\/~mkobera\/Fibo\/Kantorky.rar\">Kantorky plus BVV<\/a><\/p>\n<p>On-line vstupn\u00ed dotazn\u00edk projektu Fibonacci: <a href=\"https:\/\/www.surveymonkey.com\/s\/teachers_confidence_to_teach_IBSME\">Dotazn\u00edk pro u\u010ditele<\/a>.<\/p>\n<div align=\"center\"><img decoding=\"async\" title=\"FP7 logo\" src=\"https:\/\/katedry.pf.jcu.cz\/kma\/wp-content\/uploads\/2020\/09\/FP7.gif\" height=\"70\" \/> <img decoding=\"async\" title=\"Fibo logo\" src=\"https:\/\/katedry.pf.jcu.cz\/kma\/wp-content\/uploads\/2020\/09\/logo.gif\" height=\"90\" \/><br \/>\n<img decoding=\"async\" title=\"EU emblem\" src=\"https:\/\/katedry.pf.jcu.cz\/kma\/wp-content\/uploads\/2020\/09\/EU.gif\" height=\"70\" \/><\/div>\n<\/div>\n<\/div>\n<\/div>\n<\/div>\n","protected":false},"excerpt":{"rendered":"<p>DVUmateri\u00e1l Katedra matematiky Materi\u00e1ly pro \u00fa\u010dastn\u00edky DVU Modrava Prezentace z DVU: Samkov\u00e1 Kantorky plus BVV On-line vstupn\u00ed dotazn\u00edk projektu Fibonacci:&#8230;<\/p>\n","protected":false},"author":7,"featured_media":0,"parent":0,"menu_order":0,"comment_status":"closed","ping_status":"closed","template":"","meta":{"footnotes":""},"class_list":["post-752","page","type-page","status-publish","hentry"],"_links":{"self":[{"href":"https:\/\/katedry.pf.jcu.cz\/kma\/wp-json\/wp\/v2\/pages\/752","targetHints":{"allow":["GET"]}}],"collection":[{"href":"https:\/\/katedry.pf.jcu.cz\/kma\/wp-json\/wp\/v2\/pages"}],"about":[{"href":"https:\/\/katedry.pf.jcu.cz\/kma\/wp-json\/wp\/v2\/types\/page"}],"author":[{"embeddable":true,"href":"https:\/\/katedry.pf.jcu.cz\/kma\/wp-json\/wp\/v2\/users\/7"}],"replies":[{"embeddable":true,"href":"https:\/\/katedry.pf.jcu.cz\/kma\/wp-json\/wp\/v2\/comments?post=752"}],"version-history":[{"count":0,"href":"https:\/\/katedry.pf.jcu.cz\/kma\/wp-json\/wp\/v2\/pages\/752\/revisions"}],"wp:attachment":[{"href":"https:\/\/katedry.pf.jcu.cz\/kma\/wp-json\/wp\/v2\/media?parent=752"}],"curies":[{"name":"wp","href":"https:\/\/api.w.org\/{rel}","templated":true}]}}