{"id":75,"date":"2017-10-22T16:06:38","date_gmt":"2017-10-22T16:06:38","guid":{"rendered":"http:\/\/yodo.one\/?page_id=75"},"modified":"2025-02-25T09:54:58","modified_gmt":"2025-02-25T08:54:58","slug":"aktuality","status":"publish","type":"page","link":"https:\/\/katedry.pf.jcu.cz\/kma\/aktuality\/","title":{"rendered":"Aktuality"},"content":{"rendered":"<ul>\n<li>Ozn\u00e1men p\u0159\u00edm\u011bstsk\u00fd t\u00e1bor pro \u0161kol\u00e1ky 2025. V\u00edce <a href=\"https:\/\/katedry.pf.jcu.cz\/kma\/prispevek\/primestsky-tabor-pro-skolaky-2025\/\">zde<\/a>.<\/li>\n<li>Vyhl\u00e1\u0161eno fakultn\u00ed kolo sout\u011b\u017ee SVO\u010c 2025 v didaktice matematiky. V\u00edce informac\u00ed <a href=\"https:\/\/katedry.pf.jcu.cz\/kma\/prispevek\/fakultni-kolo-souteze-svoc-2025-v-didaktice-matematiky\/\">zde<\/a>.<\/li>\n<li>P\u0159ipravujeme mezin\u00e1rodn\u00ed den matematiky-den P\u00ed. V\u00edce informac\u00ed <a href=\"https:\/\/katedry.pf.jcu.cz\/kma\/prispevek\/mezinarodni-den-pi-2025\/\">zde<\/a>.<\/li>\n<li>Uskute\u010dnila se konference Vzd\u011bl\u00e1v\u00e1n\u00ed ve STEM. V\u00edce informac\u00ed <a href=\"https:\/\/home.pf.jcu.cz\/~stem\/2024\/\">zde<\/a>.<\/li>\n<\/ul>\n","protected":false},"excerpt":{"rendered":"<p>Ozn\u00e1men p\u0159\u00edm\u011bstsk\u00fd t\u00e1bor pro \u0161kol\u00e1ky 2025. V\u00edce zde. Vyhl\u00e1\u0161eno fakultn\u00ed kolo sout\u011b\u017ee SVO\u010c 2025 v didaktice matematiky. V\u00edce informac\u00ed zde&#8230;.<\/p>\n","protected":false},"author":1,"featured_media":0,"parent":0,"menu_order":0,"comment_status":"closed","ping_status":"closed","template":"","meta":{"footnotes":""},"class_list":["post-75","page","type-page","status-publish","hentry"],"_links":{"self":[{"href":"https:\/\/katedry.pf.jcu.cz\/kma\/wp-json\/wp\/v2\/pages\/75","targetHints":{"allow":["GET"]}}],"collection":[{"href":"https:\/\/katedry.pf.jcu.cz\/kma\/wp-json\/wp\/v2\/pages"}],"about":[{"href":"https:\/\/katedry.pf.jcu.cz\/kma\/wp-json\/wp\/v2\/types\/page"}],"author":[{"embeddable":true,"href":"https:\/\/katedry.pf.jcu.cz\/kma\/wp-json\/wp\/v2\/users\/1"}],"replies":[{"embeddable":true,"href":"https:\/\/katedry.pf.jcu.cz\/kma\/wp-json\/wp\/v2\/comments?post=75"}],"version-history":[{"count":0,"href":"https:\/\/katedry.pf.jcu.cz\/kma\/wp-json\/wp\/v2\/pages\/75\/revisions"}],"wp:attachment":[{"href":"https:\/\/katedry.pf.jcu.cz\/kma\/wp-json\/wp\/v2\/media?parent=75"}],"curies":[{"name":"wp","href":"https:\/\/api.w.org\/{rel}","templated":true}]}}