{"id":608,"date":"2020-09-24T11:52:39","date_gmt":"2020-09-24T10:52:39","guid":{"rendered":"https:\/\/katedry.pf.jcu.cz\/kma\/?page_id=608"},"modified":"2023-09-19T09:04:30","modified_gmt":"2023-09-19T08:04:30","slug":"envilisty-2","status":"publish","type":"page","link":"https:\/\/katedry.pf.jcu.cz\/kma\/envilisty-2\/","title":{"rendered":"envilisty"},"content":{"rendered":"<h2>Projekt Fibonacci<\/h2>\n<p><big>Uk\u00e1zky pracovn\u00edch list\u016f vytvo\u0159en\u00fdch a vyzkou\u0161en\u00fdch v r\u00e1mci projektu<\/big><br \/>\n<img decoding=\"async\" title=\"hallo\" src=\"https:\/\/katedry.pf.jcu.cz\/kma\/wp-content\/uploads\/2020\/11\/smile.gif\" height=\"14\" \/><a href=\"https:\/\/katedry.pf.jcu.cz\/kma\/wp-content\/uploads\/2020\/11\/circumf.pdf\">Obvod kruhu &#8212; Objeven\u00ed Ludolfova \u010d\u00edsla<\/a><br \/>\nSoubor Lud.ggb je k dispozici ke sta\u017een\u00ed<br \/>\n<a href=\"https:\/\/katedry.pf.jcu.cz\/kma\/wp-content\/uploads\/2020\/11\/Lud.zip\">(form\u00e1t .zip)<\/a><\/p>\n<p>Fotodokumentace &#8212; st\u016fl s p\u0159edm\u011bty: <a href=\"https:\/\/katedry.pf.jcu.cz\/kma\/wp-content\/uploads\/2020\/11\/stul1.jpg\">Obr.1<\/a> <a href=\"https:\/\/katedry.pf.jcu.cz\/kma\/wp-content\/uploads\/2020\/11\/stul2.jpg\">Obr.2<\/a><\/p>\n<p><img decoding=\"async\" title=\"hallo\" src=\"https:\/\/katedry.pf.jcu.cz\/kma\/wp-content\/uploads\/2020\/11\/smile.gif\" height=\"14\" \/><a href=\"https:\/\/katedry.pf.jcu.cz\/kma\/wp-content\/uploads\/2020\/11\/extremecz.pdf\">Extr\u00e9my funkc\u00ed &#8212; Vyu\u017eit\u00ed derivace v praktick\u00e9 \u00faloze<\/a><\/p>\n<p>Fotodokumentace &#8212; pr\u00e1ce ve t\u0159\u00edd\u011b: <a href=\"https:\/\/katedry.pf.jcu.cz\/kma\/wp-content\/uploads\/2020\/11\/hranol1.jpg\">Obr.1<\/a> <a href=\"https:\/\/katedry.pf.jcu.cz\/kma\/wp-content\/uploads\/2020\/11\/hranol2.jpg\">Obr.2<\/a> <a href=\"https:\/\/katedry.pf.jcu.cz\/kma\/wp-content\/uploads\/2020\/11\/hranol3.jpg\">Obr.3<\/a><\/p>\n<p>Vypln\u011bn\u00e9 listy: <a href=\"https:\/\/katedry.pf.jcu.cz\/kma\/wp-content\/uploads\/2020\/11\/strana1.jpg\">\u017d\u00e1k1 (1. strana)<\/a> <a href=\"https:\/\/katedry.pf.jcu.cz\/kma\/wp-content\/uploads\/2020\/11\/strana2.jpg\">\u017d\u00e1k1 (2. strana)<\/a> <a href=\"https:\/\/katedry.pf.jcu.cz\/kma\/wp-content\/uploads\/2020\/11\/strana3.jpg\">\u017d\u00e1k2 (1. strana)<\/a> <a href=\"https:\/\/katedry.pf.jcu.cz\/kma\/wp-content\/uploads\/2020\/11\/strana4.jpg\">\u017d\u00e1k2 (2. strana)<\/a><\/p>\n<p><img decoding=\"async\" title=\"hallo\" src=\"https:\/\/katedry.pf.jcu.cz\/kma\/wp-content\/uploads\/2020\/11\/smile.gif\" height=\"14\" \/><a href=\"https:\/\/katedry.pf.jcu.cz\/kma\/wp-content\/uploads\/2020\/11\/juniorcisla.pdf\">Jak velk\u00e1 jsou velk\u00e1 \u010d\u00edsla<\/a><\/p>\n<p><img decoding=\"async\" title=\"hallo\" src=\"https:\/\/katedry.pf.jcu.cz\/kma\/wp-content\/uploads\/2020\/11\/smile.gif\" height=\"14\" \/><a href=\"https:\/\/katedry.pf.jcu.cz\/kma\/wp-content\/uploads\/2020\/11\/mince.pdf\">Definice pravd\u011bpodobnosti &#8212; Mince<\/a><\/p>\n<p><img decoding=\"async\" title=\"hallo\" src=\"https:\/\/katedry.pf.jcu.cz\/kma\/wp-content\/uploads\/2020\/11\/smile.gif\" height=\"14\" \/><a href=\"https:\/\/katedry.pf.jcu.cz\/kma\/wp-content\/uploads\/2020\/11\/Farenheit.pdf\">Charakteristika line\u00e1rn\u00ed funkce &#8212; Celsius a spol.<\/a><\/p>\n<p><img decoding=\"async\" title=\"hallo\" src=\"https:\/\/katedry.pf.jcu.cz\/kma\/wp-content\/uploads\/2020\/11\/smile.gif\" height=\"14\" \/><a href=\"https:\/\/katedry.pf.jcu.cz\/kma\/wp-content\/uploads\/2020\/11\/Vlastnosti_fci.pdf\">Obecn\u00e9 vlastnosti funkce &#8212; Zkoum\u00e1n\u00ed charakteristik<\/a><\/p>\n<p><img decoding=\"async\" title=\"hallo\" src=\"https:\/\/katedry.pf.jcu.cz\/kma\/wp-content\/uploads\/2020\/11\/smile.gif\" height=\"14\" \/><a href=\"https:\/\/katedry.pf.jcu.cz\/kma\/wp-content\/uploads\/2020\/11\/pascal.pdf\">Pascal\u016fv troj\u00faheln\u00edk &#8212; Zkoum\u00e1n\u00ed vlastnost\u00ed kombina\u010dn\u00edch \u010d\u00edsel<\/a><\/p>\n<p><img decoding=\"async\" title=\"hallo\" src=\"https:\/\/katedry.pf.jcu.cz\/kma\/wp-content\/uploads\/2020\/11\/smile.gif\" height=\"14\" \/><a href=\"https:\/\/katedry.pf.jcu.cz\/kma\/wp-content\/uploads\/2020\/11\/kyslik.pdf\">Objem kysl\u00edku v u\u010debn\u011b<\/a><\/p>\n<p><img decoding=\"async\" title=\"hallo\" src=\"https:\/\/katedry.pf.jcu.cz\/kma\/wp-content\/uploads\/2020\/11\/smile.gif\" height=\"14\" \/><a href=\"https:\/\/katedry.pf.jcu.cz\/kma\/wp-content\/uploads\/2020\/11\/plice.pdf\">Vit\u00e1ln\u00ed kapacita plic<\/a><\/p>\n<p>Fotodokumentace: <a href=\"https:\/\/katedry.pf.jcu.cz\/kma\/wp-content\/uploads\/2020\/11\/kbelik.jpg\">Obr.1<\/a><br \/>\n<img decoding=\"async\" title=\"hallo\" src=\"https:\/\/katedry.pf.jcu.cz\/kma\/wp-content\/uploads\/2020\/11\/smile.gif\" height=\"14\" \/><a href=\"https:\/\/katedry.pf.jcu.cz\/kma\/wp-content\/uploads\/2020\/11\/elektrika.pdf\">Zpracov\u00e1n\u00ed dat &#8212; Spot\u0159eba elektrick\u00e9 energie v dom\u00e1cnosti<\/a><\/p>\n<p><img decoding=\"async\" title=\"hallo\" src=\"https:\/\/katedry.pf.jcu.cz\/kma\/wp-content\/uploads\/2020\/11\/smile.gif\" height=\"14\" \/><a href=\"https:\/\/katedry.pf.jcu.cz\/kma\/wp-content\/uploads\/2020\/11\/povodne.pdf\">Charakteristika line\u00e1rn\u00ed funkce &#8212; Role p\u0159ehrady p\u0159i povodn\u00edch<\/a><\/p>\n<p><img decoding=\"async\" title=\"hallo\" src=\"https:\/\/katedry.pf.jcu.cz\/kma\/wp-content\/uploads\/2020\/11\/smile.gif\" height=\"14\" \/><a href=\"https:\/\/katedry.pf.jcu.cz\/kma\/wp-content\/uploads\/2020\/11\/benzina.pdf\">Line\u00e1rn\u00ed funkce &#8212; Kde m\u00e1me natankovat benz\u00edn<\/a><\/p>\n<p>Vypln\u011bn\u00e9 listy: <a href=\"https:\/\/katedry.pf.jcu.cz\/kma\/wp-content\/uploads\/2020\/11\/fuel1.pdf\">\u017d\u00e1k1<\/a> <a href=\"https:\/\/katedry.pf.jcu.cz\/kma\/wp-content\/uploads\/2020\/11\/fuel2.pdf\">\u017d\u00e1k2<\/a> <a href=\"https:\/\/katedry.pf.jcu.cz\/kma\/wp-content\/uploads\/2020\/11\/fuel3.pdf\">\u017d\u00e1k3<\/a><\/p>\n<p><img decoding=\"async\" title=\"hallo\" src=\"https:\/\/katedry.pf.jcu.cz\/kma\/wp-content\/uploads\/2020\/11\/smile.gif\" height=\"14\" \/><a href=\"https:\/\/katedry.pf.jcu.cz\/kma\/wp-content\/uploads\/2020\/11\/gonio.pdf\">Goniometrick\u00e9 funkce &#8212; \u00davod<\/a><\/p>\n<p><img decoding=\"async\" title=\"hallo\" src=\"https:\/\/katedry.pf.jcu.cz\/kma\/wp-content\/uploads\/2020\/11\/smile.gif\" height=\"14\" \/><a href=\"https:\/\/katedry.pf.jcu.cz\/kma\/wp-content\/uploads\/2020\/11\/konstrukce.pdf\">Konstrukce troj\u00faheln\u00edka<\/a><\/p>\n<p><img decoding=\"async\" title=\"hallo\" src=\"https:\/\/katedry.pf.jcu.cz\/kma\/wp-content\/uploads\/2020\/11\/smile.gif\" height=\"14\" \/><a href=\"https:\/\/katedry.pf.jcu.cz\/kma\/wp-content\/uploads\/2020\/11\/uhel.pdf\">Obvodov\u00e9 a st\u0159edov\u00e9 \u00fahly<\/a><\/p>\n<p>Soubor uhel_samostudium.fig je k dispozici ke sta\u017een\u00ed <a href=\"https:\/\/katedry.pf.jcu.cz\/kma\/wp-content\/uploads\/2020\/11\/uhel_samostudium.zip\">(form\u00e1t .zip)<\/a>.<br \/>\nSoubor uhel_kontrola.fig je k dispozici ke sta\u017een\u00ed\u00a0<a href=\"https:\/\/katedry.pf.jcu.cz\/kma\/wp-content\/uploads\/2020\/11\/uhel_kontrola.zip\">(form\u00e1t .zip)<\/a>.<\/p>\n<p><img decoding=\"async\" title=\"hallo\" src=\"https:\/\/katedry.pf.jcu.cz\/kma\/wp-content\/uploads\/2020\/11\/smile.gif\" height=\"14\" \/><a href=\"https:\/\/katedry.pf.jcu.cz\/kma\/wp-content\/uploads\/2020\/11\/elipsa.pdf\">Definice a konstrukce elipsy<\/a><\/p>\n<p>Soubor provazek.fig je k dispozici ke sta\u017een\u00ed <a href=\"https:\/\/katedry.pf.jcu.cz\/kma\/wp-content\/uploads\/2020\/11\/provazek.zip\">(form\u00e1t .zip)<\/a>.<\/p>\n<p><img decoding=\"async\" title=\"hallo\" src=\"https:\/\/katedry.pf.jcu.cz\/kma\/wp-content\/uploads\/2020\/11\/smile.gif\" height=\"14\" \/><a href=\"https:\/\/katedry.pf.jcu.cz\/kma\/wp-content\/uploads\/2020\/11\/Kuzel.pdf\">Projekt objem ku\u017eele &#8212; Jak velk\u00e1 je polovina objemu ku\u017eele<\/a><\/p>\n<p>Soubor nalevka.cg3 je k dispozici ke sta\u017een\u00ed\u00a0<a href=\"https:\/\/katedry.pf.jcu.cz\/kma\/wp-content\/uploads\/2020\/11\/nalevka.zip\">(form\u00e1t .zip)<\/a>.<br \/>\nFotodokumentace &#8212; pr\u00e1ce ve t\u0159\u00edd\u011b: <a href=\"https:\/\/katedry.pf.jcu.cz\/kma\/wp-content\/uploads\/2020\/11\/nalevka.jpg\">Detail n\u00e1levky s p\u00e1skem<\/a> <a href=\"https:\/\/katedry.pf.jcu.cz\/kma\/wp-content\/uploads\/2020\/11\/kofola.jpg\">Pokus<\/a><br \/>\n<a href=\"https:\/\/katedry.pf.jcu.cz\/kma\/wp-content\/uploads\/2020\/11\/nej.png\">Nejlep\u0161\u00ed a nejhor\u0161\u00ed odhad<\/a> <a href=\"https:\/\/katedry.pf.jcu.cz\/kma\/wp-content\/uploads\/2020\/11\/cabri.jpg\">Pr\u00e1ce u po\u010d\u00edta\u010de<\/a><\/p>\n<p><img decoding=\"async\" title=\"hallo\" src=\"https:\/\/katedry.pf.jcu.cz\/kma\/wp-content\/uploads\/2020\/11\/smile.gif\" height=\"14\" \/><a href=\"https:\/\/katedry.pf.jcu.cz\/kma\/wp-content\/uploads\/2020\/11\/formicky.pdf\">Povrch t\u011blesa &#8212; Aplikace v\u00fdpo\u010dt\u016f v praxi<\/a><\/p>\n<p>Fotodokumentace &#8212; formi\u010dky: <a href=\"https:\/\/katedry.pf.jcu.cz\/kma\/wp-content\/uploads\/2020\/11\/formi1.jpg\">Obr.1<\/a> <a href=\"https:\/\/katedry.pf.jcu.cz\/kma\/wp-content\/uploads\/2020\/11\/formi2.jpg\">Obr.2<\/a><br \/>\n<img decoding=\"async\" title=\"hallo\" src=\"https:\/\/katedry.pf.jcu.cz\/kma\/wp-content\/uploads\/2020\/11\/smile.gif\" height=\"14\" \/><a href=\"https:\/\/katedry.pf.jcu.cz\/kma\/wp-content\/uploads\/2020\/11\/latky.pdf\">Stanoven\u00ed objemu<\/a><\/p>\n<p><img decoding=\"async\" title=\"hallo\" src=\"https:\/\/katedry.pf.jcu.cz\/kma\/wp-content\/uploads\/2020\/11\/smile.gif\" height=\"14\" \/><a href=\"https:\/\/katedry.pf.jcu.cz\/kma\/wp-content\/uploads\/2020\/11\/123objemy.pdf\">Stanoven\u00ed objemov\u00fdch pom\u011br\u016f<\/a><\/p>\n<p>Fotodokumentace &#8212; formi\u010dky: <a href=\"https:\/\/katedry.pf.jcu.cz\/kma\/wp-content\/uploads\/2020\/11\/123a.jpg\">Obr.1<\/a> <a href=\"https:\/\/katedry.pf.jcu.cz\/kma\/wp-content\/uploads\/2020\/11\/123b.jpg\">Obr.2<\/a><\/p>\n<p><img decoding=\"async\" title=\"hallo\" src=\"https:\/\/katedry.pf.jcu.cz\/kma\/wp-content\/uploads\/2020\/11\/smile.gif\" height=\"14\" \/><a href=\"https:\/\/katedry.pf.jcu.cz\/kma\/wp-content\/uploads\/2020\/11\/objemy.pdf\">Objemy t\u011bles &#8212; Experiment\u00e1ln\u00ed stanoven\u00ed hypot\u00e9zy<\/a><\/p>\n<p>Fotodokumentace &#8212; pr\u00e1ce ve t\u0159\u00edd\u011b: <a href=\"https:\/\/katedry.pf.jcu.cz\/kma\/wp-content\/uploads\/2020\/11\/drevo.jpg\">Obr.1<\/a> <a href=\"https:\/\/katedry.pf.jcu.cz\/kma\/wp-content\/uploads\/2020\/11\/plast.jpg\">Obr.2<\/a><br \/>\n<img decoding=\"async\" title=\"hallo\" src=\"https:\/\/katedry.pf.jcu.cz\/kma\/wp-content\/uploads\/2020\/11\/smile.gif\" height=\"14\" \/><a href=\"https:\/\/katedry.pf.jcu.cz\/kma\/wp-content\/uploads\/2020\/11\/minpovrch.pdf\">Povrch t\u011blesa &#8212; Povrchy p\u0159i stejn\u00e9m objemu<\/a><\/p>\n<p>&nbsp;<\/p>\n<p>Pokud se V\u00e1m n\u011bkter\u00fd z list\u016f l\u00edb\u00ed, m\u016f\u017eete ho vyzkou\u0161et ve sv\u00e9 t\u0159\u00edd\u011b. Dejte n\u00e1m v\u011bd\u011bt, jak jste byli \u00fasp\u011b\u0161n\u00ed. V p\u0159\u00edpad\u011b nejasnost\u00ed V\u00e1m r\u00e1di porad\u00edme.<\/p>\n<p>English samples of our learning environments you will find <a href=\"https:\/\/katedry.pf.jcu.cz\/kma\/envieng\">here<\/a>. <img decoding=\"async\" title=\"english\" src=\"https:\/\/katedry.pf.jcu.cz\/kma\/wp-content\/uploads\/2020\/11\/vlajka-1.jpg\" height=\"14\" \/><\/p>\n<p>&nbsp;<\/p>\n<div align=\"center\"><img decoding=\"async\" title=\"FP7 logo\" src=\"https:\/\/katedry.pf.jcu.cz\/kma\/wp-content\/uploads\/2020\/09\/FP7.gif\" height=\"70\" \/> <img decoding=\"async\" title=\"Fibo logo\" src=\"https:\/\/katedry.pf.jcu.cz\/kma\/wp-content\/uploads\/2020\/09\/logo.gif\" height=\"90\" \/><br \/>\n<img decoding=\"async\" title=\"EU emblem\" src=\"https:\/\/katedry.pf.jcu.cz\/kma\/wp-content\/uploads\/2020\/09\/EU.gif\" height=\"70\" \/><\/div>\n","protected":false},"excerpt":{"rendered":"<p>Projekt Fibonacci Uk\u00e1zky pracovn\u00edch list\u016f vytvo\u0159en\u00fdch a vyzkou\u0161en\u00fdch v r\u00e1mci projektu Obvod kruhu &#8212; Objeven\u00ed Ludolfova \u010d\u00edsla Soubor Lud.ggb je&#8230;<\/p>\n","protected":false},"author":7,"featured_media":0,"parent":0,"menu_order":0,"comment_status":"closed","ping_status":"closed","template":"","meta":{"footnotes":""},"class_list":["post-608","page","type-page","status-publish","hentry"],"_links":{"self":[{"href":"https:\/\/katedry.pf.jcu.cz\/kma\/wp-json\/wp\/v2\/pages\/608","targetHints":{"allow":["GET"]}}],"collection":[{"href":"https:\/\/katedry.pf.jcu.cz\/kma\/wp-json\/wp\/v2\/pages"}],"about":[{"href":"https:\/\/katedry.pf.jcu.cz\/kma\/wp-json\/wp\/v2\/types\/page"}],"author":[{"embeddable":true,"href":"https:\/\/katedry.pf.jcu.cz\/kma\/wp-json\/wp\/v2\/users\/7"}],"replies":[{"embeddable":true,"href":"https:\/\/katedry.pf.jcu.cz\/kma\/wp-json\/wp\/v2\/comments?post=608"}],"version-history":[{"count":0,"href":"https:\/\/katedry.pf.jcu.cz\/kma\/wp-json\/wp\/v2\/pages\/608\/revisions"}],"wp:attachment":[{"href":"https:\/\/katedry.pf.jcu.cz\/kma\/wp-json\/wp\/v2\/media?parent=608"}],"curies":[{"name":"wp","href":"https:\/\/api.w.org\/{rel}","templated":true}]}}