{"id":595,"date":"2020-09-24T11:31:11","date_gmt":"2020-09-24T10:31:11","guid":{"rendered":"https:\/\/katedry.pf.jcu.cz\/kma\/?page_id=595"},"modified":"2023-09-19T09:04:36","modified_gmt":"2023-09-19T08:04:36","slug":"fibonacci","status":"publish","type":"page","link":"https:\/\/katedry.pf.jcu.cz\/kma\/fibonacci\/","title":{"rendered":"Fibonacci"},"content":{"rendered":"<h2>Projekt Fibonacci<\/h2>\n<p>&nbsp;<\/p>\n<p>P\u00e1r \u010desk\u00fdch slov o projektu naleznete <a href=\"https:\/\/katedry.pf.jcu.cz\/kma\/wp-content\/uploads\/2020\/09\/fibotext.pdf\">zde<\/a>.<\/p>\n<p>\u0160koly aktivn\u011b zapojen\u00e9 do projektu:<\/p>\n<p><a href=\"http:\/\/www.gym-nymburk.cz\/\">Gymn\u00e1zium Nymburk<\/a><\/p>\n<p><a href=\"http:\/\/www.sps-tabor.cz\/\">SP\u0160 T\u00e1bor<\/a><\/p>\n<p><a href=\"http:\/\/www.issstavcb.cz\/\">IS\u0160 stavebn\u00ed \u010cesk\u00e9 Bud\u011bjovice<\/a><\/p>\n<p><a href=\"http:\/\/www.zsvltava.cz\/\">Z\u0160 Vltava \u010cesk\u00e9 Bud\u011bjovice<\/a><br \/>\nUk\u00e1zky <strong>pracovn\u00edch list\u016f<\/strong> vytvo\u0159en\u00fdch a vyzkou\u0161en\u00fdch v r\u00e1mci projektu naleznete <a href=\"https:\/\/katedry.pf.jcu.cz\/kma\/envilisty-2\/\">zde<\/a>.<\/p>\n<p>Zaj\u00edmav\u00e9 pracovn\u00ed listy na\u0161ich bulharsk\u00fdch koleg\u016f (v bulhar\u0161tin\u011b\/angli\u010dtin\u011b) najdete na str\u00e1nk\u00e1ch <a href=\"http:\/\/www.math.bas.bg\/omi\/Fibonacci-en\/\">http:\/\/www.math.bas.bg\/omi\/Fibonacci-en\/<\/a> v menu Resources.<\/p>\n<p>&nbsp;<\/p>\n<p>&nbsp;<\/p>\n<p>Materi\u00e1ly z lednov\u00e9ho DVU najdete <a href=\"https:\/\/katedry.pf.jcu.cz\/kma\/wp-content\/uploads\/2020\/09\/hasek.pptx\">zde<\/a> a <a href=\"https:\/\/katedry.pf.jcu.cz\/kma\/wp-content\/uploads\/2020\/09\/hasek.zip\">zde<\/a>.<\/p>\n<p>Materi\u00e1ly z \u0159\u00edjnov\u00e9ho DVU najdete <a href=\"https:\/\/katedry.pf.jcu.cz\/kma\/wp-content\/uploads\/2020\/09\/Hluboka_2012.ppt\">zde<\/a>.<\/p>\n<p>Materi\u00e1ly z kv\u011btnov\u00e9ho badatelsk\u00e9ho DVU najdete <a href=\"https:\/\/katedry.pf.jcu.cz\/kma\/dvumaterial-3\/\">zde<\/a>.<\/p>\n<div align=\"center\"><img decoding=\"async\" title=\"FP7 logo\" src=\"https:\/\/katedry.pf.jcu.cz\/kma\/wp-content\/uploads\/2020\/09\/FP7.gif\" height=\"70\" \/> <img decoding=\"async\" title=\"Fibo logo\" src=\"https:\/\/katedry.pf.jcu.cz\/kma\/wp-content\/uploads\/2020\/09\/logo.gif\" height=\"90\" \/><br \/>\n<img decoding=\"async\" title=\"EU emblem\" src=\"https:\/\/katedry.pf.jcu.cz\/kma\/wp-content\/uploads\/2020\/09\/EU.gif\" height=\"70\" \/><\/div>\n<p>&nbsp;<\/p>\n","protected":false},"excerpt":{"rendered":"<p>Projekt Fibonacci &nbsp; P\u00e1r \u010desk\u00fdch slov o projektu naleznete zde. \u0160koly aktivn\u011b zapojen\u00e9 do projektu: Gymn\u00e1zium Nymburk SP\u0160 T\u00e1bor IS\u0160&#8230;<\/p>\n","protected":false},"author":7,"featured_media":0,"parent":0,"menu_order":0,"comment_status":"closed","ping_status":"closed","template":"","meta":{"footnotes":""},"class_list":["post-595","page","type-page","status-publish","hentry"],"_links":{"self":[{"href":"https:\/\/katedry.pf.jcu.cz\/kma\/wp-json\/wp\/v2\/pages\/595","targetHints":{"allow":["GET"]}}],"collection":[{"href":"https:\/\/katedry.pf.jcu.cz\/kma\/wp-json\/wp\/v2\/pages"}],"about":[{"href":"https:\/\/katedry.pf.jcu.cz\/kma\/wp-json\/wp\/v2\/types\/page"}],"author":[{"embeddable":true,"href":"https:\/\/katedry.pf.jcu.cz\/kma\/wp-json\/wp\/v2\/users\/7"}],"replies":[{"embeddable":true,"href":"https:\/\/katedry.pf.jcu.cz\/kma\/wp-json\/wp\/v2\/comments?post=595"}],"version-history":[{"count":0,"href":"https:\/\/katedry.pf.jcu.cz\/kma\/wp-json\/wp\/v2\/pages\/595\/revisions"}],"wp:attachment":[{"href":"https:\/\/katedry.pf.jcu.cz\/kma\/wp-json\/wp\/v2\/media?parent=595"}],"curies":[{"name":"wp","href":"https:\/\/api.w.org\/{rel}","templated":true}]}}