{"id":574,"date":"2020-09-24T09:19:51","date_gmt":"2020-09-24T08:19:51","guid":{"rendered":"https:\/\/katedry.pf.jcu.cz\/kma\/?page_id=574"},"modified":"2025-04-07T11:21:14","modified_gmt":"2025-04-07T10:21:14","slug":"szz","status":"publish","type":"page","link":"https:\/\/katedry.pf.jcu.cz\/kma\/szz\/","title":{"rendered":"SZZ"},"content":{"rendered":"<h2><span style=\"font-size: 18pt;\">St\u00e1tn\u00ed z\u00e1v\u011bre\u010dn\u00e9 zkou\u0161ky<\/span><\/h2>\n<p><span data-olk-copy-source=\"MessageBody\">V srpnov\u00e9m term\u00ednu st\u00e1tnic (2025) budou nab\u00edzeny v\u0161echny typy SZZ, kter\u00e9 katedra zaji\u0161\u0165uje.\u00a0<\/span><\/p>\n<p><a href=\"https:\/\/katedry.pf.jcu.cz\/kma\/wp-content\/uploads\/2024\/08\/smernice_2-2024.pdf\">Sm\u011brnice vedouc\u00ed katedry matematiky \u010d 2\/2024 k SZZ pro studenty prezen\u010dn\u00edho studia dle nov\u00fdch akreditac\u00ed (v\u010detn\u011b t\u00e9matick\u00fdch okruh\u016f)<\/a><\/p>\n<p><a href=\"https:\/\/katedry.pf.jcu.cz\/kma\/wp-content\/uploads\/2020\/09\/smernice_1-2024.pdf\">Sm\u011brnice vedouc\u00ed katedry matematiky \u010d. 1\/2024 k SZZ pro studenty prezen\u010dn\u00edho studia dle nov\u00fdch akreditac\u00ed (v\u010detn\u011b tematick\u00fdch okruh\u016f)<\/a><\/p>\n<p><a href=\"https:\/\/katedry.pf.jcu.cz\/kma\/wp-content\/uploads\/2020\/12\/sm\u011brnice_SZZ_KMA.pdf\">Sm\u011brnice vedouc\u00ed katedry matematiky \u010d. 1\/2022 k SZZ pro studenty prezen\u010dn\u00edho studia dle nov\u00fdch akreditac\u00ed (v\u010detn\u011b tematick\u00fdch okruh\u016f)<\/a><\/p>\n<p><a href=\"https:\/\/katedry.pf.jcu.cz\/kma\/wp-content\/uploads\/2023\/10\/Rozpis-vystoupen\u00ed-2023.pdf\">Rozpis vystoupen\u00ed na semin\u00e1\u0159\u00edch KMA\/DIP2, 0SD2 a 7SB1 v ZS 2023\/24<\/a><\/p>\n<p><a href=\"https:\/\/katedry.pf.jcu.cz\/kma\/wp-content\/uploads\/2021\/04\/sme.pdf\">Sm\u011brnice vedouc\u00edho katedry matematiky \u010d. 3\/2020 k SZZ pro studenty prezen\u010dn\u00edho studia (v\u010detn\u011b tematick\u00fdch okruh\u016f)<\/a><\/p>\n<p><a href=\"https:\/\/katedry.pf.jcu.cz\/kma\/wp-content\/uploads\/2020\/09\/smernice_CZV_ZZ.pdf\">Sm\u011brnice vedouc\u00edho katedry matematiky \u010d. 1\/2019 k ZZ pro studenty C\u017dV (v\u010detn\u011b tematick\u00fdch okruh\u016f)<\/a><\/p>\n<p><a href=\"https:\/\/katedry.pf.jcu.cz\/kma\/wp-content\/uploads\/2020\/09\/szzkomplet.pdf\">Vzorov\u00fd test pro SZZ bakal\u00e1\u0159sk\u00e9ho oboru Matematika se zam\u011b\u0159en\u00edm na vzd\u011bl\u00e1v\u00e1n\u00ed<\/a><\/p>\n<p><!--\n<a href=\"https:\/\/katedry.pf.jcu.cz\/kma\/wp-content\/uploads\/2020\/09\/terminy19l.pdf\">Podrobn\u00fd rozpis SZZ v letn\u00edm term\u00ednu 2019<\/a>\n--><\/p>\n","protected":false},"excerpt":{"rendered":"<p>St\u00e1tn\u00ed z\u00e1v\u011bre\u010dn\u00e9 zkou\u0161ky V srpnov\u00e9m term\u00ednu st\u00e1tnic (2025) budou nab\u00edzeny v\u0161echny typy SZZ, kter\u00e9 katedra zaji\u0161\u0165uje.\u00a0 Sm\u011brnice vedouc\u00ed katedry matematiky&#8230;<\/p>\n","protected":false},"author":7,"featured_media":0,"parent":0,"menu_order":0,"comment_status":"closed","ping_status":"closed","template":"","meta":{"footnotes":""},"class_list":["post-574","page","type-page","status-publish","hentry"],"_links":{"self":[{"href":"https:\/\/katedry.pf.jcu.cz\/kma\/wp-json\/wp\/v2\/pages\/574","targetHints":{"allow":["GET"]}}],"collection":[{"href":"https:\/\/katedry.pf.jcu.cz\/kma\/wp-json\/wp\/v2\/pages"}],"about":[{"href":"https:\/\/katedry.pf.jcu.cz\/kma\/wp-json\/wp\/v2\/types\/page"}],"author":[{"embeddable":true,"href":"https:\/\/katedry.pf.jcu.cz\/kma\/wp-json\/wp\/v2\/users\/7"}],"replies":[{"embeddable":true,"href":"https:\/\/katedry.pf.jcu.cz\/kma\/wp-json\/wp\/v2\/comments?post=574"}],"version-history":[{"count":0,"href":"https:\/\/katedry.pf.jcu.cz\/kma\/wp-json\/wp\/v2\/pages\/574\/revisions"}],"wp:attachment":[{"href":"https:\/\/katedry.pf.jcu.cz\/kma\/wp-json\/wp\/v2\/media?parent=574"}],"curies":[{"name":"wp","href":"https:\/\/api.w.org\/{rel}","templated":true}]}}