{"id":544,"date":"2020-09-17T14:42:31","date_gmt":"2020-09-17T13:42:31","guid":{"rendered":"https:\/\/katedry.pf.jcu.cz\/kma\/?page_id=544"},"modified":"2023-09-19T09:03:59","modified_gmt":"2023-09-19T08:03:59","slug":"pripravovane-akce","status":"publish","type":"page","link":"https:\/\/katedry.pf.jcu.cz\/kma\/pripravovane-akce\/","title":{"rendered":"D\u016fle\u017eit\u00e9 akce katedry"},"content":{"rendered":"<h2>P\u0159ipravovan\u00e9 akce<\/h2>\n<p><a href=\"https:\/\/katedry.pf.jcu.cz\/kma\/prispevek\/svoc\/\">Fakultn\u00ed kolo sout\u011b\u017ee SVO\u010c 2022 v didaktice matematiky<\/a><\/p>\n<p>&nbsp;<\/p>\n<h2>Prob\u011bhl\u00e9 akce<\/h2>\n<p>&nbsp;<\/p>\n<p>P\u0159ij\u00edmac\u00ed \u0159\u00edzen\u00ed<\/p>\n<p><iframe loading=\"lazy\" src=\"https:\/\/www.youtube.com\/embed\/PiywWiNy1fI\" width=\"560\" height=\"315\" frameborder=\"0\" allowfullscreen=\"allowfullscreen\"><\/iframe><\/p>\n<p>&nbsp;<\/p>\n<p>Konference <a href=\"http:\/\/home.pf.jcu.cz\/~upvm\/2021\/\">U\u017eit\u00ed po\u010d\u00edta\u010d\u016f ve v\u00fduce matematiky 10<\/a> se konala hybridn\u011b 11. &#8211; 13. listopadu 2021.<\/p>\n<p><a href=\"https:\/\/katedry.pf.jcu.cz\/kma\/wp-content\/uploads\/2021\/01\/KMA-DOD.pdf\">Den otev\u0159en\u00fdch dve\u0159\u00ed<\/a><\/p>\n<p><a href=\"http:\/\/www.pf.jcu.cz\/stem\" target=\"_blank\" rel=\"noopener\">Konference STEM vzd\u011bl\u00e1v\u00e1n\u00ed\/STEM Education Conference<\/a><\/p>\n<p><a href=\"https:\/\/katedry.pf.jcu.cz\/kma\/prispevek\/primestske-tabory\/\">P\u0159\u00edm\u011bstsk\u00e9 t\u00e1bory 2021<\/a><\/p>\n<p><a href=\"https:\/\/katedry.pf.jcu.cz\/kma\/prispevek\/veda-ve-meste-vodnany\/\">V\u011bda ve m\u011bst\u011b &#8211; Vod\u0148any<\/a><\/p>\n<p><a href=\"https:\/\/katedry.pf.jcu.cz\/kma\/prispevek\/mezinarodni-den-cisla-pi\/\">Mezin\u00e1rodn\u00ed den \u010d\u00edsla p\u00ed<\/a><\/p>\n<p><a href=\"https:\/\/katedry.pf.jcu.cz\/kma\/?page_id=959&amp;preview=true\">Den kateder<\/a><\/p>\n","protected":false},"excerpt":{"rendered":"<p>P\u0159ipravovan\u00e9 akce Fakultn\u00ed kolo sout\u011b\u017ee SVO\u010c 2022 v didaktice matematiky &nbsp; Prob\u011bhl\u00e9 akce &nbsp; P\u0159ij\u00edmac\u00ed \u0159\u00edzen\u00ed &nbsp; Konference U\u017eit\u00ed po\u010d\u00edta\u010d\u016f&#8230;<\/p>\n","protected":false},"author":7,"featured_media":0,"parent":0,"menu_order":0,"comment_status":"closed","ping_status":"closed","template":"","meta":{"footnotes":""},"class_list":["post-544","page","type-page","status-publish","hentry"],"_links":{"self":[{"href":"https:\/\/katedry.pf.jcu.cz\/kma\/wp-json\/wp\/v2\/pages\/544","targetHints":{"allow":["GET"]}}],"collection":[{"href":"https:\/\/katedry.pf.jcu.cz\/kma\/wp-json\/wp\/v2\/pages"}],"about":[{"href":"https:\/\/katedry.pf.jcu.cz\/kma\/wp-json\/wp\/v2\/types\/page"}],"author":[{"embeddable":true,"href":"https:\/\/katedry.pf.jcu.cz\/kma\/wp-json\/wp\/v2\/users\/7"}],"replies":[{"embeddable":true,"href":"https:\/\/katedry.pf.jcu.cz\/kma\/wp-json\/wp\/v2\/comments?post=544"}],"version-history":[{"count":0,"href":"https:\/\/katedry.pf.jcu.cz\/kma\/wp-json\/wp\/v2\/pages\/544\/revisions"}],"wp:attachment":[{"href":"https:\/\/katedry.pf.jcu.cz\/kma\/wp-json\/wp\/v2\/media?parent=544"}],"curies":[{"name":"wp","href":"https:\/\/api.w.org\/{rel}","templated":true}]}}