{"id":491,"date":"2018-08-07T20:02:18","date_gmt":"2018-08-07T19:02:18","guid":{"rendered":"https:\/\/katedry.pf.jcu.cz\/kma\/?page_id=491"},"modified":"2025-12-08T17:57:56","modified_gmt":"2025-12-08T16:57:56","slug":"materialy-pro-ucitele","status":"publish","type":"page","link":"https:\/\/katedry.pf.jcu.cz\/kma\/o-katedre\/materialy-pro-ucitele\/","title":{"rendered":"Materi\u00e1ly pro u\u010ditele"},"content":{"rendered":"<h3><span data-olk-copy-source=\"MessageBody\">Pravd\u011bpodobnost a statistika s \u0159e\u0161en\u00fdmi p\u0159\u00edklady v prost\u0159ed\u00ed MS Excel<\/span><\/h3>\n<p>Publikace <a href=\"https:\/\/katedry.pf.jcu.cz\/kma\/pas\/\"><span data-olk-copy-source=\"MessageBody\">Tom\u00e1\u0161 Mrkvi\u010dka, Vladim\u00edra Petr\u00e1\u0161kov\u00e1, Michal Houda, Jan Fiala<\/span>:\u00a0<span data-olk-copy-source=\"MessageBody\">Pravd\u011bpodobnost a statistika s \u0159e\u0161en\u00fdmi p\u0159\u00edklady v prost\u0159ed\u00ed MS Excel<\/span><\/a><\/p>\n<hr \/>\n<h3>Integrovan\u00e1 v\u00fduka<\/h3>\n<p>Publikace <a href=\"https:\/\/katedry.pf.jcu.cz\/kma\/integrovanavyuka\/\"><strong>Kolektiv PF JU a PedF UK: Integrovan\u00e1 v\u00fduka z pohledu v\u00fduky matematiky<\/strong><\/a><\/p>\n<hr \/>\n<h3>Concept Cartoons<\/h3>\n<p>Publikace <a href=\"https:\/\/katedry.pf.jcu.cz\/kma\/wp-content\/uploads\/2023\/09\/Kniha-L.docx\"><strong>L. Samkov\u00e1: Metoda Concept Cartoons<\/strong><\/a><\/p>\n<hr \/>\n<h3>Metody \u0159e\u0161en\u00ed geometrick\u00fdch \u00faloh<\/h3>\n<p>On-line publikace <strong><a href=\"https:\/\/katedry.pf.jcu.cz\/kma\/pro-studenty\/materialy-pro-studenty\/metody-reseni-geometrickych-uloh\/\">P. Leischner: Metody \u0159e\u0161en\u00ed geometrick\u00fdch \u00faloh<\/a><br \/>\n<\/strong><\/p>\n<hr \/>\n<h3>Kvadriky<\/h3>\n<p>On-line publikace <strong><a href=\"http:\/\/home.pf.jcu.cz\/~kvadriky\/\">R. Ha\u0161ek, P. Pech: Kvadratick\u00e9 plochy a jejich reprezentace v programu Maple<\/a><\/strong><\/p>\n<hr \/>\n<h3>Finan\u010dn\u00ed gramotnost v \u010cesk\u00e9, Polsk\u00e9 a Slovensk\u00e9 republice<\/h3>\n<p>On-line publikace <strong><a href=\"https:\/\/katedry.pf.jcu.cz\/kma\/wp-content\/uploads\/2018\/08\/Financial_Literacy.pdf\">Kantnerov\u00e1 a kol.: Finan\u010dn\u00ed gramotnost v \u010cesk\u00e9, Polsk\u00e9 a Slovensk\u00e9 republice<\/a><\/strong><\/p>\n<hr \/>\n<h3>Procesn\u00ed \u0159\u00edzen\u00ed a modelov\u00e1n\u00ed s p\u0159ihl\u00e9dnut\u00edm k praxi v logistice<\/h3>\n<p>On-line publikace <a href=\"https:\/\/katedry.pf.jcu.cz\/kma\/wp-content\/uploads\/2018\/08\/manage.pdf\"><strong>Kantnerov\u00e1, L., Sta\u0161\u00e1k, J., Petr\u00e1\u0161kov\u00e1, V.: Procesn\u00ed \u0159\u00edzen\u00ed a modelov\u00e1n\u00ed s p\u0159ihl\u00e9dnut\u00edm k praxi v logistice<\/strong><\/a><\/p>\n<hr \/>\n<h3>Studenti vysok\u00fdch \u0161kol a jejich finance<\/h3>\n<p>On-line publikace <a href=\"https:\/\/katedry.pf.jcu.cz\/kma\/wp-content\/uploads\/2018\/08\/fgv.pdf\"><strong>Kantnerov\u00e1, L., Petr\u00e1\u0161kov\u00e1, V.: Studenti vysok\u00fdch \u0161kol a jejich finance<\/strong><\/a><\/p>\n<hr \/>\n<h3>\u00davod do financ\u00ed<\/h3>\n<p>Finan\u010dn\u00ed matematika pro ka\u017ed\u00e9ho. Materi\u00e1ly pro studenty i u\u010ditele zab\u00fdvaj\u00edc\u00ed se finan\u010dn\u00ed gramotnost\u00ed.<\/p>\n<p>Chcete v\u011bd\u011bt v\u00edc? Nav\u0161tivte <a href=\"https:\/\/moodle.pf.jcu.cz\/enrol\/index.php?id=596\">Moodle Finan\u010dn\u00ed matematika<\/a>.<\/p>\n<hr \/>\n<h3>Finan\u010dn\u00ed matematika &#8230;&#8230; Finan\u010dn\u00ed gramotnost<\/h3>\n<p>V \u0159\u00edjnu 2010 vy\u0161la v nakladatelstv\u00ed Jiho\u010desk\u00e9 Univerzity kniha\u00a0<strong><a href=\"https:\/\/katedry.pf.jcu.cz\/kma\/wp-content\/uploads\/2021\/04\/VybraneKapitolyZFG.pdf\"> Vybran\u00e9 kapitoly z finan\u010dn\u00ed gramotnosti<\/a><\/strong>, autorky: Vladim\u00edra Petr\u00e1\u0161kov\u00e1, Zuzana Horv\u00e1thov\u00e1.<\/p>\n<p>Hlavn\u00edm c\u00edlem publikace je sezn\u00e1mit \u010dten\u00e1\u0159e s n\u011bkter\u00fdmi vybran\u00fdmi t\u00e9maty z oblasti finan\u010dn\u00ed gramotnosti. Svoj\u00ed formou je vhodn\u00e1 nejen pro vzd\u011bl\u00e1v\u00e1n\u00ed po\u010d\u00e1te\u010dn\u00ed (pro Z\u0160 i S\u0160), ale i celo\u017eivotn\u00ed.<\/p>\n<p><a href=\"https:\/\/katedry.pf.jcu.cz\/kma\/pro-studenty\/materialy-pro-studenty\/financni-gramotnost\/\">Podrobnosti a soubory ke sta\u017een\u00ed<\/a><\/p>\n<hr \/>\n<h3>Bilandsk\u00e9 dobrodru\u017estv\u00ed<\/h3>\n<p><a href=\"http:\/\/home.pf.jcu.cz\/~mkobera\/dvorozBilandia.exe\">soubor k &#8222;Bilandsk\u00e9mu dobrodru\u017estv\u00ed&#8220;<\/a><\/p>\n<p><a href=\"http:\/\/home.pf.jcu.cz\/~mkobera\/dvorozPocitadlo.exe\">soubor s po\u010d\u00edtadlem<\/a><\/p>\n<p>(Pokud odkazy nefunguj\u00ed, zm\u011bnte str\u00e1nku z https:\/\/&#8230;\u00a0 na http:\/\/).<\/p>\n<hr \/>\n<h3>Kl\u00ed\u010dov\u00e9 kompetence<\/h3>\n<p>On-line publikace<br \/>\n<strong>H. Binterov\u00e1, R. Ha\u0161ek, P. Pech, V. Petr\u00e1\u0161kov\u00e1: Sb\u00edrka pracovn\u00edch list\u016f z matematiky pro rozvoj kl\u00ed\u010dov\u00fdch kompetenc\u00ed:<\/strong><\/p>\n<p><a href=\"https:\/\/katedry.pf.jcu.cz\/kma\/wp-content\/uploads\/2018\/08\/sbirkaU.pdf\">D\u00edl 1 <\/a><\/p>\n<p><a href=\"https:\/\/katedry.pf.jcu.cz\/kma\/wp-content\/uploads\/2018\/08\/sbirkaS.pdf\">D\u00edl 2<\/a><\/p>\n","protected":false},"excerpt":{"rendered":"<p>Pravd\u011bpodobnost a statistika s \u0159e\u0161en\u00fdmi p\u0159\u00edklady v prost\u0159ed\u00ed MS Excel Publikace Tom\u00e1\u0161 Mrkvi\u010dka, Vladim\u00edra Petr\u00e1\u0161kov\u00e1, Michal Houda, Jan Fiala:\u00a0Pravd\u011bpodobnost a&#8230;<\/p>\n","protected":false},"author":7,"featured_media":0,"parent":34,"menu_order":0,"comment_status":"closed","ping_status":"closed","template":"","meta":{"footnotes":""},"class_list":["post-491","page","type-page","status-publish","hentry"],"_links":{"self":[{"href":"https:\/\/katedry.pf.jcu.cz\/kma\/wp-json\/wp\/v2\/pages\/491","targetHints":{"allow":["GET"]}}],"collection":[{"href":"https:\/\/katedry.pf.jcu.cz\/kma\/wp-json\/wp\/v2\/pages"}],"about":[{"href":"https:\/\/katedry.pf.jcu.cz\/kma\/wp-json\/wp\/v2\/types\/page"}],"author":[{"embeddable":true,"href":"https:\/\/katedry.pf.jcu.cz\/kma\/wp-json\/wp\/v2\/users\/7"}],"replies":[{"embeddable":true,"href":"https:\/\/katedry.pf.jcu.cz\/kma\/wp-json\/wp\/v2\/comments?post=491"}],"version-history":[{"count":0,"href":"https:\/\/katedry.pf.jcu.cz\/kma\/wp-json\/wp\/v2\/pages\/491\/revisions"}],"up":[{"embeddable":true,"href":"https:\/\/katedry.pf.jcu.cz\/kma\/wp-json\/wp\/v2\/pages\/34"}],"wp:attachment":[{"href":"https:\/\/katedry.pf.jcu.cz\/kma\/wp-json\/wp\/v2\/media?parent=491"}],"curies":[{"name":"wp","href":"https:\/\/api.w.org\/{rel}","templated":true}]}}