{"id":481,"date":"2018-08-07T19:59:48","date_gmt":"2018-08-07T18:59:48","guid":{"rendered":"https:\/\/katedry.pf.jcu.cz\/kma\/?page_id=481"},"modified":"2023-09-19T09:07:48","modified_gmt":"2023-09-19T08:07:48","slug":"financni-gramotnost","status":"publish","type":"page","link":"https:\/\/katedry.pf.jcu.cz\/kma\/pro-studenty\/materialy-pro-studenty\/financni-gramotnost\/","title":{"rendered":"Finan\u010dn\u00ed gramotnost"},"content":{"rendered":"<h2><span style=\"font-size: 18pt;\">Finan\u010dn\u00ed matematika &#8230;&#8230; Finan\u010dn\u00ed gramotnost<\/span><\/h2>\n<p>&nbsp;<\/p>\n<p>V \u0159\u00edjnu 2010 vy\u0161la v nakladatelstv\u00ed Jiho\u010desk\u00e9 Univerzity kniha\u00a0<strong>&#8222;Vybran\u00e9 kapitoly z finan\u010dn\u00ed gramotnosti&#8220;<\/strong>, autorky: Vladim\u00edra Petr\u00e1\u0161kov\u00e1, Zuzana Horv\u00e1thov\u00e1.<\/p>\n<p>Hlavn\u00edm c\u00edlem publikace je sezn\u00e1mit \u010dten\u00e1\u0159e s n\u011bkter\u00fdmi vybran\u00fdmi t\u00e9maty z oblasti finan\u010dn\u00ed gramotnosti. Svoj\u00ed formou je vhodn\u00e1 nejen pro vzd\u011bl\u00e1v\u00e1n\u00ed po\u010d\u00e1te\u010dn\u00ed (pro Z\u0160 i S\u0160), ale i celo\u017eivotn\u00ed.<\/p>\n<p>Prvn\u00ed \u010d\u00e1st publikace se zab\u00fdv\u00e1 problematikou rodinn\u00e9ho a osobn\u00edho rozpo\u010dtu, mezd, cen, m\u011bn a m\u011bnov\u00fdch kurz\u016f.<\/p>\n<p>Druh\u00e1 \u010d\u00e1st je v\u011bnov\u00e1na jednak vybran\u00fdm finan\u010dn\u00edm produkt\u016fm, kter\u00e9 mohou zhodnocovat na\u0161e pen\u00edze (spo\u0159ic\u00ed \u00fa\u010dty, term\u00ednovan\u00e9 vklady a stavebn\u00ed spo\u0159en\u00ed), jednak finan\u010dn\u00edm produkt\u016fm, kter\u00e9 n\u00e1m umo\u017en\u00ed z\u00edskat chyb\u011bj\u00edc\u00ed finan\u010dn\u00ed prost\u0159edky (kreditn\u00ed karta, kontokorentn\u00ed \u00fav\u011br, spot\u0159ebitelsk\u00fd \u00fav\u011br, hypote\u010dn\u00ed \u00fav\u011br a americk\u00e1 hypot\u00e9ka).<\/p>\n<p>\u0158e\u0161en\u00ed p\u0159\u00edklad\u016f z knihy &#8222;Vybran\u00e9 kapitoly z finan\u010dn\u00ed gramotnosti&#8220; (excel soubory) najdete zde:<br \/>\n<a href=\"https:\/\/katedry.pf.jcu.cz\/kma\/wp-content\/uploads\/2018\/08\/vkfg1.xls\">1. kapitola<\/a><br \/>\n<a href=\"https:\/\/katedry.pf.jcu.cz\/kma\/wp-content\/uploads\/2018\/08\/vkfg2.xls\">2. kapitola<\/a><br \/>\n<a href=\"https:\/\/katedry.pf.jcu.cz\/kma\/wp-content\/uploads\/2018\/08\/vkfg3.xls\">3. kapitola<\/a><br \/>\n<a href=\"https:\/\/katedry.pf.jcu.cz\/kma\/wp-content\/uploads\/2018\/08\/vkfg4.xls\">4. kapitola<\/a><br \/>\n<a href=\"https:\/\/katedry.pf.jcu.cz\/kma\/wp-content\/uploads\/2018\/08\/vkfg5.xls\">5. kapitola<\/a><br \/>\n<a href=\"https:\/\/katedry.pf.jcu.cz\/kma\/wp-content\/uploads\/2018\/08\/vkfg6.xls\">6. kapitola<\/a><\/p>\n","protected":false},"excerpt":{"rendered":"<p>Finan\u010dn\u00ed matematika &#8230;&#8230; Finan\u010dn\u00ed gramotnost &nbsp; V \u0159\u00edjnu 2010 vy\u0161la v nakladatelstv\u00ed Jiho\u010desk\u00e9 Univerzity kniha\u00a0&#8222;Vybran\u00e9 kapitoly z finan\u010dn\u00ed gramotnosti&#8220;, autorky:&#8230;<\/p>\n","protected":false},"author":7,"featured_media":0,"parent":474,"menu_order":0,"comment_status":"closed","ping_status":"closed","template":"","meta":{"footnotes":""},"class_list":["post-481","page","type-page","status-publish","hentry"],"_links":{"self":[{"href":"https:\/\/katedry.pf.jcu.cz\/kma\/wp-json\/wp\/v2\/pages\/481","targetHints":{"allow":["GET"]}}],"collection":[{"href":"https:\/\/katedry.pf.jcu.cz\/kma\/wp-json\/wp\/v2\/pages"}],"about":[{"href":"https:\/\/katedry.pf.jcu.cz\/kma\/wp-json\/wp\/v2\/types\/page"}],"author":[{"embeddable":true,"href":"https:\/\/katedry.pf.jcu.cz\/kma\/wp-json\/wp\/v2\/users\/7"}],"replies":[{"embeddable":true,"href":"https:\/\/katedry.pf.jcu.cz\/kma\/wp-json\/wp\/v2\/comments?post=481"}],"version-history":[{"count":0,"href":"https:\/\/katedry.pf.jcu.cz\/kma\/wp-json\/wp\/v2\/pages\/481\/revisions"}],"up":[{"embeddable":true,"href":"https:\/\/katedry.pf.jcu.cz\/kma\/wp-json\/wp\/v2\/pages\/474"}],"wp:attachment":[{"href":"https:\/\/katedry.pf.jcu.cz\/kma\/wp-json\/wp\/v2\/media?parent=481"}],"curies":[{"name":"wp","href":"https:\/\/api.w.org\/{rel}","templated":true}]}}