{"id":470,"date":"2018-07-14T09:54:15","date_gmt":"2018-07-14T08:54:15","guid":{"rendered":"https:\/\/katedry.pf.jcu.cz\/kma\/?page_id=470"},"modified":"2023-09-21T09:57:29","modified_gmt":"2023-09-21T08:57:29","slug":"doktorandi","status":"publish","type":"page","link":"https:\/\/katedry.pf.jcu.cz\/kma\/clenove\/doktorandi\/","title":{"rendered":"Doktorandi"},"content":{"rendered":"<div>\n<h2>Sou\u010dasn\u00ed doktorandi<\/h2>\n<p>&nbsp;<\/p>\n<table style=\"height: 318px; width: 678px;\">\n<tbody>\n<tr style=\"height: 29px;\">\n<td style=\"width: 217px; text-align: center; height: 29px;\"><span style=\"font-family: verdana, geneva, sans-serif;\">Jm\u00e9no<\/span><\/td>\n<td style=\"width: 160px; text-align: center; height: 29px;\"><span style=\"font-family: verdana, geneva, sans-serif;\">E-mail<\/span><\/td>\n<td style=\"width: 279px; text-align: center; height: 29px;\"><span style=\"font-family: verdana, geneva, sans-serif;\">\u0160kolitel<\/span><\/td>\n<td style=\"width: 279px; text-align: center; height: 29px;\"><span style=\"font-family: verdana, geneva, sans-serif;\">Pozn\u00e1mka<\/span><\/td>\n<\/tr>\n<tr style=\"height: 56px;\">\n<td style=\"width: 217px; text-align: center; height: 56px;\"><span lang=\"cs-CZ\">Mgr.\u00a0<\/span><span lang=\"cs-CZ\">So\u0148a\u00a0<\/span><span lang=\"cs-CZ\">K\u00f6nigsmarkov\u00e1<\/span><\/td>\n<td style=\"width: 160px; text-align: center; height: 56px;\"><\/td>\n<td style=\"width: 279px; text-align: center; height: 56px;\"><span lang=\"cs-CZ\">p<\/span><span lang=\"cs-CZ\">rof. RNDr. Pavel Pech, CSc.<\/span><\/td>\n<td style=\"width: 279px; text-align: center; height: 56px;\"><\/td>\n<\/tr>\n<tr style=\"height: 56px;\">\n<td style=\"width: 217px; text-align: center; height: 56px;\"><span lang=\"cs-CZ\">Mgr.\u00a0Ji\u0159\u00ed Kopeck\u00fd\u00a0<\/span><\/td>\n<td style=\"width: 160px; text-align: center; height: 56px;\"><\/td>\n<td style=\"width: 279px; text-align: center; height: 56px;\"><span lang=\"cs-CZ\">doc. RNDr. Tom\u00e1\u0161 Mrkvi\u010dka, Ph.D.<\/span><\/td>\n<td style=\"width: 279px; text-align: center; height: 56px;\"><\/td>\n<\/tr>\n<tr style=\"height: 112px;\">\n<td style=\"width: 217px; text-align: center; height: 112px;\"><span lang=\"cs-CZ\">Mgr. Lenka Kr\u00e1tk\u00e1 (\u010cin\u010durov\u00e1)<\/span><\/td>\n<td style=\"width: 160px; text-align: center; height: 112px;\"><\/td>\n<td style=\"width: 279px; text-align: center; height: 112px;\"><span lang=\"cs-CZ\">prof. RNDr. Pavel Tlust\u00fd, CSc.<\/span><\/td>\n<td style=\"width: 279px; text-align: center; height: 112px;\"><span lang=\"cs-CZ\">(p\u0159eru\u0161eno do 13. 2. 2023,\u00a0<\/span><span lang=\"cs-CZ\">uznan\u00e1 doba rodi\u010dovstv\u00ed do 3 let v\u011bku d\u00edt\u011bte)<\/span><\/td>\n<\/tr>\n<\/tbody>\n<\/table>\n<p>&nbsp;<\/p>\n<h2><span lang=\"cs-CZ\">Absolventi<\/span><\/h2>\n<p>&nbsp;<\/p>\n<table style=\"height: 132px; width: 714px;\">\n<tbody>\n<tr style=\"height: 25px;\">\n<td style=\"width: 223.922px; text-align: center; height: 25px;\"><span style=\"font-family: verdana, geneva, sans-serif;\">Jm\u00e9no<\/span><\/td>\n<td style=\"width: 363.844px; text-align: center; height: 25px;\"><span style=\"font-family: verdana, geneva, sans-serif;\">T\u00e9ma<\/span><\/td>\n<td style=\"width: 104.234px; text-align: center; height: 25px;\"><span style=\"font-family: verdana, geneva, sans-serif;\">Pozn\u00e1mka<\/span><\/td>\n<\/tr>\n<tr style=\"height: 48px;\">\n<td style=\"width: 223.922px; text-align: center; height: 48px;\"><span lang=\"cs-CZ\">Mgr.\u00a0Martin Kazda, Ph.D.<\/span><\/td>\n<td style=\"width: 363.844px; text-align: center; height: 48px;\"><a href=\"https:\/\/wstag.jcu.cz\/StagPortletsJSR168\/PagesDispatcherServlet?pp_destElement=%23ssSouboryStudentuDivId_2323&amp;pp_locale=cs&amp;pp_reqType=render&amp;pp_portlet=souboryStudentuPagesPortlet&amp;pp_page=souboryStudentuDownloadPage&amp;pp_nameSpace=G227158&amp;soubidno=181391\"><span lang=\"cs-CZ\">Vymezen\u00ed vztahu matematick\u00e9 a finan\u010dn\u00ed gramotnosti \u017e\u00e1ka st\u0159edn\u00ed \u0161koly<\/span><\/a><\/td>\n<td style=\"width: 104.234px; text-align: center; height: 48px;\"><\/td>\n<\/tr>\n<tr style=\"height: 48px;\">\n<td style=\"width: 223.922px; text-align: center; height: 48px;\"><span lang=\"cs-CZ\">Mgr.\u00a0Irena\u00a0\u0160trausov\u00e1 (\u010cern\u00e1), Ph. D.<\/span><\/td>\n<td style=\"width: 363.844px; text-align: center; height: 48px;\"><a href=\"https:\/\/wstag.jcu.cz\/StagPortletsJSR168\/PagesDispatcherServlet?pp_destElement=%23ssSouboryStudentuDivId_2338&amp;pp_locale=cs&amp;pp_reqType=render&amp;pp_portlet=souboryStudentuPagesPortlet&amp;pp_page=souboryStudentuDownloadPage&amp;pp_nameSpace=G227158&amp;soubidno=167264\"><span lang=\"cs-CZ\">Vizualizace d\u016fkaz\u016f pomoc\u00ed software dynamick\u00e9 geometrie<\/span><\/a><\/td>\n<td style=\"width: 104.234px; text-align: center; height: 48px;\"><\/td>\n<\/tr>\n<tr style=\"height: 60px;\">\n<td style=\"width: 223.922px; text-align: center; height: 60px;\"><span lang=\"cs-CZ\">Mgr. So\u0148a Semer\u00e1dov\u00e1, Ph.D.<\/span><\/td>\n<td style=\"width: 363.844px; text-align: center; height: 60px;\"><a href=\"https:\/\/wstag.jcu.cz\/StagPortletsJSR168\/PagesDispatcherServlet?pp_destElement=%23ssSouboryStudentuDivId_2348&amp;pp_locale=cs&amp;pp_reqType=render&amp;pp_portlet=souboryStudentuPagesPortlet&amp;pp_page=souboryStudentuDownloadPage&amp;pp_nameSpace=G227158&amp;soubidno=130259\"><span lang=\"cs-CZ\">Didaktick\u00e9 situace p\u0159i vytv\u00e1\u0159en\u00ed matematick\u00fdch pojm\u016f v p\u0159ed\u0161koln\u00ed edukaci<\/span><\/a><\/td>\n<td style=\"width: 104.234px; text-align: center; height: 60px;\"><\/td>\n<\/tr>\n<tr style=\"height: 75.25px;\">\n<td style=\"width: 223.922px; text-align: center; height: 75.25px;\"><span lang=\"cs-CZ\">Mgr. Ji\u0159\u00ed Bla\u017eek, Ph.D.<\/span><\/td>\n<td style=\"width: 363.844px; text-align: center; height: 75.25px;\"><a href=\"https:\/\/wstag.jcu.cz\/StagPortletsJSR168\/PagesDispatcherServlet?pp_destElement=%23ssSouboryStudentuDivId_2480&amp;pp_locale=cs&amp;pp_reqType=render&amp;pp_portlet=souboryStudentuPagesPortlet&amp;pp_page=souboryStudentuDownloadPage&amp;pp_nameSpace=G230136&amp;soubidno=224716\">Vliv DGE na dosa\u017eitelnost matematick\u00e9ho zd\u016fvodn\u011bn\u00ed geometrick\u00fdch probl\u00e9m\u016f u student\u016f u\u010ditelstv\u00ed matematiky<\/a><\/td>\n<td style=\"width: 104.234px; text-align: center; height: 75.25px;\"><\/td>\n<\/tr>\n<tr style=\"height: 75.25px;\">\n<td style=\"width: 223.922px; text-align: center; height: 75.25px;\"><span lang=\"cs-CZ\">Mgr. Kl\u00e1ra Vocetkov\u00e1, Ph.D.<\/span><\/td>\n<td style=\"width: 363.844px; text-align: center; height: 75.25px;\"><a href=\"https:\/\/wstag.jcu.cz\/StagPortletsJSR168\/PagesDispatcherServlet?pp_destElement=%23ssSouboryStudentuDivId_1183&amp;pp_locale=cs&amp;pp_reqType=render&amp;pp_portlet=souboryStudentuPagesPortlet&amp;pp_page=souboryStudentuDownloadPage&amp;pp_nameSpace=G232156&amp;soubidno=246320\">ROZD\u00cdLN\u00c1 HLEDISKA P\u0158I PR\u00c1CI S TI\u0160T\u011aNOU U\u010cEBNIC\u00cd A I-U\u010cEBNIC\u00cd VE VYBRAN\u00ddCH KAPITOL\u00c1CH MATEMATIKY V TERCI\u00c1LN\u00cdM VZD\u011aL\u00c1V\u00c1N\u00cd\u00a0\u00a0<\/a><\/td>\n<td style=\"width: 104.234px; text-align: center; height: 75.25px;\"><\/td>\n<\/tr>\n<\/tbody>\n<\/table>\n<\/div>\n","protected":false},"excerpt":{"rendered":"<p>Sou\u010dasn\u00ed doktorandi &nbsp; Jm\u00e9no E-mail \u0160kolitel Pozn\u00e1mka Mgr.\u00a0So\u0148a\u00a0K\u00f6nigsmarkov\u00e1 prof. RNDr. Pavel Pech, CSc. Mgr.\u00a0Ji\u0159\u00ed Kopeck\u00fd\u00a0 doc. RNDr. Tom\u00e1\u0161 Mrkvi\u010dka, Ph.D&#8230;.<\/p>\n","protected":false},"author":7,"featured_media":0,"parent":47,"menu_order":0,"comment_status":"closed","ping_status":"closed","template":"","meta":{"footnotes":""},"class_list":["post-470","page","type-page","status-publish","hentry"],"_links":{"self":[{"href":"https:\/\/katedry.pf.jcu.cz\/kma\/wp-json\/wp\/v2\/pages\/470","targetHints":{"allow":["GET"]}}],"collection":[{"href":"https:\/\/katedry.pf.jcu.cz\/kma\/wp-json\/wp\/v2\/pages"}],"about":[{"href":"https:\/\/katedry.pf.jcu.cz\/kma\/wp-json\/wp\/v2\/types\/page"}],"author":[{"embeddable":true,"href":"https:\/\/katedry.pf.jcu.cz\/kma\/wp-json\/wp\/v2\/users\/7"}],"replies":[{"embeddable":true,"href":"https:\/\/katedry.pf.jcu.cz\/kma\/wp-json\/wp\/v2\/comments?post=470"}],"version-history":[{"count":0,"href":"https:\/\/katedry.pf.jcu.cz\/kma\/wp-json\/wp\/v2\/pages\/470\/revisions"}],"up":[{"embeddable":true,"href":"https:\/\/katedry.pf.jcu.cz\/kma\/wp-json\/wp\/v2\/pages\/47"}],"wp:attachment":[{"href":"https:\/\/katedry.pf.jcu.cz\/kma\/wp-json\/wp\/v2\/media?parent=470"}],"curies":[{"name":"wp","href":"https:\/\/api.w.org\/{rel}","templated":true}]}}