{"id":466,"date":"2018-06-16T20:51:28","date_gmt":"2018-06-16T19:51:28","guid":{"rendered":"https:\/\/katedry.pf.jcu.cz\/kma\/?page_id=466"},"modified":"2021-01-26T13:32:56","modified_gmt":"2021-01-26T12:32:56","slug":"celozivotni-vzdelavani","status":"publish","type":"page","link":"https:\/\/katedry.pf.jcu.cz\/kma\/celozivotni-vzdelavani\/","title":{"rendered":"Celo\u017eivotn\u00ed vzd\u011bl\u00e1v\u00e1n\u00ed"},"content":{"rendered":"<p>Katedra matematiky nab\u00edz\u00ed v r\u00e1mci C\u017dV jeden studijn\u00ed program pro u\u010ditele na 2. st. Z\u0160:<br \/>\n<!-- St\u0159edo\u0161kolsk\u00fd akreditovan\u00fd program po dohod\u011b p\u0159eveden na P\u0159F JU\n<strong>1) Roz\u0161\u00ed\u0159en\u00ed kvalifikace pro u\u010ditele matematiky<\/strong>\n\n<span style=\"font-size: 12pt; color: #0000ff;\">U\u010ditelstv\u00ed matematiky pro S\u0160<\/span>\n\nRoz\u0161\u00ed\u0159en\u00ed odborn\u00e9 kvalifikace pedagogick\u00fdch pracovn\u00edk\u016f v souladu s \u00a7 6 odst. a) vyhl\u00e1\u0161ky \u010d. 317\/2005 Sb., o dal\u0161\u00edm vzd\u011bl\u00e1v\u00e1n\u00ed pedagogick\u00fdch pracovn\u00edk\u016f, akredita\u010dn\u00ed komisi a kari\u00e9rn\u00edm syst\u00e9mu pedagogick\u00fdch pracovn\u00edk\u016f, ve zn\u011bn\u00ed pozd\u011bj\u0161\u00edch p\u0159edpis\u016f.\n\nStudium zahrnuje scientn\u00ed z\u00e1klad u\u010diva dan\u00e9ho p\u0159edm\u011btu na st\u0159edn\u00ed \u0161kole a pedagogicko psychologickou slo\u017eku. Vede k z\u00edsk\u00e1n\u00ed kvalifikace u\u010ditele matematiky pro st\u0159edn\u00ed \u0161koly podle \u00a7 6 odst. 1 p\u00edsm. a) vyhl\u00e1\u0161ky \u010d. 317\/2005 Sb, ve zn\u011bn\u00ed pozd\u011bj\u0161\u00edch p\u0159edpis\u016f.\n\nStudium je ur\u010deno absolvent\u016fm studia u\u010ditelstv\u00ed matematiky pro 2. stupe\u0148 Z\u0160, kte\u0159\u00ed cht\u011bj\u00ed z\u00edskat kvalifikaci vyu\u010dovat matematiku na st\u0159edn\u00ed \u0161kole.\n\nAbsolvent z\u00edsk\u00e1 znalosti a dovednosti v oblasti matematiky pro st\u0159edn\u00ed \u0161koly, kter\u00e9 jsou nezbytnou sou\u010d\u00e1st\u00ed odborn\u00e9 kvalifikace pedagogick\u00e9ho pracovn\u00edka v t\u00e9to oblasti. Znalosti a dovednosti z\u00edskan\u00e9 studiem matematiky umo\u017en\u00ed absolvent\u016fm kvalifikovan\u00fd v\u00fdkon pedagogick\u00e9 praxe na st\u0159edn\u00ed \u0161kole.\n\nStudium je nab\u00edzeno v kombinovan\u00e9 form\u011b. Program bude realizov\u00e1n v pr\u016fb\u011bhu t\u0159\u00ed a\u017e \u010dty\u0159 semestr\u016f s \u010dasovou dotac\u00ed 200 hodin, z toho 120 hodin p\u0159\u00edm\u00e9 v\u00fduky a 80 hodin v\u00fduky distan\u010dn\u00ed. Program je rozd\u011blen na 2 \u010d\u00e1sti: scientn\u00ed z\u00e1klad vyu\u010dovan\u00e9ho p\u0159edm\u011btu (170 hodin) a pedagogika a psychologie pro u\u010ditele st\u0159edn\u00ed \u0161koly (30 hodin). Program je dopln\u011bn o 20 hodin p\u0159\u00edm\u00e9 pedagogick\u00e9 praxe, jej\u00ed\u017e absolvov\u00e1n\u00ed \u00fa\u010dastn\u00edk dolo\u017e\u00ed p\u00edsemn\u011b.\n\nP\u0159edpokl\u00e1dan\u00e9 \u010dasov\u00e9 dotace v\u00fduky:\n\n\n\n<table width=\"480\">\n\n\n<tbody>\n\n\n<tr>\n\n\n<td rowspan=\"2\" width=\"256\"><strong>Studijn\u00ed p\u0159edm\u011bt<\/strong><\/td>\n\n\n\n\n<td rowspan=\"2\" width=\"57\"><strong>\u010casov\u00e1 dotace<\/strong><\/td>\n\n\n\n\n<td colspan=\"3\" width=\"100\"><strong>Rozvrh (sem)<\/strong><\/td>\n\n\n\n\n<td rowspan=\"2\" width=\"66\"><strong>Typ ukon\u010den\u00ed<\/strong><\/td>\n\n\n<\/tr>\n\n\n\n\n<tr>\n\n\n<td width=\"33\"><strong>1<\/strong><\/td>\n\n\n\n\n<td width=\"33\"><strong>2<\/strong><\/td>\n\n\n\n\n<td width=\"33\"><strong>3<\/strong><\/td>\n\n\n<\/tr>\n\n\n\n\n<tr>\n\n\n<td width=\"256\"><strong>Matematick\u00e1 anal\u00fdza 1<\/strong><\/td>\n\n\n\n\n<td width=\"57\">20<\/td>\n\n\n\n\n<td width=\"33\">20<\/td>\n\n\n\n\n<td width=\"33\"><\/td>\n\n\n\n\n<td width=\"33\"><\/td>\n\n\n\n\n<td width=\"66\">Zk<\/td>\n\n\n<\/tr>\n\n\n\n\n<tr>\n\n\n<td width=\"256\"><strong>Didaktika M pro S\u0160 2<\/strong><\/td>\n\n\n\n\n<td width=\"57\">16<\/td>\n\n\n\n\n<td width=\"33\"><\/td>\n\n\n\n\n<td width=\"33\"><\/td>\n\n\n\n\n<td width=\"33\">16<\/td>\n\n\n\n\n<td width=\"66\">Zk<\/td>\n\n\n<\/tr>\n\n\n\n\n<tr>\n\n\n<td width=\"256\"><strong>Matematick\u00e1 anal\u00fdza 5<\/strong><\/td>\n\n\n\n\n<td width=\"57\">12<\/td>\n\n\n\n\n<td width=\"33\">12<\/td>\n\n\n\n\n<td width=\"33\"><\/td>\n\n\n\n\n<td width=\"33\"><\/td>\n\n\n\n\n<td width=\"66\">Zk<\/td>\n\n\n<\/tr>\n\n\n\n\n<tr>\n\n\n<td width=\"256\"><strong>Matematick\u00e1 anal\u00fdza 6<\/strong><\/td>\n\n\n\n\n<td width=\"57\">12<\/td>\n\n\n\n\n<td width=\"33\"><\/td>\n\n\n\n\n<td width=\"33\">12<\/td>\n\n\n\n\n<td width=\"33\"><\/td>\n\n\n\n\n<td width=\"66\">Zk<\/td>\n\n\n<\/tr>\n\n\n\n\n<tr>\n\n\n<td width=\"256\"><strong>Algebra 3<\/strong><\/td>\n\n\n\n\n<td width=\"57\">10<\/td>\n\n\n\n\n<td width=\"33\"><\/td>\n\n\n\n\n<td width=\"33\">10<\/td>\n\n\n\n\n<td width=\"33\"><\/td>\n\n\n\n\n<td width=\"66\">Zk<\/td>\n\n\n<\/tr>\n\n\n\n\n<tr>\n\n\n<td width=\"256\"><strong>Algebra 4<\/strong><\/td>\n\n\n\n\n<td width=\"57\">10<\/td>\n\n\n\n\n<td width=\"33\"><\/td>\n\n\n\n\n<td width=\"33\"><\/td>\n\n\n\n\n<td width=\"33\">10<\/td>\n\n\n\n\n<td width=\"66\">Zk<\/td>\n\n\n<\/tr>\n\n\n\n\n<tr>\n\n\n<td width=\"256\"><strong>Geometrie 3<\/strong><\/td>\n\n\n\n\n<td width=\"57\">10<\/td>\n\n\n\n\n<td width=\"33\">10<\/td>\n\n\n\n\n<td width=\"33\"><\/td>\n\n\n\n\n<td width=\"33\"><\/td>\n\n\n\n\n<td width=\"66\">Zk<\/td>\n\n\n<\/tr>\n\n\n\n\n<tr>\n\n\n<td width=\"256\"><strong>Geometrie 4<\/strong><\/td>\n\n\n\n\n<td width=\"57\">10<\/td>\n\n\n\n\n<td width=\"33\"><\/td>\n\n\n\n\n<td width=\"33\">10<\/td>\n\n\n\n\n<td width=\"33\"><\/td>\n\n\n\n\n<td width=\"66\">Zk<\/td>\n\n\n<\/tr>\n\n\n\n\n<tr>\n\n\n<td width=\"256\"><strong>Diferenci\u00e1ln\u00ed a funkcion\u00e1ln\u00ed rovnice (DFR)<\/strong><\/td>\n\n\n\n\n<td width=\"57\">8<\/td>\n\n\n\n\n<td width=\"33\"><\/td>\n\n\n\n\n<td width=\"33\"><\/td>\n\n\n\n\n<td width=\"33\">8<\/td>\n\n\n\n\n<td width=\"66\">Zk<\/td>\n\n\n<\/tr>\n\n\n\n\n<tr>\n\n\n<td width=\"256\"><strong>Deskriptivn\u00ed geometrie 2 (DG2)<\/strong><\/td>\n\n\n\n\n<td width=\"57\">8<\/td>\n\n\n\n\n<td width=\"33\"><\/td>\n\n\n\n\n<td width=\"33\"><\/td>\n\n\n\n\n<td width=\"33\">8<\/td>\n\n\n\n\n<td width=\"66\">Zk<\/td>\n\n\n<\/tr>\n\n\n\n\n<tr>\n\n\n<td width=\"256\"><strong>Logika a teorie mno\u017ein (LTM)<\/strong><\/td>\n\n\n\n\n<td width=\"57\">8<\/td>\n\n\n\n\n<td width=\"33\"><\/td>\n\n\n\n\n<td width=\"33\">8<\/td>\n\n\n\n\n<td width=\"33\"><\/td>\n\n\n\n\n<td width=\"66\">Z\u00e1po\u010det<\/td>\n\n\n<\/tr>\n\n\n\n\n<tr>\n\n\n<td width=\"256\"><strong>Finan\u010dn\u00ed matematika<\/strong><\/td>\n\n\n\n\n<td width=\"57\">16<\/td>\n\n\n\n\n<td width=\"33\">16<\/td>\n\n\n\n\n<td width=\"33\"><\/td>\n\n\n\n\n<td width=\"33\"><\/td>\n\n\n\n\n<td width=\"66\">Z\u00e1po\u010det<\/td>\n\n\n<\/tr>\n\n\n\n\n<tr>\n\n\n<td width=\"256\"><strong>Metody \u0159e\u0161en\u00ed \u00faloh 2<\/strong><\/td>\n\n\n\n\n<td width=\"57\">8<\/td>\n\n\n\n\n<td width=\"33\"><\/td>\n\n\n\n\n<td width=\"33\">8<\/td>\n\n\n\n\n<td width=\"33\"><\/td>\n\n\n\n\n<td width=\"66\">Z\u00e1po\u010det<\/td>\n\n\n<\/tr>\n\n\n\n\n<tr>\n\n\n<td width=\"256\"><strong>V\u00fdpo\u010detn\u00ed technika pro matematiky 2 (VTM2)<\/strong><\/td>\n\n\n\n\n<td width=\"57\">8<\/td>\n\n\n\n\n<td width=\"33\">8<\/td>\n\n\n\n\n<td width=\"33\"><\/td>\n\n\n\n\n<td width=\"33\"><\/td>\n\n\n\n\n<td width=\"66\">Z\u00e1po\u010det<\/td>\n\n\n<\/tr>\n\n\n\n\n<tr>\n\n\n<td width=\"256\"><strong>Pravd\u011bpodobnost a matematick\u00e1 statistika 3<\/strong><\/td>\n\n\n\n\n<td width=\"57\">10<\/td>\n\n\n\n\n<td width=\"33\"><\/td>\n\n\n\n\n<td width=\"33\"><\/td>\n\n\n\n\n<td width=\"33\">10<\/td>\n\n\n\n\n<td width=\"66\">Zk<\/td>\n\n\n<\/tr>\n\n\n\n\n<tr>\n\n\n<td width=\"256\"><strong>Matematika okolo n\u00e1s (MON)<\/strong><\/td>\n\n\n\n\n<td width=\"57\">8<\/td>\n\n\n\n\n<td width=\"33\"><\/td>\n\n\n\n\n<td width=\"33\"><\/td>\n\n\n\n\n<td width=\"33\">8<\/td>\n\n\n\n\n<td width=\"66\">Z\u00e1po\u010det<\/td>\n\n\n<\/tr>\n\n\n<\/tbody>\n\n\n<\/table>\n\n\n&nbsp;\n\nStudium je realizov\u00e1no v r\u00e1mci C\u017dV, za finan\u010dn\u00ed \u00fahradu.\n\nDal\u0161\u00ed informace naleznete <a href=\"http:\/\/www.pf.jcu.cz\/structure\/other_departments\/czv\/czv-dvpp-m_ss.php\">zde<\/a>.\n\n----------------------------------\nEND St\u0159edo\u0161kolsk\u00fd akreditovan\u00fd program po dohod\u011b p\u0159eveden na P\u0159F JU --><\/p>\n<p>&nbsp;<\/p>\n<h2><strong> Roz\u0161\u00ed\u0159en\u00ed kvalifikace pro u\u010ditele nematematick\u00fdch p\u0159edm\u011bt\u016f <\/strong><\/h2>\n<p>&nbsp;<\/p>\n<h3>U\u010ditelstv\u00ed matematiky pro 2. stupe\u0148 Z\u0160<\/h3>\n<p>&nbsp;<\/p>\n<p>Roz\u0161\u00ed\u0159en\u00ed odborn\u00e9 kvalifikace pedagogick\u00fdch pracovn\u00edk\u016f v souladu s \u00a7 6 odst. b) vyhl\u00e1\u0161ky \u010d. 317\/2005 Sb., o dal\u0161\u00edm vzd\u011bl\u00e1v\u00e1n\u00ed pedagogick\u00fdch pracovn\u00edk\u016f, akredita\u010dn\u00ed komisi a kari\u00e9rn\u00edm syst\u00e9mu pedagogick\u00fdch pracovn\u00edk\u016f, ve zn\u011bn\u00ed pozd\u011bj\u0161\u00edch p\u0159edpis\u016f.<\/p>\n<p>Studium je ur\u010den\u00e9 <em>absolvent\u016fm studia u\u010ditelstv\u00ed pro 2. stupe\u0148 z\u00e1kladn\u00ed \u0161koly<\/em>, kte\u0159\u00ed cht\u011bj\u00ed z\u00edskat kvalifikaci u\u010dit dal\u0161\u00ed p\u0159edm\u011bt, matematiku na 2. stupni Z\u0160.<\/p>\n<p>Absolvent z\u00edsk\u00e1 znalosti a dovednosti v oblasti matematiky pro z\u00e1kladn\u00ed \u0161koly, kter\u00e9 jsou nezbytnou sou\u010d\u00e1st\u00ed odborn\u00e9 kvalifikace pedagogick\u00e9ho pracovn\u00edka v t\u00e9to oblasti. Znalosti a dovednosti z\u00edskan\u00e9 studiem matematiky umo\u017en\u00ed absolvent\u016fm kvalifikovan\u00fd v\u00fdkon pedagogick\u00e9 praxe na z\u00e1kladn\u00ed \u0161kole.<\/p>\n<p>Studium je nab\u00edzeno v kombinovan\u00e9 form\u011b. Program bude realizov\u00e1n v pr\u016fb\u011bhu t\u0159\u00ed a\u017e \u010dty\u0159 semestr\u016f s \u010dasovou dotac\u00ed 250 hodin, z toho 150 hodin p\u0159\u00edm\u00e9 v\u00fduky a 100 hodin v\u00fduky distan\u010dn\u00ed. Program je dopln\u011bn o 20 hodin p\u0159\u00edm\u00e9 pedagogick\u00e9 praxe, jej\u00ed\u017e absolvov\u00e1n\u00ed \u00fa\u010dastn\u00edk dolo\u017e\u00ed p\u00edsemn\u011b.<\/p>\n<p>P\u0159edpokl\u00e1dan\u00e9 \u010dasov\u00e9 dotace v\u00fduky:<\/p>\n<p><strong>Studijn\u00ed pl\u00e1n:<\/strong><\/p>\n<table cellpadding=\"5\" cellspacing=\"0\" border=\"1\">\n<tr valign=\"top\">\n<td rowspan=\"2\"><b>Studijn\u00ed p\u0159edm\u011bt<\/b><\/td>\n<td rowspan=\"2\"><b>\u010casov\u00e1 dotace<\/b><\/td>\n<td colspan=\"3\"><b>Rozvrh (sem) <\/b><\/td>\n<td rowspan=\"2\"><b>Typ ukon\u010den\u00ed<\/b><\/td>\n<\/tr>\n<tr valign=\"top\">\n<td><b>1<\/b><\/td>\n<td><b>2<\/b><\/td>\n<td><b>3<\/b><\/td>\n<\/tr>\n<tr>\n<td>Obecn\u00e1 pedagogika<\/td>\n<td>20<\/td>\n<td>20<\/td>\n<td>&nbsp;<\/td>\n<td>&nbsp;<\/td>\n<td>Zk.<\/td>\n<\/tr>\n<tr>\n<td>Algebra 1<\/td>\n<td>15<\/td>\n<td>15<\/td>\n<td>&nbsp;<\/td>\n<td>&nbsp;<\/td>\n<td>Zk.<\/td>\n<\/tr>\n<tr>\n<td>Algebra 2<\/td>\n<td>20<\/td>\n<td>&nbsp;<\/td>\n<td>20<\/td>\n<td>&nbsp;<\/td>\n<td>Zk.<\/td>\n<\/tr>\n<tr>\n<td>Aplikovan\u00e1 matematika 1<\/td>\n<td>20<\/td>\n<td>&nbsp;<\/td>\n<td>20<\/td>\n<td>&nbsp;<\/td>\n<td>Zk.<\/td>\n<\/tr>\n<tr>\n<td>Aplikovan\u00e1 matematika 2<\/td>\n<td>20<\/td>\n<td>&nbsp;<\/td>\n<td>&nbsp;<\/td>\n<td>20<\/td>\n<td>Zk.<\/td>\n<\/tr>\n<tr>\n<td>Finan\u010dn\u00ed gramotnost<\/td>\n<td>10<\/td>\n<td>10<\/td>\n<td>&nbsp;<\/td>\n<td>&nbsp;<\/td>\n<td>Zk.<\/td>\n<\/tr>\n<tr>\n<td>Geometrie 1<\/td>\n<td>15<\/td>\n<td>15<\/td>\n<td>&nbsp;<\/td>\n<td>&nbsp;<\/td>\n<td>Zk.<\/td>\n<\/tr>\n<tr>\n<td>Geometrie 2<\/td>\n<td>15<\/td>\n<td>&nbsp;<\/td>\n<td>15<\/td>\n<td>&nbsp;<\/td>\n<td>Zk.<\/td>\n<\/tr>\n<tr>\n<td>Geometrie 3<\/td>\n<td>10<\/td>\n<td>&nbsp;<\/td>\n<td>&nbsp;<\/td>\n<td>10<\/td>\n<td>Z\u00e1p.<\/td>\n<\/tr>\n<tr>\n<td>Matematick\u00e1 anal\u00fdza 1<\/td>\n<td>20<\/td>\n<td>20<\/td>\n<td>&nbsp;<\/td>\n<td>&nbsp;<\/td>\n<td>Zk.<\/td>\n<\/tr>\n<tr>\n<td>Matematick\u00e1 anal\u00fdza 2<\/td>\n<td>20<\/td>\n<td>&nbsp;<\/td>\n<td>&nbsp;<\/td>\n<td>20<\/td>\n<td>Zk.<\/td>\n<\/tr>\n<tr>\n<td>Metody \u0159e\u0161en\u00ed \u00faloh<\/td>\n<td>15<\/td>\n<td>15<\/td>\n<td>&nbsp;<\/td>\n<td>&nbsp;<\/td>\n<td>Z\u00e1p.<\/td>\n<\/tr>\n<tr>\n<td>Didaktick\u00e9 situace v matematice<\/td>\n<td>10<\/td>\n<td>&nbsp;<\/td>\n<td>10<\/td>\n<td>&nbsp;<\/td>\n<td>Z\u00e1p.<\/td>\n<\/tr>\n<tr>\n<td>Didaktika matematiky 1<\/td>\n<td>20<\/td>\n<td>&nbsp;<\/td>\n<td>20<\/td>\n<td>&nbsp;<\/td>\n<td>Zk.<\/td>\n<\/tr>\n<tr>\n<td>Didaktika matematiky 2<\/td>\n<td>20<\/td>\n<td>&nbsp;<\/td>\n<td>&nbsp;<\/td>\n<td>20<\/td>\n<td>Zk.<\/td>\n<\/tr>\n<tr>\n<td>Praxe a jej\u00ed reflexe<\/td>\n<td>20<\/td>\n<td>&nbsp;<\/td>\n<td>&nbsp;<\/td>\n<td>20<\/td>\n<td>Z\u00e1p.<\/td>\n<\/tr>\n<tr>\n<td>Celkem<\/td>\n<td>270<\/td>\n<td>&nbsp;<\/td>\n<td>&nbsp;<\/td>\n<td>&nbsp;<\/td>\n<td>&nbsp;<\/td>\n<\/tr>\n<\/table>\n<p>&nbsp;<\/p>\n<p><!-- Star\u00fd program roz\u0161i\u0159uj\u00edc\u00edho studia pro Z\u0160\n\n\n<table style=\"height: 722px; width: 591px;\">\n\n\n<tbody>\n\n\n<tr>\n\n\n<td style=\"width: 249px;\" rowspan=\"2\"><strong>Studijn\u00ed p\u0159edm\u011bt<\/strong><\/td>\n\n\n\n\n<td style=\"width: 85px;\" rowspan=\"2\"><strong>\u010casov\u00e1 dotace<\/strong><\/td>\n\n\n\n\n<td style=\"width: 133px;\" colspan=\"3\"><strong>Rozvrh (semestr)<\/strong><\/td>\n\n\n\n\n<td style=\"width: 78px;\" rowspan=\"2\"><strong>Typ ukon\u010den\u00ed<\/strong><\/td>\n\n\n<\/tr>\n\n\n\n\n<tr>\n\n\n<td style=\"width: 45.3333px;\"><strong>1<\/strong><\/td>\n\n\n\n\n<td style=\"width: 38.6667px;\"><strong>2<\/strong><\/td>\n\n\n\n\n<td style=\"width: 49px;\"><strong>3<\/strong><\/td>\n\n\n<\/tr>\n\n\n\n\n<tr>\n\n\n<td style=\"width: 249px;\"><strong>Matematick\u00e1 anal\u00fdza 1\n<\/strong><\/td>\n\n\n\n\n<td style=\"width: 85px;\">20<\/td>\n\n\n\n\n<td style=\"width: 45.3333px;\">20<\/td>\n\n\n\n\n<td style=\"width: 38.6667px;\"><\/td>\n\n\n\n\n<td style=\"width: 49px;\"><\/td>\n\n\n\n\n<td style=\"width: 78px;\">Zk<\/td>\n\n\n<\/tr>\n\n\n\n\n<tr>\n\n\n<td style=\"width: 249px;\"><strong>Line\u00e1rn\u00ed algebra\n<\/strong><\/td>\n\n\n\n\n<td style=\"width: 85px;\">8<\/td>\n\n\n\n\n<td style=\"width: 45.3333px;\">\u00a08<\/td>\n\n\n\n\n<td style=\"width: 38.6667px;\"><\/td>\n\n\n\n\n<td style=\"width: 49px;\"><\/td>\n\n\n\n\n<td style=\"width: 78px;\">Zk<\/td>\n\n\n<\/tr>\n\n\n\n\n<tr>\n\n\n<td style=\"width: 249px;\"><strong>Matematick\u00e1 anal\u00fdza 2<\/strong><\/td>\n\n\n\n\n<td style=\"width: 85px;\">16<\/td>\n\n\n\n\n<td style=\"width: 45.3333px;\"><\/td>\n\n\n\n\n<td style=\"width: 38.6667px;\">\u00a016<\/td>\n\n\n\n\n<td style=\"width: 49px;\"><\/td>\n\n\n\n\n<td style=\"width: 78px;\">Zk<\/td>\n\n\n<\/tr>\n\n\n\n\n<tr>\n\n\n<td style=\"width: 249px;\"><strong>Line\u00e1rn\u00ed algebra a geometrie<\/strong><\/td>\n\n\n\n\n<td style=\"width: 85px;\">16<\/td>\n\n\n\n\n<td style=\"width: 45.3333px;\"><\/td>\n\n\n\n\n<td style=\"width: 38.6667px;\">16<\/td>\n\n\n\n\n<td style=\"width: 49px;\"><\/td>\n\n\n\n\n<td style=\"width: 78px;\">Zk<\/td>\n\n\n<\/tr>\n\n\n\n\n<tr>\n\n\n<td style=\"width: 249px;\"><strong>Planimetrie<\/strong><\/td>\n\n\n\n\n<td style=\"width: 85px;\">8<\/td>\n\n\n\n\n<td style=\"width: 45.3333px;\">\u00a08<\/td>\n\n\n\n\n<td style=\"width: 38.6667px;\"><\/td>\n\n\n\n\n<td style=\"width: 49px;\"><\/td>\n\n\n\n\n<td style=\"width: 78px;\">Zk<\/td>\n\n\n<\/tr>\n\n\n\n\n<tr>\n\n\n<td style=\"width: 249px;\"><strong>Z\u00e1klady matematick\u00e9 logiky\n<\/strong><\/td>\n\n\n\n\n<td style=\"width: 85px;\">8<\/td>\n\n\n\n\n<td style=\"width: 45.3333px;\">\u00a08<\/td>\n\n\n\n\n<td style=\"width: 38.6667px;\"><\/td>\n\n\n\n\n<td style=\"width: 49px;\"><\/td>\n\n\n\n\n<td style=\"width: 78px;\">Z<\/td>\n\n\n<\/tr>\n\n\n\n\n<tr>\n\n\n<td style=\"width: 249px;\"><strong>Algebra I\n<\/strong><\/td>\n\n\n\n\n<td style=\"width: 85px;\">16<\/td>\n\n\n\n\n<td style=\"width: 45.3333px;\">16<\/td>\n\n\n\n\n<td style=\"width: 38.6667px;\"><\/td>\n\n\n\n\n<td style=\"width: 49px;\"><\/td>\n\n\n\n\n<td style=\"width: 78px;\">Zk<\/td>\n\n\n<\/tr>\n\n\n\n\n<tr>\n\n\n<td style=\"width: 249px;\"><strong>Geometrie 1\n<\/strong><\/td>\n\n\n\n\n<td style=\"width: 85px;\">16<\/td>\n\n\n\n\n<td style=\"width: 45.3333px;\"><\/td>\n\n\n\n\n<td style=\"width: 38.6667px;\">16<\/td>\n\n\n\n\n<td style=\"width: 49px;\"><\/td>\n\n\n\n\n<td style=\"width: 78px;\">Zk<\/td>\n\n\n<\/tr>\n\n\n\n\n<tr>\n\n\n<td style=\"width: 249px;\"><strong>V\u00fdpo\u010detn\u00ed technika pro matematiky 1 (VTM1)<\/strong><\/td>\n\n\n\n\n<td style=\"width: 85px;\">8<\/td>\n\n\n\n\n<td style=\"width: 45.3333px;\">\u00a08<\/td>\n\n\n\n\n<td style=\"width: 38.6667px;\"><\/td>\n\n\n\n\n<td style=\"width: 49px;\"><\/td>\n\n\n\n\n<td style=\"width: 78px;\">Z<\/td>\n\n\n<\/tr>\n\n\n\n\n<tr>\n\n\n<td style=\"width: 249px;\"><strong>Matematick\u00e1 anal\u00fdza 3<\/strong><\/td>\n\n\n\n\n<td style=\"width: 85px;\">14<\/td>\n\n\n\n\n<td style=\"width: 45.3333px;\"><\/td>\n\n\n\n\n<td style=\"width: 38.6667px;\"><\/td>\n\n\n\n\n<td style=\"width: 49px;\">14<\/td>\n\n\n\n\n<td style=\"width: 78px;\">Zk<\/td>\n\n\n<\/tr>\n\n\n\n\n<tr>\n\n\n<td style=\"width: 249px;\"><strong>Pravd\u011bpodobnost a matematick\u00e1 statistika 1<\/strong><\/td>\n\n\n\n\n<td style=\"width: 85px;\">8<\/td>\n\n\n\n\n<td style=\"width: 45.3333px;\"><\/td>\n\n\n\n\n<td style=\"width: 38.6667px;\">8<\/td>\n\n\n\n\n<td style=\"width: 49px;\"><\/td>\n\n\n\n\n<td style=\"width: 78px;\">Zk<\/td>\n\n\n<\/tr>\n\n\n\n\n<tr>\n\n\n<td style=\"width: 249px;\"><strong>Deskriptivn\u00ed geometrie 1<\/strong><\/td>\n\n\n\n\n<td style=\"width: 85px;\">8<\/td>\n\n\n\n\n<td style=\"width: 45.3333px;\">8<\/td>\n\n\n\n\n<td style=\"width: 38.6667px;\"><\/td>\n\n\n\n\n<td style=\"width: 49px;\"><\/td>\n\n\n\n\n<td style=\"width: 78px;\">Zk<\/td>\n\n\n<\/tr>\n\n\n\n\n<tr>\n\n\n<td style=\"width: 249px;\"><strong>Diskr\u00e9tn\u00ed matematika<\/strong><\/td>\n\n\n\n\n<td style=\"width: 85px;\">8<\/td>\n\n\n\n\n<td style=\"width: 45.3333px;\"><\/td>\n\n\n\n\n<td style=\"width: 38.6667px;\"><\/td>\n\n\n\n\n<td style=\"width: 49px;\">\u00a08<\/td>\n\n\n\n\n<td style=\"width: 78px;\">Z<\/td>\n\n\n<\/tr>\n\n\n\n\n<tr>\n\n\n<td style=\"width: 249px;\"><strong>Numerick\u00e1 matematika 1<\/strong><\/td>\n\n\n\n\n<td style=\"width: 85px;\">8<\/td>\n\n\n\n\n<td style=\"width: 45.3333px;\"><\/td>\n\n\n\n\n<td style=\"width: 38.6667px;\"><\/td>\n\n\n\n\n<td style=\"width: 49px;\">\u00a08<\/td>\n\n\n\n\n<td style=\"width: 78px;\">Zk<\/td>\n\n\n<\/tr>\n\n\n\n\n<tr>\n\n\n<td style=\"width: 249px;\"><strong>Didaktika matematiky 1<\/strong><\/td>\n\n\n\n\n<td style=\"width: 85px;\">16<\/td>\n\n\n\n\n<td style=\"width: 45.3333px;\">\u00a04<\/td>\n\n\n\n\n<td style=\"width: 38.6667px;\">\u00a012<\/td>\n\n\n\n\n<td style=\"width: 49px;\"><\/td>\n\n\n\n\n<td style=\"width: 78px;\">Zk<\/td>\n\n\n<\/tr>\n\n\n\n\n<tr>\n\n\n<td style=\"width: 249px;\"><strong>Matematick\u00e1 anal\u00fdza 4<\/strong><\/td>\n\n\n\n\n<td style=\"width: 85px;\">8<\/td>\n\n\n\n\n<td style=\"width: 45.3333px;\"><\/td>\n\n\n\n\n<td style=\"width: 38.6667px;\"><\/td>\n\n\n\n\n<td style=\"width: 49px;\">8<\/td>\n\n\n\n\n<td style=\"width: 78px;\">Zk<\/td>\n\n\n<\/tr>\n\n\n\n\n<tr>\n\n\n<td style=\"width: 249px;\"><strong>Algebra 2<\/strong><\/td>\n\n\n\n\n<td style=\"width: 85px;\">8<\/td>\n\n\n\n\n<td style=\"width: 45.3333px;\"><\/td>\n\n\n\n\n<td style=\"width: 38.6667px;\">8<\/td>\n\n\n\n\n<td style=\"width: 49px;\"><\/td>\n\n\n\n\n<td style=\"width: 78px;\">Zk<\/td>\n\n\n<\/tr>\n\n\n\n\n<tr>\n\n\n<td style=\"width: 249px;\"><strong>Didaktika matematiky 2<\/strong><\/td>\n\n\n\n\n<td style=\"width: 85px;\">16<\/td>\n\n\n\n\n<td style=\"width: 45.3333px;\"><\/td>\n\n\n\n\n<td style=\"width: 38.6667px;\"><\/td>\n\n\n\n\n<td style=\"width: 49px;\">16<\/td>\n\n\n\n\n<td style=\"width: 78px;\">Zk<\/td>\n\n\n<\/tr>\n\n\n\n\n<tr>\n\n\n<td style=\"width: 249px;\"><strong>Geometrie 2<\/strong><\/td>\n\n\n\n\n<td style=\"width: 85px;\">8<\/td>\n\n\n\n\n<td style=\"width: 45.3333px;\">8<\/td>\n\n\n\n\n<td style=\"width: 38.6667px;\"><\/td>\n\n\n\n\n<td style=\"width: 49px;\"><\/td>\n\n\n\n\n<td style=\"width: 78px;\">Zk<\/td>\n\n\n<\/tr>\n\n\n\n\n<tr>\n\n\n<td style=\"width: 249px;\"><strong>Pravd\u011bpodobnost a matematick\u00e1 statistika 2<\/strong><\/td>\n\n\n\n\n<td style=\"width: 85px;\">8<\/td>\n\n\n\n\n<td style=\"width: 45.3333px;\"><\/td>\n\n\n\n\n<td style=\"width: 38.6667px;\"><\/td>\n\n\n\n\n<td style=\"width: 49px;\">8<\/td>\n\n\n\n\n<td style=\"width: 78px;\">Zk<\/td>\n\n\n<\/tr>\n\n\n\n\n<tr>\n\n\n<td style=\"width: 249px;\"><strong>D\u011bjiny matematiky<\/strong><\/td>\n\n\n\n\n<td style=\"width: 85px;\">8<\/td>\n\n\n\n\n<td style=\"width: 45.3333px;\"><\/td>\n\n\n\n\n<td style=\"width: 38.6667px;\">8<\/td>\n\n\n\n\n<td style=\"width: 49px;\"><\/td>\n\n\n\n\n<td style=\"width: 78px;\">Z<\/td>\n\n\n<\/tr>\n\n\n\n\n<tr>\n\n\n<td style=\"width: 249px;\"><strong>Metody \u0159e\u0161en\u00ed \u00faloh<\/strong><\/td>\n\n\n\n\n<td style=\"width: 85px;\">8<\/td>\n\n\n\n\n<td style=\"width: 45.3333px;\"><\/td>\n\n\n\n\n<td style=\"width: 38.6667px;\">8<\/td>\n\n\n\n\n<td style=\"width: 49px;\"><\/td>\n\n\n\n\n<td style=\"width: 78px;\">Z<\/td>\n\n\n<\/tr>\n\n\n\n\n<tr>\n\n\n<td style=\"width: 249px;\"><strong>Z\u00e1klady finan\u010dn\u00ed gramotnosti<\/strong><\/td>\n\n\n\n\n<td style=\"width: 85px;\">4<\/td>\n\n\n\n\n<td style=\"width: 45.3333px;\">4<\/td>\n\n\n\n\n<td style=\"width: 38.6667px;\"><\/td>\n\n\n\n\n<td style=\"width: 49px;\"><\/td>\n\n\n\n\n<td style=\"width: 78px;\">Z<\/td>\n\n\n<\/tr>\n\n\n\n\n<tr>\n\n\n<td style=\"width: 249px;\"><strong>Praxe<\/strong><\/td>\n\n\n\n\n<td style=\"width: 85px;\">4<\/td>\n\n\n\n\n<td style=\"width: 45.3333px;\"><\/td>\n\n\n\n\n<td style=\"width: 38.6667px;\"><\/td>\n\n\n\n\n<td style=\"width: 49px;\"><\/td>\n\n\n\n\n<td style=\"width: 78px;\">Z<\/td>\n\n\n<\/tr>\n\n\n<\/tbody>\n\n\n<\/table>\n\n\nEND Star\u00fd program roz\u0161i\u0159uj\u00edc\u00edho studia pro Z\u0160 --><\/p>\n<p>Studium je realizov\u00e1no v r\u00e1mci C\u017dV, za finan\u010dn\u00ed \u00fahradu.<\/p>\n<p><!-- NEFUNK\u010cN\u00cd ODKAZ\n<a href=\"http:\/\/www.pf.jcu.cz\/structure\/other_departments\/czv\/czv-dvpp-m_zs.php\">Dal\u0161\u00ed informace<\/a>\n--><\/p>\n<p>D\u00e1le katedra nab\u00edz\u00ed<\/p>\n<p>&nbsp;<\/p>\n<h3>U\u010ditelstv\u00ed v\u00fdchovy k finan\u010dn\u00ed gramotnosti pro Z\u0160<span style=\"font-size: small;\"><br \/>\n<a href=\"https:\/\/www.pf.jcu.cz\/education\/department\/czv\/dvpp-fin_gram_zs.php\" target=\"_blank\" rel=\"noopener noreferrer\" data-auth=\"NotApplicable\"><span style=\"font-size: 12pt;\">https:\/\/www.pf.jcu.cz\/education\/department\/czv\/dvpp-fin_gram_zs.php<\/span><\/a><\/span><\/h3>\n<p>a<\/p>\n<p><span style=\"font-size: 14pt;\"><strong>Programy k prohlubov\u00e1n\u00ed odborn\u00e9 kvalifikace (\u0160ABLONY):<\/strong><\/span><\/p>\n<p>&nbsp;<\/p>\n<h4>Matematick\u00e1 gramotnost<br \/>\n<span style=\"font-size: 12pt;\"><a href=\"https:\/\/www.pf.jcu.cz\/education\/department\/czv\/kurzy_sablony_zs.php\" target=\"_blank\" rel=\"noopener noreferrer\" data-auth=\"NotApplicable\">https:\/\/www.pf.jcu.cz\/education\/department\/czv\/kurzy_sablony_zs.php<\/a><\/span><\/h4>\n<p>&nbsp;<\/p>\n","protected":false},"excerpt":{"rendered":"<p>Katedra matematiky nab\u00edz\u00ed v r\u00e1mci C\u017dV jeden studijn\u00ed program pro u\u010ditele na 2. st. Z\u0160: &nbsp; Roz\u0161\u00ed\u0159en\u00ed kvalifikace pro u\u010ditele&#8230;<\/p>\n","protected":false},"author":1,"featured_media":0,"parent":0,"menu_order":0,"comment_status":"closed","ping_status":"closed","template":"","meta":{"footnotes":""},"class_list":["post-466","page","type-page","status-publish","hentry"],"_links":{"self":[{"href":"https:\/\/katedry.pf.jcu.cz\/kma\/wp-json\/wp\/v2\/pages\/466","targetHints":{"allow":["GET"]}}],"collection":[{"href":"https:\/\/katedry.pf.jcu.cz\/kma\/wp-json\/wp\/v2\/pages"}],"about":[{"href":"https:\/\/katedry.pf.jcu.cz\/kma\/wp-json\/wp\/v2\/types\/page"}],"author":[{"embeddable":true,"href":"https:\/\/katedry.pf.jcu.cz\/kma\/wp-json\/wp\/v2\/users\/1"}],"replies":[{"embeddable":true,"href":"https:\/\/katedry.pf.jcu.cz\/kma\/wp-json\/wp\/v2\/comments?post=466"}],"version-history":[{"count":0,"href":"https:\/\/katedry.pf.jcu.cz\/kma\/wp-json\/wp\/v2\/pages\/466\/revisions"}],"wp:attachment":[{"href":"https:\/\/katedry.pf.jcu.cz\/kma\/wp-json\/wp\/v2\/media?parent=466"}],"curies":[{"name":"wp","href":"https:\/\/api.w.org\/{rel}","templated":true}]}}