{"id":463,"date":"2018-06-16T20:29:41","date_gmt":"2018-06-16T19:29:41","guid":{"rendered":"https:\/\/katedry.pf.jcu.cz\/kma\/?page_id=463"},"modified":"2023-09-21T09:41:15","modified_gmt":"2023-09-21T08:41:15","slug":"rigorozni-rizeni","status":"publish","type":"page","link":"https:\/\/katedry.pf.jcu.cz\/kma\/rigorozni-rizeni\/","title":{"rendered":"Rigor\u00f3zn\u00ed \u0159\u00edzen\u00ed"},"content":{"rendered":"<p>M\u00e1te-li z\u00e1jem o rigor\u00f3zn\u00ed \u0159\u00edzen\u00ed v oboru &#8222;U\u010ditelstv\u00ed a didaktika matematiky pro 2. stupe\u0148 z\u00e1kladn\u00edch \u0161kol&#8220;, kontaktujte s p\u0159edstihem katedru matematiky (s p\u0159edstihem = doporu\u010duje se a\u017e 1 rok p\u0159ed pod\u00e1n\u00edm z\u00e1vazn\u00e9 p\u0159\u00edhl\u00e1\u0161ky).<\/p>\n<p>T\u00e9ma rigor\u00f3zn\u00ed pr\u00e1ce mus\u00ed m\u00edt vztah k didaktice matematiky, v ide\u00e1ln\u00edm p\u0159\u00edpad\u011b by m\u011blo b\u00fdt podpo\u0159eno \u0161koln\u00ed prax\u00ed. Konkr\u00e9tn\u00ed t\u00e9ma rigor\u00f3zn\u00ed pr\u00e1ce bude ur\u010deno po osobn\u00ed konzultaci na kated\u0159e.<\/p>\n<p>Form\u00e1ln\u00ed podrobnosti najdete v n\u00e1sleduj\u00edc\u00edch odkazech:<br \/>\n<a href=\"https:\/\/www.pf.jcu.cz\/cz\/veda-a-vyzkum\/rigorozni-rizeni\">Po\u017eadavky k rigor\u00f3zn\u00edmu \u0159\u00edzen\u00ed v oboru matematika<\/a><br \/>\n<a href=\"https:\/\/www.pf.jcu.cz\/cz\/veda-a-vyzkum\/rigorozni-rizeni\">Po\u017eadavky ke spole\u010dn\u00e9 \u010d\u00e1sti rigor\u00f3zn\u00edho \u0159\u00edzen\u00ed<\/a><\/p>\n","protected":false},"excerpt":{"rendered":"<p>M\u00e1te-li z\u00e1jem o rigor\u00f3zn\u00ed \u0159\u00edzen\u00ed v oboru &#8222;U\u010ditelstv\u00ed a didaktika matematiky pro 2. stupe\u0148 z\u00e1kladn\u00edch \u0161kol&#8220;, kontaktujte s p\u0159edstihem katedru&#8230;<\/p>\n","protected":false},"author":1,"featured_media":0,"parent":0,"menu_order":0,"comment_status":"closed","ping_status":"closed","template":"","meta":{"footnotes":""},"class_list":["post-463","page","type-page","status-publish","hentry"],"_links":{"self":[{"href":"https:\/\/katedry.pf.jcu.cz\/kma\/wp-json\/wp\/v2\/pages\/463","targetHints":{"allow":["GET"]}}],"collection":[{"href":"https:\/\/katedry.pf.jcu.cz\/kma\/wp-json\/wp\/v2\/pages"}],"about":[{"href":"https:\/\/katedry.pf.jcu.cz\/kma\/wp-json\/wp\/v2\/types\/page"}],"author":[{"embeddable":true,"href":"https:\/\/katedry.pf.jcu.cz\/kma\/wp-json\/wp\/v2\/users\/1"}],"replies":[{"embeddable":true,"href":"https:\/\/katedry.pf.jcu.cz\/kma\/wp-json\/wp\/v2\/comments?post=463"}],"version-history":[{"count":0,"href":"https:\/\/katedry.pf.jcu.cz\/kma\/wp-json\/wp\/v2\/pages\/463\/revisions"}],"wp:attachment":[{"href":"https:\/\/katedry.pf.jcu.cz\/kma\/wp-json\/wp\/v2\/media?parent=463"}],"curies":[{"name":"wp","href":"https:\/\/api.w.org\/{rel}","templated":true}]}}