{"id":337,"date":"2018-02-26T22:11:11","date_gmt":"2018-02-26T21:11:11","guid":{"rendered":"http:\/\/yodo.one\/?page_id=337"},"modified":"2020-09-23T23:47:44","modified_gmt":"2020-09-23T22:47:44","slug":"pro-studenty","status":"publish","type":"page","link":"https:\/\/katedry.pf.jcu.cz\/kma\/pro-studenty\/","title":{"rendered":"Pro studenty"},"content":{"rendered":"<p>Katedra matematiky &#8211; studium<\/p>\n<h2><span style=\"font-size: 18pt;\"><big><strong>Materi\u00e1ly pro studenty<\/strong><\/big><\/span><\/h2>\n<h3>Geometrick\u00e9 publikace<\/h3>\n<p>P. Pech: <a href=\"knihy\/Analyticka.pdf\">Analytick\u00e1 geometrie line\u00e1rn\u00edch \u00fatvar\u016f<\/a><\/p>\n<p>P. Pech: <a href=\"knihy\/Kuzelosecky.pdf\">Ku\u017eelose\u010dky<\/a><\/p>\n<p>R. Ha\u0161ek, P. Pech: <a href=\"http:\/\/home.pf.jcu.cz\/~kvadriky\/\">Kvadratick\u00e9 plochy a jejich reprezentace v programu Maple<\/a><\/p>\n<p>P. Pech: <a href=\"knihy\/Metody.pdf\">Klasick\u00e9 vs. po\u010d\u00edta\u010dov\u00e9 metody p\u0159i \u0159e\u0161en\u00ed \u00faloh v geometrii<\/a><\/p>\n<p>&nbsp;<\/p>\n<hr \/>\n<h3>Metody \u0159e\u0161en\u00ed geometrick\u00fdch \u00faloh<\/h3>\n<p>On-line publikaci <strong>P. Leischner: Metody \u0159e\u0161en\u00ed geometrick\u00fdch \u00faloh <\/strong> <a href=\"mrg.html\">najdete zde<\/a>.<\/p>\n<hr \/>\n<h3>Finan\u010dn\u00ed gramotnost v \u010cesk\u00e9, Polsk\u00e9 a Slovensk\u00e9 republice<\/h3>\n<p>On-line publikaci <strong>Kantnerov\u00e1 a kol.: Finan\u010dn\u00ed gramotnost v \u010cesk\u00e9, Polsk\u00e9 a Slovensk\u00e9 republice <\/strong> <a href=\"knihy\/Financial_Literacy.pdf\">najdete zde<\/a>.<\/p>\n<hr \/>\n<h3>\u00davod do financ\u00ed &#8230; Finan\u010dn\u00ed matematika &#8230; Finan\u010dn\u00ed gramotnost<\/h3>\n<p>Finan\u010dn\u00ed matematika pro ka\u017ed\u00e9ho. Materi\u00e1ly pro studenty i u\u010ditele zab\u00fdvaj\u00edc\u00ed se finan\u010dn\u00ed gramotnost\u00ed <a href=\"http:\/\/www.pf.jcu.cz\/stru\/katedry\/m\/uf\/\">najdete zde<\/a>.<\/p>\n<p>V \u0159\u00edjnu 2010 vy\u0161la v nakladatelstv\u00ed Jiho\u010desk\u00e9 Univerzity kniha <strong>&#8222;Vybran\u00e9 kapitoly z finan\u010dn\u00ed gramotnosti&#8220;<\/strong>,<br \/>\nautorky: Vladim\u00edra Petr\u00e1\u0161kov\u00e1, Zuzana Horv\u00e1thov\u00e1.<\/p>\n<p>Hlavn\u00edm c\u00edlem publikace je sezn\u00e1mit \u010dten\u00e1\u0159e s n\u011bkter\u00fdmi vybran\u00fdmi t\u00e9maty z oblasti finan\u010dn\u00ed gramotnosti.<br \/>\nSvoj\u00ed formou je vhodn\u00e1 nejen pro vzd\u011bl\u00e1v\u00e1n\u00ed po\u010d\u00e1te\u010dn\u00ed (pro Z\u0160 i S\u0160), ale i celo\u017eivotn\u00ed.<\/p>\n<p>Podrobnosti a soubory ke sta\u017een\u00ed <a href=\"figs.html\">naleznete zde<\/a>.<\/p>\n<p>&nbsp;<\/p>\n<hr \/>\n<h3>Kl\u00ed\u010dov\u00e9 kompetence<\/h3>\n<p>On-line publikaci<br \/>\n<strong>H. Binterov\u00e1, R. Ha\u0161ek, P. Pech, V. Petr\u00e1\u0161kov\u00e1: Sb\u00edrka pracovn\u00edch list\u016f z matematiky pro rozvoj kl\u00ed\u010dov\u00fdch kompetenc\u00ed <\/strong> <a href=\"sbirka.html\">najdete zde<\/a>.<\/p>\n<div id=\"view\">\n<div id=\"content\">\n<div id=\"contentBlock\"><\/div>\n<hr class=\"hidden\" \/>\n<div id=\"menuBlock\">\n<div class=\"box firstBox subMenu\">\n<h3>Pro studenty:<\/h3>\n<ul>\n<li><a title=\"St\u00e1tn\u00ed z\u00e1v\u011bre\u010dn\u00e9 zkou\u0161ky\" href=\"okruhy.html\">St\u00e1tn\u00ed z\u00e1v\u011bre\u010dn\u00e9 zkou\u0161ky<\/a><\/li>\n<li><a title=\"DP a BP --- n\u00e1vod\" href=\"diplomky.html\">DP a BP &#8212; n\u00e1vod<\/a><\/li>\n<li><a title=\"DP a BP --- t\u00e9mata\" href=\"temataDP.html\">DP a BP &#8212; t\u00e9mata<\/a><\/li>\n<li><a title=\"Vyu\u010dovan\u00e9 p\u0159edm\u011bty\" href=\"vyberovky.html\">Vyu\u010dovan\u00e9 p\u0159edm\u011bty<\/a><\/li>\n<li class=\"active\"><a title=\"On-line materi\u00e1ly\" href=\"Studenti.html\">On-line materi\u00e1ly<\/a><\/li>\n<\/ul>\n<\/div>\n<div class=\"box subMenu\">\n<h3>Odkazy:<\/h3>\n<ul>\n<li class=\"active\"><a title=\"Katedra matematiky\" href=\"http:\/\/www.pf.jcu.cz\/stru\/katedry\/m\/\">Katedra matematiky<\/a><\/li>\n<li><a title=\"Ostatn\u00ed katedry\" href=\"http:\/\/www.pf.jcu.cz\/structure\/departments\/\">Ostatn\u00ed katedry<\/a><\/li>\n<li><a title=\"Pedagogick\u00e1 fakulta\" href=\"http:\/\/www.pf.jcu.cz\/\">Pedagogick\u00e1 fakulta<\/a><\/li>\n<li><a title=\"Jiho\u010desk\u00e1 univerzita\" href=\"http:\/\/www.jcu.cz\/\">Jiho\u010desk\u00e1 univerzita<\/a><\/li>\n<\/ul>\n<\/div>\n<\/div>\n<\/div>\n<div id=\"foot\"><\/div>\n<\/div>\n<p>&nbsp;<\/p>\n","protected":false},"excerpt":{"rendered":"<p>Katedra matematiky &#8211; studium Materi\u00e1ly pro studenty Geometrick\u00e9 publikace P. Pech: Analytick\u00e1 geometrie line\u00e1rn\u00edch \u00fatvar\u016f P. Pech: Ku\u017eelose\u010dky R. Ha\u0161ek,&#8230;<\/p>\n","protected":false},"author":1,"featured_media":0,"parent":0,"menu_order":0,"comment_status":"closed","ping_status":"closed","template":"","meta":{"footnotes":""},"class_list":["post-337","page","type-page","status-publish","hentry"],"_links":{"self":[{"href":"https:\/\/katedry.pf.jcu.cz\/kma\/wp-json\/wp\/v2\/pages\/337","targetHints":{"allow":["GET"]}}],"collection":[{"href":"https:\/\/katedry.pf.jcu.cz\/kma\/wp-json\/wp\/v2\/pages"}],"about":[{"href":"https:\/\/katedry.pf.jcu.cz\/kma\/wp-json\/wp\/v2\/types\/page"}],"author":[{"embeddable":true,"href":"https:\/\/katedry.pf.jcu.cz\/kma\/wp-json\/wp\/v2\/users\/1"}],"replies":[{"embeddable":true,"href":"https:\/\/katedry.pf.jcu.cz\/kma\/wp-json\/wp\/v2\/comments?post=337"}],"version-history":[{"count":0,"href":"https:\/\/katedry.pf.jcu.cz\/kma\/wp-json\/wp\/v2\/pages\/337\/revisions"}],"wp:attachment":[{"href":"https:\/\/katedry.pf.jcu.cz\/kma\/wp-json\/wp\/v2\/media?parent=337"}],"curies":[{"name":"wp","href":"https:\/\/api.w.org\/{rel}","templated":true}]}}