{"id":33,"date":"2017-10-22T07:21:57","date_gmt":"2017-10-22T07:21:57","guid":{"rendered":"http:\/\/yodo.one\/?page_id=33"},"modified":"2023-09-19T09:05:35","modified_gmt":"2023-09-19T08:05:35","slug":"kontakt","status":"publish","type":"page","link":"https:\/\/katedry.pf.jcu.cz\/kma\/kontakt\/","title":{"rendered":"Kontakt"},"content":{"rendered":"<h2>Helena Ron\u010d\u00e1kov\u00e1<\/h2>\n<h2>Asistentka<\/h2>\n<div><span style=\"color: #003366;\">\u010d\u00edslo dve\u0159\u00ed: J333<\/span><\/div>\n<div>Tel: +420 387 773 084<\/div>\n<div>\n<p>E-mail: <a href=\"mailto:hroncakova@pf.jcu.cz\">hroncakova@pf.jcu.cz<\/a><\/p>\n<\/div>\n<div>\u00da\u0159edn\u00ed hodiny:<\/div>\n<div>Lich\u00fd t\u00fdden: 6:45 \u2013 15:15<\/div>\n<div>Sud\u00fd t\u00fdden: 7:45 \u2013 16:15<\/div>\n<div><\/div>\n<p><span style=\"color: #333300;\">adresa:<\/span><\/p>\n<dl>\n<dd><strong>Katedra matematiky <\/strong><br \/>\n<strong>Jeron\u00fdmova 10 <\/strong><br \/>\n<strong>371 15 \u010cesk\u00e9 Bud\u011bjovice<\/strong><\/dd>\n<dd><\/dd>\n<\/dl>\n<div role=\"form\" class=\"wpcf7\" id=\"wpcf7-f161-o1\" lang=\"cs-CZ\" dir=\"ltr\">\n<div class=\"screen-reader-response\"><\/div>\n<form action=\"\/kma\/wp-json\/wp\/v2\/pages\/33#wpcf7-f161-o1\" method=\"post\" class=\"wpcf7-form\" novalidate=\"novalidate\">\n<div style=\"display: none;\">\n<input type=\"hidden\" name=\"_wpcf7\" value=\"161\" \/>\n<input type=\"hidden\" name=\"_wpcf7_version\" value=\"4.9.1\" \/>\n<input type=\"hidden\" name=\"_wpcf7_locale\" value=\"cs_CZ\" \/>\n<input type=\"hidden\" name=\"_wpcf7_unit_tag\" value=\"wpcf7-f161-o1\" \/>\n<input type=\"hidden\" name=\"_wpcf7_container_post\" value=\"0\" \/>\n<\/div>\n<h2>Napi\u0161te n\u00e1m<\/h2>\n\n<p>Va\u0161e jm\u00e9no<\/p>\n<div class=\"form-group your-name\"><input class=\"wpcf7-form-control wpcf7-text wpcf7-validates-as-required form-control\" name=\"your-name\" type=\"text\" value=\"\" aria-invalid=\"false\" aria-required=\"true\" required><\/div>\n\n<p>V\u00e1\u0161 email<\/p>\n<div class=\"form-group your-email\"><input class=\"wpcf7-form-control wpcf7-text wpcf7-email wpcf7-validates-as-required wpcf7-validates-as-email form-control\" name=\"your-email\" type=\"email\" value=\"\" aria-invalid=\"false\" aria-required=\"true\" required><\/div>\n\n<p>P\u0159edm\u011bt<\/p>\n<div class=\"form-group your-subject\"><input class=\"wpcf7-form-control wpcf7-text form-control\" name=\"your-subject\" type=\"text\" value=\"\" aria-invalid=\"false\"><\/div>\n\n<p>Obsah zpr\u00e1vy<\/p>\n<div class=\"form-group your-message\"><textarea class=\"wpcf7-form-control wpcf7-textarea wpcf7-validates-as-required form-control\" name=\"your-message\" rows=\"4\" aria-invalid=\"false\" aria-required=\"true\" required><\/textarea><\/div>\n\n<p><div class=\"wpcf7-form-control-wrap\"><div data-sitekey=\"6LeFZRYqAAAAAEhSSw3cVj_1f31X0zaTd8_ykRpm\" class=\"wpcf7-form-control g-recaptcha wpcf7-recaptcha\"><\/div>\n<noscript>\n\t<div style=\"width: 302px; height: 422px;\">\n\t\t<div style=\"width: 302px; height: 422px; position: relative;\">\n\t\t\t<div style=\"width: 302px; height: 422px; position: absolute;\">\n\t\t\t\t<iframe src=\"https:\/\/www.google.com\/recaptcha\/api\/fallback?k=6LeFZRYqAAAAAEhSSw3cVj_1f31X0zaTd8_ykRpm\" frameborder=\"0\" scrolling=\"no\" style=\"width: 302px; height:422px; border-style: none;\">\n\t\t\t\t<\/iframe>\n\t\t\t<\/div>\n\t\t\t<div style=\"width: 300px; height: 60px; border-style: none; bottom: 12px; left: 25px; margin: 0px; padding: 0px; right: 25px; background: #f9f9f9; border: 1px solid #c1c1c1; border-radius: 3px;\">\n\t\t\t\t<textarea id=\"g-recaptcha-response\" name=\"g-recaptcha-response\" class=\"g-recaptcha-response\" style=\"width: 250px; height: 40px; border: 1px solid #c1c1c1; margin: 10px 25px; padding: 0px; resize: none;\">\n\t\t\t\t<\/textarea>\n\t\t\t<\/div>\n\t\t<\/div>\n\t<\/div>\n<\/noscript>\n<\/div><\/p>\n<p>&nbsp;<\/p>\n\n<div class=\"form-group\"><div><input class=\"wpcf7-form-control wpcf7-submit btn btn-primary\" type=\"submit\" value=\"Odeslat\"><\/div><\/div><div class=\"wpcf7-response-output wpcf7-display-none alert\"><\/div><\/form><\/div>\n<p>&nbsp;<\/p>\n","protected":false},"excerpt":{"rendered":"<p>Helena Ron\u010d\u00e1kov\u00e1 Asistentka \u010d\u00edslo dve\u0159\u00ed: J333 Tel: +420 387 773 084 E-mail: hroncakova@pf.jcu.cz \u00da\u0159edn\u00ed hodiny: Lich\u00fd t\u00fdden: 6:45 \u2013 15:15&#8230;<\/p>\n","protected":false},"author":7,"featured_media":0,"parent":0,"menu_order":0,"comment_status":"closed","ping_status":"closed","template":"","meta":{"footnotes":""},"class_list":["post-33","page","type-page","status-publish","hentry"],"_links":{"self":[{"href":"https:\/\/katedry.pf.jcu.cz\/kma\/wp-json\/wp\/v2\/pages\/33","targetHints":{"allow":["GET"]}}],"collection":[{"href":"https:\/\/katedry.pf.jcu.cz\/kma\/wp-json\/wp\/v2\/pages"}],"about":[{"href":"https:\/\/katedry.pf.jcu.cz\/kma\/wp-json\/wp\/v2\/types\/page"}],"author":[{"embeddable":true,"href":"https:\/\/katedry.pf.jcu.cz\/kma\/wp-json\/wp\/v2\/users\/7"}],"replies":[{"embeddable":true,"href":"https:\/\/katedry.pf.jcu.cz\/kma\/wp-json\/wp\/v2\/comments?post=33"}],"version-history":[{"count":0,"href":"https:\/\/katedry.pf.jcu.cz\/kma\/wp-json\/wp\/v2\/pages\/33\/revisions"}],"wp:attachment":[{"href":"https:\/\/katedry.pf.jcu.cz\/kma\/wp-json\/wp\/v2\/media?parent=33"}],"curies":[{"name":"wp","href":"https:\/\/api.w.org\/{rel}","templated":true}]}}