{"id":270,"date":"2018-01-09T21:40:53","date_gmt":"2018-01-09T20:40:53","guid":{"rendered":"http:\/\/yodo.one\/?page_id=270"},"modified":"2020-09-16T13:05:05","modified_gmt":"2020-09-16T12:05:05","slug":"bakalarske-a-diplomove-prace","status":"publish","type":"page","link":"https:\/\/katedry.pf.jcu.cz\/kma\/bakalarske-a-diplomove-prace\/","title":{"rendered":"T\u00e9mata bakal\u00e1\u0159sk\u00fdch prac\u00ed"},"content":{"rendered":"<p><strong>Bakal\u00e1\u0159sk\u00e9 a diplomov\u00e9 pr\u00e1ce<\/strong><\/p>\n<div id=\"view\">\n<div id=\"content\">\n<div id=\"contentBlock\">\n<div class=\"item last\">\n<p><span style=\"font-size: small; color: #0000ff;\"><span style=\"font-size: 12pt;\">Nov\u00e1 t\u00e9mata<\/span> <\/span><\/p>\n<p><a href=\"temata2019.pdf\">Pod t\u00edmto odkazem<\/a> najdete nov\u011b vypsan\u00e1 t\u00e9mata bakal\u00e1\u0159sk\u00fdch\/diplomov\u00fdch prac\u00ed. Pokud je V\u00e1m n\u011bkter\u00e9 z nich sympatick\u00e9,<br \/>\nkontaktujte p\u0159\u00edslu\u0161n\u00e9ho vyu\u010duj\u00edc\u00edho &#8212; \u0161kolitele. Seznam t\u00e9mat je pr\u016fb\u011b\u017en\u011b aktualizov\u00e1n.<\/p>\n<p><span style=\"font-size: 12pt;\"><span style=\"color: #0000ff;\">Semin\u00e1\u0159 k BP\/DP<\/span> <\/span><\/p>\n<p><a href=\"seminarBP19.pdf\">Pod t\u00edmto odkazem<\/a> najdete rozpis vystoupen\u00ed na semin\u00e1\u0159\u00edch KMA\/DIP2, NMP1, NMP2, UBP1 a UBP2 v ZS 2019\/20.<\/p>\n<\/div>\n<\/div>\n<hr class=\"hidden\" \/>\n<div id=\"menuBlock\">\n<div class=\"box firstBox subMenu\">\n<h3>Pro studenty:<\/h3>\n<ul>\n<li><a title=\"St\u00e1tn\u00ed z\u00e1v\u011bre\u010dn\u00e9 zkou\u0161ky\" href=\"okruhy.html\">St\u00e1tn\u00ed z\u00e1v\u011bre\u010dn\u00e9 zkou\u0161ky<\/a><\/li>\n<li><a title=\"DP a BP --- n\u00e1vod\" href=\"diplomky.html\">DP a BP &#8212; n\u00e1vod<\/a><\/li>\n<li class=\"active\"><a title=\"DP a BP --- t\u00e9mata\" href=\"temataDP.html\">DP a BP &#8212; t\u00e9mata<\/a><\/li>\n<li><a title=\"Vyu\u010dovan\u00e9 p\u0159edm\u011bty\" href=\"vyberovky.html\">Vyu\u010dovan\u00e9 p\u0159edm\u011bty<\/a><\/li>\n<li><a title=\"On-line materi\u00e1ly\" href=\"Studenti.html\">On-line materi\u00e1ly<\/a><\/li>\n<\/ul>\n<\/div>\n<div class=\"box subMenu\">\n<h3>Odkazy:<\/h3>\n<ul>\n<li class=\"active\"><a title=\"Katedra matematiky\" href=\"http:\/\/www.pf.jcu.cz\/stru\/katedry\/m\/\">Katedra matematiky<\/a><\/li>\n<li><a title=\"Ostatn\u00ed katedry\" href=\"http:\/\/www.pf.jcu.cz\/structure\/departments\/\">Ostatn\u00ed katedry<\/a><\/li>\n<li><a title=\"Pedagogick\u00e1 fakulta\" href=\"http:\/\/www.pf.jcu.cz\/\">Pedagogick\u00e1 fakulta<\/a><\/li>\n<li><a title=\"Jiho\u010desk\u00e1 univerzita\" href=\"http:\/\/www.jcu.cz\/\">Jiho\u010desk\u00e1 univerzita<\/a><\/li>\n<\/ul>\n<\/div>\n<\/div>\n<\/div>\n<div id=\"foot\"><\/div>\n<\/div>\n<p>&nbsp;<\/p>\n","protected":false},"excerpt":{"rendered":"<p>Bakal\u00e1\u0159sk\u00e9 a diplomov\u00e9 pr\u00e1ce Nov\u00e1 t\u00e9mata Pod t\u00edmto odkazem najdete nov\u011b vypsan\u00e1 t\u00e9mata bakal\u00e1\u0159sk\u00fdch\/diplomov\u00fdch prac\u00ed. Pokud je V\u00e1m n\u011bkter\u00e9 z&#8230;<\/p>\n","protected":false},"author":1,"featured_media":0,"parent":0,"menu_order":0,"comment_status":"closed","ping_status":"closed","template":"","meta":{"footnotes":""},"class_list":["post-270","page","type-page","status-publish","hentry"],"_links":{"self":[{"href":"https:\/\/katedry.pf.jcu.cz\/kma\/wp-json\/wp\/v2\/pages\/270","targetHints":{"allow":["GET"]}}],"collection":[{"href":"https:\/\/katedry.pf.jcu.cz\/kma\/wp-json\/wp\/v2\/pages"}],"about":[{"href":"https:\/\/katedry.pf.jcu.cz\/kma\/wp-json\/wp\/v2\/types\/page"}],"author":[{"embeddable":true,"href":"https:\/\/katedry.pf.jcu.cz\/kma\/wp-json\/wp\/v2\/users\/1"}],"replies":[{"embeddable":true,"href":"https:\/\/katedry.pf.jcu.cz\/kma\/wp-json\/wp\/v2\/comments?post=270"}],"version-history":[{"count":0,"href":"https:\/\/katedry.pf.jcu.cz\/kma\/wp-json\/wp\/v2\/pages\/270\/revisions"}],"wp:attachment":[{"href":"https:\/\/katedry.pf.jcu.cz\/kma\/wp-json\/wp\/v2\/media?parent=270"}],"curies":[{"name":"wp","href":"https:\/\/api.w.org\/{rel}","templated":true}]}}