

{"id":934,"date":"2023-01-05T13:40:55","date_gmt":"2023-01-05T12:40:55","guid":{"rendered":"https:\/\/katedry.pf.jcu.cz\/kin\/?page_id=934"},"modified":"2024-08-28T08:34:25","modified_gmt":"2024-08-28T07:34:25","slug":"doktorske-studium-ict-ve-vzdelavani","status":"publish","type":"page","link":"https:\/\/katedry.pf.jcu.cz\/kin\/doktorske-studium-ict-ve-vzdelavani\/","title":{"rendered":"Doktorsk\u00e9 studium ICT ve vzd\u011bl\u00e1v\u00e1n\u00ed"},"content":{"rendered":"<h2>O studijn\u00edm oboru<\/h2>\n<p><strong>N\u00e1zev\u00a0studijn\u00edho programu:<\/strong>\u00a0Specializace v\u00a0pedagogice<br \/>\n<strong>N\u00e1zev studijn\u00edho oboru:\u00a0<\/strong>Informa\u010dn\u00ed a\u00a0komunika\u010dn\u00ed technologie ve vzd\u011bl\u00e1v\u00e1n\u00ed<br \/>\n<strong>Typ studijn\u00edho programu:<\/strong>\u00a0doktorsk\u00fd<br \/>\n<strong>Forma studia:<\/strong>\u00a0prezen\u010dn\u00ed, kombinovan\u00e1<br \/>\n<strong>Standardn\u00ed doba studia:<\/strong>\u00a03 roky<\/p>\n<p>Obor je akreditov\u00e1n spole\u010dn\u011b pro \u010dty\u0159i fakulty vzd\u011bl\u00e1vaj\u00edc\u00ed u\u010ditele informatiky a\u00a0odborn\u00edky v\u00a0oblasti informa\u010dn\u00edch technologi\u00ed ve vzd\u011bl\u00e1v\u00e1n\u00ed:<\/p>\n<ul>\n<li>Pedagogickou fakultou Jiho\u010desk\u00e9 univerzity v\u00a0\u010cesk\u00fdch Bud\u011bjovic\u00edch<\/li>\n<li>Fakultou pedagogickou Z\u00e1pado\u010desk\u00e9 univerzity v\u00a0Plzni<\/li>\n<li>Pedagogickou fakultou Ostravsk\u00e9 univerzity v\u00a0Ostrav\u011b<\/li>\n<li>Pedagogickou fakultou Univerzity Hradec Kr\u00e1lov\u00e9<\/li>\n<\/ul>\n<p>Doktorsk\u00e9 studium na v\u0161ech uveden\u00fdch pracovi\u0161t\u00edch prob\u00edh\u00e1 pod spole\u010dnou oborovou radou, kter\u00e1 zaji\u0161\u0165uje jednotnou \u00farove\u0148 vstupn\u00edch i\u00a0v\u00fdstupn\u00edch po\u017eadavk\u016f a\u00a0kontrolu pln\u011bn\u00ed spole\u010dn\u011b ujednan\u00fdch z\u00e1sad doktorsk\u00e9ho studia.<\/p>\n<p><strong>C\u00edlem studia<\/strong>\u00a0je p\u0159\u00edprava odborn\u00edk\u016f v\u00a0oboru Informa\u010dn\u00ed a\u00a0komunika\u010dn\u00ed technologie (ICT) ve vzd\u011bl\u00e1v\u00e1n\u00ed se schopnost\u00ed samostatn\u00e9 tv\u016fr\u010d\u00ed pr\u00e1ci ve v\u011bd\u011b a\u00a0s\u00a0dobr\u00fdmi p\u0159edpoklady obor d\u00e1le rozv\u00edjet.<\/p>\n<p>Absolventi roz\u0161\u00ed\u0159\u00ed sv\u00e9 znalosti z\u00a0oboru informatiky i\u00a0nov\u00fdch sm\u011br\u016f v\u00a0oblasti pedagogicko-psychologick\u00e9. Z\u00edskaj\u00ed p\u0159ehled o\u00a0historii pou\u017e\u00edv\u00e1n\u00ed informa\u010dn\u00edch technologi\u00ed ve v\u00fduce a\u00a0orientaci v\u00a0sou\u010dasn\u00fdch n\u00e1zorech na vzd\u011bl\u00e1v\u00e1n\u00ed v\u00a0informatice, nov\u00e9 znalosti a\u00a0dovednosti v\u00a0oblasti projektov\u00e1n\u00ed modern\u00edch informa\u010dn\u00edch syst\u00e9m\u016f, v\u00a0teoretick\u00fdch z\u00e1kladech informatiky a\u00a0p\u0159i tvorb\u011b v\u00fdukov\u00fdch materi\u00e1l\u016f pro eLearning. Budou um\u011bt pou\u017e\u00edvat modern\u00ed autorsk\u00e9 syst\u00e9my, co\u017e p\u0159edpokl\u00e1d\u00e1 i\u00a0roz\u0161\u00ed\u0159en\u00ed znalost\u00ed a\u00a0dovednost\u00ed v\u00a0oblasti multim\u00e9di\u00ed a\u00a0vizu\u00e1ln\u00edho a\u00a0objektov\u011b orientovan\u00e9ho programov\u00e1n\u00ed, znalost\u00ed z\u00a0oblasti teorie i\u00a0praxe po\u010d\u00edta\u010d\u016f.<\/p>\n<p><strong>Uplatn\u011bn\u00ed absolvent\u016f<\/strong><\/p>\n<p>Absolventi doktorsk\u00e9ho studia budou moci p\u016fsobit zejm\u00e9na jako:<\/p>\n<ul>\n<li>v\u011bde\u010dt\u00ed pracovn\u00edci zab\u00fdvaj\u00edc\u00ed se informa\u010dn\u00edmi technologiemi ve vzd\u011bl\u00e1v\u00e1n\u00ed;<\/li>\n<li>v\u00fdzkumn\u00ed nebo v\u00fdvojov\u00ed pracovn\u00edci v\u00a0oboru informatika a\u00a0jej\u00ed didaktika;<\/li>\n<li>pedagogov\u00e9 na fakult\u00e1ch p\u0159ipravuj\u00edc\u00ed vyu\u010duj\u00edc\u00ed informatick\u00fdch discipl\u00edn;<\/li>\n<li>u\u010ditel\u00e9, didaktici informatiky na z\u00e1kladn\u00edch i\u00a0st\u0159edn\u00edch \u0161kol\u00e1ch;<\/li>\n<li>tv\u016frci e-learningov\u00fdch kurz\u016f, vzd\u011bl\u00e1vac\u00edch materi\u00e1l\u016f a\u00a0v\u00fdukov\u00fdch program\u016f;<\/li>\n<li>pracovn\u00edci st\u00e1tn\u00ed spr\u00e1vy \u0161kolstv\u00ed.<\/li>\n<\/ul>\n<p>Akreditace pro tento obor kon\u010d\u00ed v r. 2024.<\/p>\n<h2 class=\"documentFirstHeading\">Oborov\u00e1 rada na Jiho\u010desk\u00e9 univerzit\u011b<\/h2>\n<p>doc. PaedDr. Hana Andr\u00e1\u0161ov\u00e1, Ph.D. &#8211;\u00a0\u00a0Pedagogick\u00e1 fakulta JU<br \/>\ndoc. Ing. Ladislav Ber\u00e1nek, CSc., MBA &#8211; Ekonomick\u00e1 fakulta JU<br \/>\ndoc. RNDr. Josef Bla\u017eek, CSc. &#8211; Pedagogick\u00e1 fakulta JU<br \/>\ndoc. RNDR. Miroslava \u010cernochov\u00e1, CSc. &#8211;\u00a0\u00a0Univerzita Karlova,\u00a0Pedagogick\u00e1 fakulta<br \/>\ndoc. PhDr. Alena Ho\u0161pesov\u00e1, Ph.D. &#8211; Pedagogick\u00e1 fakulta JU<br \/>\nprof. PaedDr. Iva Stuchl\u00edkov\u00e1, CSc. &#8211; Pedagogick\u00e1 fakulta JU<br \/>\nprof. RNDr. Pavel Tlust\u00fd, CSc.\u00a0\u00a0&#8211; Pedagogick\u00e1 fakulta JU<br \/>\ndoc. PaedDr. Ji\u0159\u00ed Van\u00ed\u010dek, Ph.D. (p\u0159edseda) &#8211; Pedagogick\u00e1 fakulta JU<br \/>\ndoc. Ing. V\u00e1clav Vrb\u00edk, CSc. &#8211; Z\u00e1pado\u010desk\u00e1 univerzita v Plzni,\u00a0Fakulta pedagogick\u00e1<\/p>\n<h2>Absolventi<\/h2>\n<table style=\"width: 1088.86px;\">\n<tbody>\n<tr>\n<td style=\"width: 265px;\"><strong>Jm\u00e9no<\/strong><\/td>\n<td style=\"width: 648px;\"><strong>N\u00e1zev pr\u00e1ce<\/strong><\/td>\n<td style=\"width: 151.863px;\"><strong>Obhajoba, odkaz<\/strong><\/td>\n<\/tr>\n<tr>\n<td style=\"width: 265px;\"><strong>Mgr. Tom\u00e1\u0161 SOSNA, Ph.D.<\/strong><\/td>\n<td style=\"width: 648px;\">\u00a03D modelov\u00e1n\u00ed jako prost\u0159edek pro rozvoj prostorov\u00e9 p\u0159edstavivosti a tvo\u0159ivosti<\/td>\n<td style=\"width: 151.863px;\">\u00a0<a href=\"http:\/\/wstag.jcu.cz\/StagPortletsJSR168\/CleanUrl?urlid=prohlizeni-prace-detail&amp;praceIdno=69528\">2024<\/a><\/td>\n<\/tr>\n<tr>\n<td style=\"width: 265px;\"><strong>Mgr. bc. Jakub GEYER, Ph.D.<\/strong><\/td>\n<td style=\"width: 648px;\">Modelovac\u00ed \u00falohy &#8211; Role strategi\u00ed p\u0159i procesu transformace ment\u00e1ln\u00ed p\u0159edstavy do form\u00e1ln\u00ed reprezentace<\/td>\n<td style=\"width: 151.863px;\"><a href=\"http:\/\/wstag.jcu.cz\/StagPortletsJSR168\/CleanUrl?urlid=prohlizeni-prace-detail&amp;praceIdno=69530\">2024<\/a><\/td>\n<\/tr>\n<tr>\n<td style=\"width: 265px;\"><strong>Mgr. Patrik KLOF\u00c1\u010c, Ph.D.<\/strong><\/td>\n<td style=\"width: 648px;\">Badatelsky orientovan\u00e1 v\u00fduka robotiky<\/td>\n<td style=\"width: 151.863px;\"><a href=\"http:\/\/wstag.jcu.cz\/StagPortletsJSR168\/CleanUrl?urlid=prohlizeni-prace-detail&amp;praceIdno=69527\" target=\"_blank\" rel=\"noopener\">2023<\/a><\/td>\n<\/tr>\n<tr>\n<td style=\"width: 265px;\"><strong>Mgr. Vojt\u011bch BLA\u017dEK, Ph.D.<\/strong><\/td>\n<td style=\"width: 648px;\">Biometrick\u00e9 testov\u00e1n\u00ed p\u0159i studiu kognitivn\u00ed z\u00e1t\u011b\u017ee v prost\u0159ed\u00ed ArcGIS StoryMaps<\/td>\n<td style=\"width: 151.863px;\"><a href=\"https:\/\/wstag.jcu.cz\/StagPortletsJSR168\/CleanUrl?urlid=prohlizeni-prace-detail&amp;praceIdno=69529\">2022<\/a><\/td>\n<\/tr>\n<tr>\n<td style=\"width: 265px;\"><strong>Mgr. Radim REME\u0160, Ph.D.<\/strong><\/td>\n<td style=\"width: 648px;\">Problematika v\u00fduky objektov\u011b orientovan\u00e9ho programov\u00e1n\u00ed v kurzech programov\u00e1n\u00ed v terci\u00e1rn\u00edm vzd\u011bl\u00e1v\u00e1n\u00ed<\/td>\n<td style=\"width: 151.863px;\"><a href=\"https:\/\/wstag.jcu.cz\/StagPortletsJSR168\/CleanUrl?urlid=prohlizeni-prace-detail&amp;praceIdno=66274\">2021<\/a><\/td>\n<\/tr>\n<tr>\n<td style=\"width: 265px;\"><strong>Mgr. V\u00e1clav DOBI\u00c1\u0160, Ph.D.<\/strong><\/td>\n<td style=\"width: 648px;\">Digit\u00e1ln\u00ed gramotnost soci\u00e1ln\u011b vylou\u010den\u00fdch adolescent\u016f<\/td>\n<td style=\"width: 151.863px;\"><a href=\"https:\/\/wstag.jcu.cz\/StagPortletsJSR168\/CleanUrl?urlid=prohlizeni-prace-detail&amp;praceIdno=58503\">2019<\/a><\/td>\n<\/tr>\n<tr>\n<td style=\"width: 265px;\"><strong>Mgr. Martin DRL\u00cdK, Ph.D.<\/strong><\/td>\n<td style=\"width: 648px;\">Pou\u017eit\u00ed soci\u00e1ln\u00ed s\u00edt\u011b Facebook v\u00a0inform\u00e1ln\u00edm u\u010den\u00ed u student\u016f distan\u010dn\u00edho vzd\u011bl\u00e1v\u00e1n\u00ed:\u00a0 porozum\u011bn\u00ed a dopad<\/td>\n<td style=\"width: 151.863px;\"><a href=\"https:\/\/wstag.jcu.cz\/StagPortletsJSR168\/CleanUrl?urlid=prohlizeni-prace-detail&amp;praceIdno=52136\">2018<\/a><\/td>\n<\/tr>\n<tr>\n<td style=\"width: 265px;\"><strong>Mgr. Anna CARBOV\u00c1, Ph.D.<\/strong><\/td>\n<td style=\"width: 648px;\">Rozvoj technologicko-didaktick\u00e9 znalosti obsahu u u\u010ditel\u016f anglick\u00e9ho jazyka na S\u0160<\/td>\n<td style=\"width: 151.863px;\"><a href=\"https:\/\/wstag.jcu.cz\/StagPortletsJSR168\/CleanUrl?urlid=prohlizeni-prace-detail&amp;praceIdno=50752\">2017<\/a><\/td>\n<\/tr>\n<tr>\n<td style=\"width: 265px;\"><strong>Mgr. V\u00e1clav \u0160IMANDL, Ph.D.<\/strong><\/td>\n<td style=\"width: 648px;\">Kompetence u\u010ditel\u016f ICT v oblasti technick\u00e9 e-bezpe\u010dnosti<\/td>\n<td style=\"width: 151.863px;\"><a href=\"https:\/\/wstag.jcu.cz\/StagPortletsJSR168\/CleanUrl?urlid=prohlizeni-prace-detail&amp;praceIdno=46981\">2016<\/a><\/td>\n<\/tr>\n<tr>\n<td style=\"width: 265px;\"><strong>Mgr. Jan BERKI, Ph.D.<\/strong><\/td>\n<td style=\"width: 648px;\">Projektovan\u00e9, realizovan\u00e9 a dosa\u017een\u00e9 ICT kurikulum na z\u00e1kladn\u00edch \u0161kol\u00e1ch<\/td>\n<td style=\"width: 151.863px;\"><a href=\"https:\/\/wstag.jcu.cz\/StagPortletsJSR168\/CleanUrl?urlid=prohlizeni-prace-detail&amp;praceIdno=47517\">2016<\/a><\/td>\n<\/tr>\n<tr>\n<td style=\"width: 265px;\"><strong>Ing. V\u00e1clav N\u00c1DVORN\u00cdK, Ph.D.<\/strong><\/td>\n<td style=\"width: 648px;\">Mo\u017enosti a meze vyu\u017eit\u00ed \u0161koln\u00ed webov\u00e9 str\u00e1nky \u017e\u00e1ky a u\u010diteli na z\u00e1kladn\u00ed \u0161kole<\/td>\n<td style=\"width: 151.863px;\"><a href=\"https:\/\/wstag.jcu.cz\/StagPortletsJSR168\/CleanUrl?urlid=prohlizeni-prace-detail&amp;praceIdno=43326\">2015<\/a><\/td>\n<\/tr>\n<tr>\n<td style=\"width: 265px;\"><strong>Mgr. Jaroslav KORE\u0160, Ph.D.<\/strong><\/td>\n<td style=\"width: 648px;\">Vyu\u017eit\u00ed autorsk\u00fdch n\u00e1stroj\u016f k tvorb\u011b fyzik\u00e1ln\u00edch model\u016f a simulac\u00ed<\/td>\n<td style=\"width: 151.863px;\"><a href=\"https:\/\/wstag.jcu.cz\/StagPortletsJSR168\/CleanUrl?urlid=prohlizeni-prace-detail&amp;praceIdno=35833\">2014<\/a><\/td>\n<\/tr>\n<tr>\n<td style=\"width: 265px;\"><strong>Ing. Michal \u0160ER\u00dd, Ph.D.<\/strong><\/td>\n<td style=\"width: 648px;\">Pou\u017eit\u00ed s\u00e9mantick\u00e9ho diferenci\u00e1lu p\u0159i hodnocen\u00ed v\u00fduky na Z\u0160<\/td>\n<td style=\"width: 151.863px;\"><a href=\"https:\/\/wstag.jcu.cz\/StagPortletsJSR168\/CleanUrl?urlid=prohlizeni-prace-detail&amp;praceIdno=35291\">2013<\/a><\/td>\n<\/tr>\n<\/tbody>\n<\/table>\n","protected":false},"excerpt":{"rendered":"<p>O studijn\u00edm oboru N\u00e1zev\u00a0studijn\u00edho programu:\u00a0Specializace v\u00a0pedagogice N\u00e1zev studijn\u00edho oboru:\u00a0Informa\u010dn\u00ed a\u00a0komunika\u010dn\u00ed technologie ve vzd\u011bl\u00e1v\u00e1n\u00ed Typ studijn\u00edho programu:\u00a0doktorsk\u00fd Forma studia:\u00a0prezen\u010dn\u00ed, kombinovan\u00e1 Standardn\u00ed&#8230;<\/p>\n","protected":false},"author":8,"featured_media":0,"parent":0,"menu_order":0,"comment_status":"closed","ping_status":"closed","template":"","meta":{"footnotes":""},"class_list":["post-934","page","type-page","status-publish","hentry"],"_links":{"self":[{"href":"https:\/\/katedry.pf.jcu.cz\/kin\/wp-json\/wp\/v2\/pages\/934","targetHints":{"allow":["GET"]}}],"collection":[{"href":"https:\/\/katedry.pf.jcu.cz\/kin\/wp-json\/wp\/v2\/pages"}],"about":[{"href":"https:\/\/katedry.pf.jcu.cz\/kin\/wp-json\/wp\/v2\/types\/page"}],"author":[{"embeddable":true,"href":"https:\/\/katedry.pf.jcu.cz\/kin\/wp-json\/wp\/v2\/users\/8"}],"replies":[{"embeddable":true,"href":"https:\/\/katedry.pf.jcu.cz\/kin\/wp-json\/wp\/v2\/comments?post=934"}],"version-history":[{"count":0,"href":"https:\/\/katedry.pf.jcu.cz\/kin\/wp-json\/wp\/v2\/pages\/934\/revisions"}],"wp:attachment":[{"href":"https:\/\/katedry.pf.jcu.cz\/kin\/wp-json\/wp\/v2\/media?parent=934"}],"curies":[{"name":"wp","href":"https:\/\/api.w.org\/{rel}","templated":true}]}}