{"id":931,"date":"2022-12-13T15:31:34","date_gmt":"2022-12-13T14:31:34","guid":{"rendered":"https:\/\/katedry.pf.jcu.cz\/kin\/?page_id=931"},"modified":"2026-01-21T18:54:19","modified_gmt":"2026-01-21T17:54:19","slug":"subscribe","status":"publish","type":"page","link":"https:\/\/katedry.pf.jcu.cz\/kin\/subscribe\/","title":{"rendered":"Nab\u00eddka p\u0159edm\u011bt\u016f k z\u00e1pisu na LS"},"content":{"rendered":"<p><img loading=\"lazy\" decoding=\"async\" class=\"wp-image-930 alignleft\" src=\"https:\/\/katedry.pf.jcu.cz\/kin\/wp-content\/uploads\/2022\/12\/Subscribe.png\" alt=\"\" width=\"130\" height=\"130\" data-id=\"930\" srcset=\"https:\/\/katedry.pf.jcu.cz\/kin\/wp-content\/uploads\/2022\/12\/Subscribe.png 720w, https:\/\/katedry.pf.jcu.cz\/kin\/wp-content\/uploads\/2022\/12\/Subscribe-300x300.png 300w\" sizes=\"auto, (max-width: 130px) 100vw, 130px\" \/>Informujeme na\u0161e studenty o tom, \u017ee na letn\u00ed semestr 2025-6\u00a0<strong>pl\u00e1nujeme otev\u00edrat n\u011bkter\u00e9 p\u0159edm\u011bty<\/strong>, <strong>kter\u00e9 neotev\u00edr\u00e1me ka\u017edoro\u010dn\u011b<\/strong>.<\/p>\n<p>Na n\u011bkter\u00fdch z nich jsou je\u0161t\u011b<strong> voln\u00e1 m\u00edsta<\/strong>.<\/p>\n<p>Doporu\u010dujeme zv\u00e1\u017eit, jestli si je <strong>zap\u00ed\u0161ete<\/strong> jako B nebo C p\u0159edm\u011bty. M\u016f\u017ee j\u00edt o roz\u0161\u00ed\u0159en\u00ed Va\u0161ich obzor\u016f do oblast\u00ed, kter\u00e9 V\u00e1s mohou zaj\u00edmat.<\/p>\n<p>Zvl\u00e1\u0161t\u011b by to m\u011blo zaj\u00edmat druh\u00e1ky, kte\u0159\u00ed budou cht\u00edt j\u00edt ke st\u00e1tnic\u00edm z informatiky po 5. semestru (aby si je rozlo\u017eili na del\u0161\u00ed obdob\u00ed) a budou tedy pot\u0159ebovat na podzim m\u00edt spln\u011bn\u00e9 B p\u0159edm\u011bty.<\/p>\n<p>Zde je jejich nab\u00eddka:<\/p>\n<h3>KPSY\/7GPZ\u00a0 \u00a0Gaming a po\u010d\u00edta\u010dov\u00e9 z\u00e1vislosti<\/h3>\n<p>Gaming v\u00a0sou\u010dasnosti nen\u00ed jen volno\u010dasovou aktivitou, ale tak\u00e9 \u017eivotn\u00edm stylem a mo\u017enost\u00ed ob\u017eivy. Studenti tohoto kurzu budou obezn\u00e1meni s\u00a0psychologick\u00fdmi aspekty gamingu a<br \/>\ntak\u00e9 riziky (nejen) gamingov\u00fdch z\u00e1vislost\u00ed. P\u0159edm\u011bt vede psycholog, expert na problematiku, v n\u00ed\u017e se dozv\u00edte v\u00edce, z\u00edsk\u00e1te nadhled. Velmi vhodn\u00e9 pro budouc\u00ed u\u010ditele.<\/p>\n<p><!--\n\n\n<h3>KIN\/7TDSJ - N\u00e1vrh a v\u00fdvoj eduka\u010dn\u00edch aplikac\u00ed<\/h3>\n\n\nUm\u00ed\u0161 programovat, ale neum\u00ed\u0161 ud\u011blat aplikaci? Zde se studenti nau\u010d\u00ed rozum\u011bt r\u016fzn\u00fdm metodik\u00e1m v\u00fdvoje software a um\u011bt realizovat jeho jednotliv\u00e9 kroky.\u00a0Studenti pracuj\u00ed na projektu, kde si roz\u0161\u00ed\u0159\u00ed zku\u0161enosti s realizac\u00ed eduka\u010dn\u00edho software od anal\u00fdzy po\u017eadavk\u016f a\u017e po nasazen\u00ed v praxi.\n\n--><\/p>\n<h3>KIN\/7JB,\u00a0KIN\/0JD \u00a0 Jednodeskov\u00e9 po\u010d\u00edta\u010de B\u00a0resp. D<\/h3>\n<p>Kurz pr\u00e1ce <strong>s\u00a0Raspberry Pi<\/strong>. Ovl\u00e1d\u00e1n\u00ed port\u016f, p\u0159ipojen\u00fdch senzor\u016f a v\u00fdstup\u016f, nap\u0159. LED matice, sonaru, luxmetru, generov\u00e1n\u00ed zvuku. Pracuje se se speci\u00e1ln\u00edm laptopem Pi-top, programuje se v\u00a0Pythonu.<\/p>\n<h3>KIN\/7O1 &#8211; Objektov\u00e9 programov\u00e1n\u00ed I<\/h3>\n<p>Objekty, t\u0159\u00eddy, d\u011bdi\u010dnost, jak se to r\u00fdmuje? Bez znalost\u00ed objektov\u00e9ho p\u0159\u00edstupu lze t\u011b\u017eko dne\u0161n\u00edmu programov\u00e1n\u00ed rozum\u011bt.\u00a0V tomto kurzu se uplat\u0148uje p\u0159\u00edstup objects-first a design-patterns first.\u00a0Student se nau\u010d\u00ed z\u00e1klady syntaxe programovac\u00edho jazyka C#\/Java a bude um\u011bt pou\u017e\u00edvat \u0159\u00edd\u00edc\u00ed konstrukce v tomto jazyce.<\/p>\n<h3>KIN\/0ES &#8211; E-safety for teachers<\/h3>\n<p>V angli\u010dtin\u011b vyu\u010dovan\u00fd kurz sezn\u00e1m\u00ed s podstatou hrozeb p\u0159i pou\u017e\u00edv\u00e1n\u00ed IT.\u00a0Kurz se zam\u011b\u0159uje nejen na odborn\u00e9 znalosti \u00fa\u010dastn\u00edk\u016f, ale tak\u00e9 na postupy, jak o problematice pou\u010dit \u017e\u00e1ky. Nen\u00ed ur\u010den pouze pro studenty IT, nen\u00ed tedy nijak zvl\u00e1\u0161\u0165 odborn\u011b n\u00e1ro\u010dn\u00fd.<\/p>\n<h3>KIN\/EIPDT &#8211; Digit\u00e1ln\u00ed technologie ve vyu\u010dov\u00e1n\u00ed v mezin\u00e1rodn\u00edm kontextu<\/h3>\n<p>C\u00edlem kurzu je p\u0159edev\u0161\u00edm diskutovat mo\u017enosti, zp\u016fsoby, p\u0159\u00ednosy a rizika vyu\u017e\u00edv\u00e1n\u00ed r\u016fzn\u00fdch digit\u00e1ln\u00edch technologi\u00ed ve t\u0159\u00edd\u011b z jednotliv\u00fdch mezin\u00e1rodn\u00edch perspektiv. Vyu\u010duje se v angli\u010dtin\u011b, p\u0159edm\u011bt nen\u00ed ur\u010den pouze pro studenty IT, nen\u00ed tedy nijak zvl\u00e1\u0161\u0165 odborn\u011b n\u00e1ro\u010dn\u00fd.<\/p>\n<p><!--\n\n\n<h3>KIN\/0A6 - Aplikovan\u00e1 informatika VI<\/h3>\n\n\nKurz poskytne praktick\u00e9 z\u00e1klady v\u00a0nastaven\u00ed Windows serveru. Studenti vyu\u017eij\u00ed znalosti po\u010d\u00edta\u010dov\u00fdch s\u00edt\u00ed, poznaj\u00ed rozd\u00edly MS server\u016f, role a funkce server\u016f. Absolvent kurzu bude schopen z\u00e1kladn\u00ed orientace v\u00a0nastaven\u00ed serveru a jeho modifikaci.\n\n--><\/p>\n<h3>KIN\/7XA &#8211; Asistentsk\u00e1 pedagogick\u00e1 praxe<\/h3>\n<p>Asistentsk\u00e1 praxe je zaj\u00edmavou mo\u017enost\u00ed pro studenty, kter\u00e9 \u0161koln\u00ed \u017eivot zaj\u00edm\u00e1.\u00a0Student si s\u00e1m vybere \u0161kolu a u\u010ditele a domluv\u00ed se s n\u00edm, \u017ee k n\u011bmu bude doch\u00e1zet b\u011bhem semestru a pom\u00e1hat mu &#8211; p\u0159i v\u00fduce, p\u0159i p\u0159\u00edprav\u011b na ni, p\u0159\u00edpadn\u011b i p\u0159i jej\u00ed realizaci (tedy \u017ee bude asistovat u\u010diteli p\u0159\u00edmo p\u0159i hodin\u011b). Pomoc u\u010diteli m\u016f\u017ee b\u00fdt od \u00fapravy po\u010d\u00edta\u010dov\u00e9 u\u010debny, &#8222;rozchozen\u00ed&#8220; nov\u00fdch aplikac\u00ed nebo robot\u016f p\u0159es p\u0159\u00edpravu v\u00fdukov\u00fdch materi\u00e1l\u016f a\u017e k pr\u00e1ci t\u0159eba na v\u00fdukov\u00e9m projektu.\u00a0Student \u0161kolu b\u011bhem roku pravideln\u011b nav\u0161t\u011bvuje.<\/p>\n<h3>KIN\/0IVP &#8211;\u00a0 Inkluzivn\u00ed vzd\u011bl\u00e1v\u00e1n\u00ed a po\u010d\u00edta\u010dem podporovan\u00e1 v\u00fduka<\/h3>\n<p>V kurzu se sezn\u00e1m\u00edte, jak lze vyu\u010dovat informatiku\u00a0u posti\u017een\u00fdch a soci\u00e1ln\u011b vylou\u010den\u00fdch d\u011bt\u00ed. Krom\u011b jin\u00e9ho absolvujete &#8222;n\u00e1slechy&#8220; ve \u0161kol\u00e1ch, kter\u00e9 se na vzd\u011bl\u00e1v\u00e1n\u00ed takov\u00fdch \u017e\u00e1k\u016f specializuj\u00ed.<\/p>\n<h3>KIN\/7DB2, 0DB2\u00a0 \u00a0Datab\u00e1zov\u00e9 syst\u00e9my II<\/h3>\n<p>V\u00edce o datab\u00e1z\u00edch se jist\u011b pro u\u010ditele informatiky hod\u00ed. P\u0159edm\u011bt navazuje na 7DB1 datab\u00e1ze I. Obsahem je tvorba a n\u00e1vrh rela\u010dn\u00edch datab\u00e1z\u00ed, jazyk SQL, objektov\u00fd p\u0159\u00edstup k datab\u00e1z\u00edm.<\/p>\n<h3>KIN\/7W3, 0W3 &#8211; Webov\u00e9 technologie III<\/h3>\n<p>Kurz se zab\u00fdv\u00e1 programov\u00e1n\u00edm webov\u00fdcxh str\u00e1nek v jazyce PHP. Nau\u010d\u00edte se, jak vytvo\u0159it pomoc\u00ed tohoto jazyka dynamickou webovou str\u00e1nku a jak lze webov\u00e9 str\u00e1nky propojit s datab\u00e1z\u00ed MySQL (MariaDB). P\u0159edm\u011bt navazuje na 7W1, absolvov\u00e1n\u00ed 7W2 nen\u00ed podm\u00ednkou.<\/p>\n<h3>KIN\/7TDM &#8211; 3D modelov\u00e1n\u00ed<\/h3>\n<p>Kurz se zab\u00fdv\u00e1 vytv\u00e1\u0159en\u00edm 3D model\u016f za pou\u017eit\u00ed n\u011bkolika r\u016fzn\u00fdch p\u0159\u00edstup\u016f &#8211; od jednoduch\u00fdch model\u016f vytvo\u0159en\u00fdch kombinac\u00ed p\u0159edp\u0159iraven\u00fdch geometrick\u00fdch \u00fatvar\u016f a\u017e po tvorbu model\u016f v parametrick\u00e9m model\u00e1\u0159i.<\/p>\n<h3>KIN\/7GI &#8211; Geoinformatika<\/h3>\n<p>P\u0159edm\u011bt nab\u00edz\u00ed propojen\u00ed obor\u016f informatiky a geografie. V r\u00e1mci kurzu se nau\u010d\u00edte pracovat s GIS (geografick\u00fdmi informa\u010dn\u00edmi syst\u00e9my), vyzkou\u0161\u00edte si\u00a0vytvo\u0159en\u00ed podklad\u016f pro tvorbu map a publikov\u00e1n\u00ed map na internetu. Dozv\u00edte se, jak naprogramovat vlastn\u00ed aplikaci schopnou zpracov\u00e1vat geografick\u00e1 data a jak pomoc\u00ed mobiln\u00edch za\u0159\u00edzen\u00ed po\u0159\u00eddit vlastn\u00ed data o krajin\u011b.<\/p>\n<h3>UAI\/721 Praktikum prezenta\u010dn\u00edch schopnost\u00ed<\/h3>\n<p>Jak zvl\u00e1dnout <strong>vystupov\u00e1n\u00ed<\/strong> a prezentov\u00e1n\u00ed. N\u00e1cvik dovednosti prezentovat, jak zvl\u00e1dnout tr\u00e9mu, p\u0159esv\u011bd\u010div\u00e9 vystupov\u00e1n\u00ed, \u0159e\u010d t\u011bla, jak vzbudit z\u00e1jem, improvizace. Vyu\u010duje se na P\u0159\u00edrodov\u011bdeck\u00e9 fakult\u011b.<\/p>\n<h3>UAI\/765 \u00a0Estetika v\u00a0u\u017eit\u00e9 po\u010d\u00edta\u010dov\u00e9 grafice<\/h3>\n<p>Vhodn\u00e9 <strong>pro po\u010d\u00edta\u010dov\u00e9 grafiky a webdesign\u00e9ry<\/strong>, kte\u0159\u00ed ji\u017e zvl\u00e1daj\u00ed pr\u00e1ci v\u00a0grafick\u00e9m editoru. Porozum\u011bn\u00ed sou\u010dasn\u00e9mu estetick\u00e9mu k\u00f3du, studenti z\u00edskaj\u00ed pov\u011bdom\u00ed o sou\u010dasn\u00fdch estetick\u00fdch norm\u00e1ch. Vyu\u010duje se na P\u0159\u00edrodov\u011bdeck\u00e9 fakult\u011b, ov\u0161em u\u010ditelem z\u00a0katedry v\u00fdtvarn\u00e9 v\u00fdchovy PF.<\/p>\n<p>&nbsp;<\/p>\n<h3><strong>Pozn\u00e1mky<\/strong>:<\/h3>\n<ul>\n<li>P\u0159edm\u011bty z\u00a0nab\u00eddky si v\u017edy m\u016f\u017eete vybrat jako C p\u0159edm\u011bt. Kdy\u017e jej n\u00e1hodou nespln\u00edte, nic z\u00a0hlediska studia se ned\u011bje.<\/li>\n<li>Studenti oboru ITA, pokud budou pokra\u010dovat v\u00a0navazuj\u00edc\u00edm studiu, budou m\u00edt n\u011bkter\u00e9 z\u00a0vyjmenovan\u00fdch p\u0159edm\u011bt\u016f za\u010d\u00ednaj\u00edc\u00edch 0 jako povinn\u00e9. Mohou si p\u0159edm\u011bt \u201eodchodit\u201c v\u00a0bc. stupni studia a pozd\u011bji si jej nechat uznat.<\/li>\n<li>P\u0159edm\u011bty na p\u0159\u00edrodov\u011bdeck\u00e9 fakult\u011b jsou sou\u010d\u00e1st\u00ed studijn\u00edho pl\u00e1nu n\u011bkter\u00fdch z\u00a0na\u0161ich studijn\u00edch obor\u016f a na \u00fa\u010dasti na\u0161ich student\u016f jsme s\u00a0P\u0159F domluveni.<\/li>\n<li>V\u017edy se pod\u00edvejte do sylabu p\u0159edm\u011btu ve Stagu, jak\u00e9 se o\u010dek\u00e1vaj\u00ed vstupn\u00ed dovednosti.<\/li>\n<\/ul>\n","protected":false},"excerpt":{"rendered":"<p>Informujeme na\u0161e studenty o tom, \u017ee na letn\u00ed semestr 2025-6\u00a0pl\u00e1nujeme otev\u00edrat n\u011bkter\u00e9 p\u0159edm\u011bty, kter\u00e9 neotev\u00edr\u00e1me ka\u017edoro\u010dn\u011b. Na n\u011bkter\u00fdch z nich&#8230;<\/p>\n","protected":false},"author":8,"featured_media":0,"parent":0,"menu_order":0,"comment_status":"closed","ping_status":"closed","template":"","meta":{"footnotes":""},"class_list":["post-931","page","type-page","status-publish","hentry"],"_links":{"self":[{"href":"https:\/\/katedry.pf.jcu.cz\/kin\/wp-json\/wp\/v2\/pages\/931","targetHints":{"allow":["GET"]}}],"collection":[{"href":"https:\/\/katedry.pf.jcu.cz\/kin\/wp-json\/wp\/v2\/pages"}],"about":[{"href":"https:\/\/katedry.pf.jcu.cz\/kin\/wp-json\/wp\/v2\/types\/page"}],"author":[{"embeddable":true,"href":"https:\/\/katedry.pf.jcu.cz\/kin\/wp-json\/wp\/v2\/users\/8"}],"replies":[{"embeddable":true,"href":"https:\/\/katedry.pf.jcu.cz\/kin\/wp-json\/wp\/v2\/comments?post=931"}],"version-history":[{"count":0,"href":"https:\/\/katedry.pf.jcu.cz\/kin\/wp-json\/wp\/v2\/pages\/931\/revisions"}],"wp:attachment":[{"href":"https:\/\/katedry.pf.jcu.cz\/kin\/wp-json\/wp\/v2\/media?parent=931"}],"curies":[{"name":"wp","href":"https:\/\/api.w.org\/{rel}","templated":true}]}}