{"id":677,"date":"2019-11-17T14:26:15","date_gmt":"2019-11-17T13:26:15","guid":{"rendered":"https:\/\/katedry.pf.jcu.cz\/kin\/?page_id=677"},"modified":"2023-12-26T15:23:25","modified_gmt":"2023-12-26T14:23:25","slug":"webinare-kin","status":"publish","type":"page","link":"https:\/\/katedry.pf.jcu.cz\/kin\/pro-studenty\/webinare-kin\/","title":{"rendered":"Webin\u00e1\u0159e KIN"},"content":{"rendered":"<h3>Z\u00e1znamy webin\u00e1\u0159\u016f na t\u00e9ma interaktivn\u00ed v\u00fduky, v\u00fduky programov\u00e1n\u00ed a vyu\u017eit\u00ed um\u011bl\u00e9 inteligence<\/h3>\n<ol>\n<li><a href=\"https:\/\/www.youtube.com\/embed\/bSaIcXNyVyU?feature=oembed&amp;controls=1&amp;mute=0\">Z\u00e1kladn\u00ed vyu\u017eit\u00ed a ovl\u00e1d\u00e1n\u00ed tabule\/displeje Smart Board<\/a> (Patrik Klof\u00e1\u010d, 7 minut)<\/li>\n<li><a href=\"https:\/\/www.youtube.com\/embed\/rQhIO6SSml0?feature=oembed&amp;controls=1&amp;mute=0\">Plnohodnotn\u00e9 vyu\u017eit\u00ed interaktivn\u00ed tabule<\/a>, program Smart Notebook, uk\u00e1zky \u017e\u00e1kovsk\u00fdch aktivit, zdroje aktivit na internetu (Petr Pexa, vys\u00edl\u00e1no 23. 10. 2019, 60 minut)<\/li>\n<li><a href=\"https:\/\/www.youtube.com\/embed\/xFF194oIXeo?feature=oembed&amp;controls=1&amp;mute=0\">Tvorba vlastn\u00edch aktivit<\/a> z\u00e1kladn\u00edmi n\u00e1stroji programu Smart Notebook (Petr Pexa, vys\u00edl\u00e1no 30. 10. 2019, 60 minut)<\/li>\n<li><a href=\"https:\/\/www.youtube.com\/embed\/J3WI-Yef-KU?feature=oembed&amp;controls=1&amp;mute=0\">Tvorba aktivit s vyu\u017eit\u00edm dopl\u0148ku Smart Lab<\/a>, testov\u00e1n\u00ed s vyu\u017eit\u00edm Smart Response, vyu\u017eit\u00ed \u017e\u00e1kovsk\u00fdch mobiln\u00edch za\u0159\u00edzen\u00ed (Petr Pexa, vys\u00edl\u00e1no 6. 11. 2019, 64 minut)<\/li>\n<li><a href=\"https:\/\/www.youtube.com\/embed\/afLdpXsm7XM?feature=oembed&amp;controls=1&amp;mute=0\">Interaktivn\u00ed a 3D u\u010debnice<\/a>, FlexiBooks (Petr Pexa, vys\u00edl\u00e1no 21. 11. 2019, 63 minut)<\/li>\n<li><a href=\"https:\/\/youtu.be\/IZ-mrZi7IUs\">Programov\u00e1n\u00ed pro \u017e\u00e1ky 1. stupn\u011b ve Scratch<\/a> (Ji\u0159\u00ed Van\u00ed\u010dek, 9. 11. 2020, 82 minut)<\/li>\n<li><a href=\"https:\/\/zsnerudovka-my.sharepoint.com\/personal\/mikera_zsnerudova_cz\/_layouts\/15\/stream.aspx?id=%2Fpersonal%2Fmikera%5Fzsnerudova%5Fcz%2FDocuments%2FNahr%C3%A1vky%2FAI%20v%20praxi%20%28pro%20PF%29%2D20231213%5F153259%2DZ%C3%A1znam%20sch%C5%AFzky%2Emp4&amp;nav=eyJyZWZlcnJhbEluZm8iOnsicmVmZXJyYWxBcHAiOiJTdHJlYW1XZWJBcHAiLCJyZWZlcnJhbFZpZXciOiJTaGFyZURpYWxvZy1MaW5rIiwicmVmZXJyYWxBcHBQbGF0Zm9ybSI6IldlYiIsInJlZmVycmFsTW9kZSI6InZpZXcifX0&amp;ga=1&amp;referrer=StreamWebApp%2EWeb&amp;referrerScenario=AddressBarCopied%2Eview\">Um\u011bl\u00e1 inteligence (AI) nejen v pedagogick\u00e9 praxi<\/a>\u00a0(Mgr. Radovan Mike\u0161, 13. 12. 2023, 85 minut)<\/li>\n<\/ol>\n","protected":false},"excerpt":{"rendered":"<p>Z\u00e1znamy webin\u00e1\u0159\u016f na t\u00e9ma interaktivn\u00ed v\u00fduky, v\u00fduky programov\u00e1n\u00ed a vyu\u017eit\u00ed um\u011bl\u00e9 inteligence Z\u00e1kladn\u00ed vyu\u017eit\u00ed a ovl\u00e1d\u00e1n\u00ed tabule\/displeje Smart Board (Patrik&#8230;<\/p>\n","protected":false},"author":10,"featured_media":0,"parent":337,"menu_order":0,"comment_status":"closed","ping_status":"closed","template":"","meta":{"footnotes":""},"class_list":["post-677","page","type-page","status-publish","hentry"],"_links":{"self":[{"href":"https:\/\/katedry.pf.jcu.cz\/kin\/wp-json\/wp\/v2\/pages\/677","targetHints":{"allow":["GET"]}}],"collection":[{"href":"https:\/\/katedry.pf.jcu.cz\/kin\/wp-json\/wp\/v2\/pages"}],"about":[{"href":"https:\/\/katedry.pf.jcu.cz\/kin\/wp-json\/wp\/v2\/types\/page"}],"author":[{"embeddable":true,"href":"https:\/\/katedry.pf.jcu.cz\/kin\/wp-json\/wp\/v2\/users\/10"}],"replies":[{"embeddable":true,"href":"https:\/\/katedry.pf.jcu.cz\/kin\/wp-json\/wp\/v2\/comments?post=677"}],"version-history":[{"count":0,"href":"https:\/\/katedry.pf.jcu.cz\/kin\/wp-json\/wp\/v2\/pages\/677\/revisions"}],"up":[{"embeddable":true,"href":"https:\/\/katedry.pf.jcu.cz\/kin\/wp-json\/wp\/v2\/pages\/337"}],"wp:attachment":[{"href":"https:\/\/katedry.pf.jcu.cz\/kin\/wp-json\/wp\/v2\/media?parent=677"}],"curies":[{"name":"wp","href":"https:\/\/api.w.org\/{rel}","templated":true}]}}