{"id":624,"date":"2025-09-24T10:00:11","date_gmt":"2025-09-24T09:00:11","guid":{"rendered":"https:\/\/katedry.pf.jcu.cz\/kin\/?page_id=624"},"modified":"2025-12-08T10:45:51","modified_gmt":"2025-12-08T09:45:51","slug":"konference-nova-informatika","status":"publish","type":"page","link":"https:\/\/katedry.pf.jcu.cz\/kin\/konference-nova-informatika\/","title":{"rendered":"Expirov\u00e1no:&nbsp;Konference NOV\u00c1 INFORMATIKA pro u\u010ditele 2. stupn\u011b Z\u0160"},"content":{"rendered":"<p><strong>\u00a0 <\/strong><strong>\u00a0<\/strong><img loading=\"lazy\" decoding=\"async\" class=\"alignnone wp-image-1111\" src=\"https:\/\/katedry.pf.jcu.cz\/kin\/wp-content\/uploads\/2025\/09\/NI25-2.jpg\" alt=\"\" width=\"629\" height=\"552\" data-id=\"1111\" \/><\/p>\n<p style=\"text-align: left;\"><strong>Katedra informatiky Pedagogick\u00e9 fakulty Jiho\u010desk\u00e9 univerzity v \u010cesk\u00fdch Bud\u011bjovic\u00edch po\u0159\u00e1d\u00e1<\/strong><br \/>\n<strong> \u00a0\u00a0\u00a0\u00a0\u00a0\u00a0\u00a0\u00a0\u00a0\u00a0\u00a0\u00a0\u00a0\u00a0\u00a0\u00a0\u00a0\u00a0konferenci pro u\u010ditele informatiky pro 2. stupe\u0148 Z\u0160 a v\u00edcelet\u00e1 gymn\u00e1zia.<\/strong><\/p>\n<h4><img loading=\"lazy\" decoding=\"async\" class=\"alignnone wp-image-971\" src=\"https:\/\/katedry.pf.jcu.cz\/kin\/wp-content\/uploads\/2023\/06\/icon-imysleni.png\" alt=\"\" width=\"26\" height=\"28\" data-id=\"971\" \/><\/h4>\n<h4><strong>M\u00edsto a \u010das<\/strong><\/h4>\n<p>P\u00e1tek, 12. prosince 2025, od 8:00 do 15:30 h.<\/p>\n<p>Pedagogick\u00e1 fakulta JU, \u010cesk\u00e9 Bud\u011bjovice, ul. Jeron\u00fdmova (vedle Prioru). <a href=\"https:\/\/mapy.cz\/s\/huracopene\">mapa<\/a><\/p>\n<h4><img loading=\"lazy\" decoding=\"async\" class=\"alignnone wp-image-971\" src=\"https:\/\/katedry.pf.jcu.cz\/kin\/wp-content\/uploads\/2023\/06\/icon-imysleni.png\" alt=\"\" width=\"26\" height=\"28\" data-id=\"971\" \/><\/h4>\n<h4>T\u00e9mata<\/h4>\n<ul>\n<li>Sezn\u00e1men\u00ed s nov\u00fdmi robotick\u00fdmi pom\u016fckami<\/li>\n<li>Nov\u00e9 pou\u017eit\u00ed ji\u017e zn\u00e1m\u00fdch robotick\u00fdch pom\u016fcek<\/li>\n<li>AI a jak se postavit k jej\u00ed v\u00fduce<\/li>\n<li>Pestr\u00e9 metody v\u00fduky informatiky<\/li>\n<\/ul>\n<h4><img loading=\"lazy\" decoding=\"async\" class=\"alignnone wp-image-971\" src=\"https:\/\/katedry.pf.jcu.cz\/kin\/wp-content\/uploads\/2023\/06\/icon-imysleni.png\" alt=\"\" width=\"26\" height=\"28\" data-id=\"971\" \/><\/h4>\n<h4>Plen\u00e1rn\u00ed p\u0159edn\u00e1\u0161ka<\/h4>\n<div>\n<p><em><b>AInformatick\u00e9 my\u0161len\u00ed<\/b><\/em><\/p>\n<p><i>Peter Agh<\/i><\/p>\n<p>Zamysl\u00edme se, co jsou c\u00edle a kurikulum p\u0159\u00edpravy \u017e\u00e1k\u016f na sv\u011bt um\u011bl\u00e9 inteligence.\u00a0 P\u0159edstav\u00edme kurikul\u00e1rn\u00ed framework AIKA. Uk\u00e1\u017eeme si n\u011bkolik p\u0159\u00edklad\u016f do v\u00fduky.<\/p>\n<p>P\u0159edn\u00e1\u0161ej\u00edc\u00ed Peter Agh je autorem u\u010debnic informatick\u00e9ho my\u0161len\u00ed pro 1. stupe\u0148. Vytvo\u0159il \u00a0kurikul\u00e1rn\u00ed r\u00e1mec AIKA, kter\u00fd se stal sou\u010d\u00e1st\u00ed n\u00e1rodn\u00edho pl\u00e1nu AI vzd\u011bl\u00e1v\u00e1n\u00ed na Slovensku.<\/p>\n<\/div>\n<div>\n<h4><img loading=\"lazy\" decoding=\"async\" class=\"alignnone wp-image-971\" src=\"https:\/\/katedry.pf.jcu.cz\/kin\/wp-content\/uploads\/2023\/06\/icon-imysleni.png\" alt=\"\" width=\"26\" height=\"28\" data-id=\"971\" \/><\/h4>\n<\/div>\n<h4>Konferen\u010dn\u00ed vystoupen\u00ed<\/h4>\n<p><strong>Grafov\u00e9 \u00falohy<\/strong><\/p>\n<p>Modelov\u00e1n\u00ed je d\u016fle\u017eitou sou\u010d\u00e1st\u00ed RVP. Z\u00e1rove\u0148 ale stoj\u00ed trochu stranou od b\u011b\u017en\u00e9 \u0161koln\u00ed informatiky. V p\u0159edn\u00e1\u0161ce proto uk\u00e1\u017eeme na praktick\u00fdch probl\u00e9mech v\u00fdznam modelov\u00e1n\u00ed v informatice. D\u00e1le uk\u00e1\u017eeme, jak se d\u00e1 modelov\u00e1n\u00ed pou\u017e\u00edt k \u0159e\u0161en\u00ed (nejen) informatick\u00fdch probl\u00e9m\u016f.<\/p>\n<p><strong>Diskuse jako metoda v\u00fduky a nov\u00e1 u\u010debnice informatiky<\/strong><\/p>\n<p>Nechejme \u017e\u00e1ky diskutovat o informatice. P\u0159edstavujeme u\u010debnici, zalo\u017eenou pr\u00e1v\u011b na metod\u011b diskuse. \u017d\u00e1ci ve skupink\u00e1ch a posl\u00e9ze p\u0159ed celou t\u0159\u00eddou \u0159e\u0161\u00ed informatick\u00e9 \u00falohy. Uk\u00e1\u017eeme si roli u\u010ditele v takto veden\u00e9 v\u00fduce. Tato modern\u00ed metoda dopl\u0148uje tradi\u010dn\u00ed \u0159e\u0161en\u00ed probl\u00e9mov\u00fdch (nap\u0159. programovac\u00edch) \u00faloh a tv\u016fr\u010d\u00ed projektov\u00e9 pr\u00e1ce.<\/p>\n<p><strong>V\u00fduka informatiky v angli\u010dtin\u011b metodou CLIL<\/strong><\/p>\n<p>P\u0159edstav\u00edme v\u00fdukov\u00e9 materi\u00e1ly, vytvo\u0159en\u00e9 u n\u00e1s a otestovan\u00e9 na \u0161kol\u00e1ch, kter\u00e9 v 7 lekc\u00edch vedou \u017e\u00e1ky k z\u00e1klad\u016fm teoretick\u00e9 informatiky (tedy pr\u00e1ce s daty, modelov\u00e1n\u00ed, grafy apod.) tak, \u017ee je t\u00e9ma vyu\u010dov\u00e1no v angli\u010dtin\u011b. Pokud u\u010ditel vl\u00e1dne t\u00edmto jazykem, m\u016f\u017ee b\u00fdt takov\u00e1 v\u00fduka obohacen\u00edm bystr\u00e9ho \u017e\u00e1ka minim\u00e1ln\u011b o anglickou terminologii a zvl\u00e1dne ji i \u017e\u00e1k slab\u0161\u00ed.<\/p>\n<p><strong>Informatick\u00e9 hry pro podporu v\u00fduky \u010desk\u00e9ho jazyka<\/strong><\/p>\n<p class=\"x_-wm-MsoNormal\">Gramat\u00edk a Gramat\u00fdnka je on-line dostupnou sb\u00edrkou \u00faloh, kter\u00e9 u \u017e\u00e1k\u016f rozv\u00edjej\u00ed jak informatick\u00e9, tak jazykov\u00e9 kompetence. Pro \u017e\u00e1ky tak sk\u00fdtaj\u00ed novou, netradi\u010dn\u00ed v\u00fdzvu, jak rozv\u00edjet informatick\u00e9 my\u0161len\u00ed i v\u00a0t\u00e9matech \u010desk\u00e9ho jazyka. Op\u00edraj\u00ed se o informatick\u00e1 t\u00e9mata algoritmizace a modelov\u00e1n\u00ed pomoc\u00ed graf\u016f a jazykov\u00e1 t\u00e9mata jako v\u011btn\u00e1 skladba, slovotvorba \u010di tvaroslov\u00ed. Sb\u00edrka je tedy pokusem o nev\u0161edn\u00ed propojen\u00ed p\u0159edm\u011bt\u016f z kategoricky odli\u0161n\u00fdch vzd\u011bl\u00e1vac\u00edch oblast\u00ed.<\/p>\n<h4><img loading=\"lazy\" decoding=\"async\" class=\"alignnone wp-image-971\" src=\"https:\/\/katedry.pf.jcu.cz\/kin\/wp-content\/uploads\/2023\/06\/icon-imysleni.png\" alt=\"\" width=\"26\" height=\"28\" data-id=\"971\" \/><\/h4>\n<h4>Workshopy<\/h4>\n<p>Workshopy jsou organizov\u00e1ny tak, aby ka\u017ed\u00fd \u00fa\u010dastn\u00edk pro\u0161el v\u0161emi. Nen\u00ed t\u0159eba se na jednotliv\u00e9 workshopy p\u0159ihla\u0161ovat.<\/p>\n<p><strong>Z\u00e1klady AI s micro:bitem<\/strong><br \/>\n<span data-olk-copy-source=\"MessageBody\">Workshop se zam\u011b\u0159\u00ed na mo\u017enosti vyu\u017eit\u00ed micro:bitu v kombinaci s n\u00e1stroji um\u011bl\u00e9 inteligence. B\u011bhem workshopu vytvo\u0159\u00edme jednoduch\u00e9 projekty, v nich\u017e si natr\u00e9nujeme vlastn\u00ed um\u011blou inteligenci, a up\u0159esn\u00edme si, jak lze tyto technologie za\u010dlenit do v\u00fduky.<\/span><\/p>\n<p><b>Programujeme Ozobota<\/b><br \/>\nOzobot je zd\u00e1nlin\u011b primitivn\u00ed hra\u010dka na kreslen\u00ed \u010dar a k\u00f3d\u016f. M\u00e1lokdo na \u0161kol\u00e1ch jej pou\u017e\u00edv\u00e1 tak, \u017ee by jej naprogramoval. Vyzkou\u0161\u00edme si, jak se takov\u00fd Ozobot programuje v blokov\u00e9m programov\u00e1n\u00ed.<\/p>\n<p><strong>Robotick\u00fd vl\u00e1\u010dek<\/strong><\/p>\n<p>Intelino je robot, pohybuj\u00edc\u00ed se po kolej\u00edch a reaguj\u00edc\u00ed na barevn\u00e9 k\u00f3dy. M\u016f\u017eeme jej tedy programovat a pomoc\u00ed toho \u0159e\u0161it probl\u00e9my. Vyzkou\u0161\u00edme si jeho ovl\u00e1d\u00e1n\u00ed. Sou\u010dasn\u011b si m\u016f\u017eeme ud\u011blat p\u0159edstavu o tom, jak funguje automatizace v \u017eelezni\u010dn\u00ed doprav\u011b.<\/p>\n<p><strong>Ovl\u00e1d\u00e1n\u00ed perif\u00e9ri\u00ed micro:bitu: LED p\u00e1sek<\/strong><\/p>\n<p>Programov\u00e1n\u00ed micro:bitu bez pou\u017eit\u00ed p\u0159ipojen\u00fdch periferi\u00ed nen\u00ed to prav\u00e9. Barevn\u00fd LED p\u00e1sek je efektn\u00ed p\u0159\u00edslu\u0161enstv\u00ed, jeho\u017e naprogramov\u00e1n\u00ed nen\u00ed obt\u00ed\u017en\u00e9 a poskytuje rychl\u00e9 a kr\u00e1sn\u00e9 barevn\u00e9 efekty. Ve workshopu si dvojice \u010di jednotlivci sami naprogramuj\u00ed p\u00e1sek, aby sv\u00edtil nap\u0159. m\u011b\u0148avou barvou, ka\u017ed\u00e1 dioda jinou barvou nebo aby reagoval na jin\u00fd senzor.<\/p>\n<p>&nbsp;<\/p>\n<p><img loading=\"lazy\" decoding=\"async\" class=\"alignnone wp-image-971\" src=\"https:\/\/katedry.pf.jcu.cz\/kin\/wp-content\/uploads\/2023\/06\/icon-imysleni.png\" alt=\"\" width=\"26\" height=\"28\" data-id=\"971\" \/><\/p>\n<h4>Program konference<\/h4>\n<ul style=\"list-style-type: circle;\">\n<li>7:30 Start registrace (3. patro)<\/li>\n<li>8:00 Zah\u00e1jen\u00ed, \u00favodn\u00ed slovo (J405)<\/li>\n<li>8:30 Konferen\u010dn\u00ed vystoupen\u00ed<\/li>\n<li>10:00 P\u0159est\u00e1vka na k\u00e1vu (chodba 1. patro)<\/li>\n<li>10:30 Workshopy &#8211; 1. \u010d\u00e1st<\/li>\n<li>11:30 Workshopy &#8211; 2. \u010d\u00e1st<\/li>\n<li>12:15 P\u0159est\u00e1vka, ob\u010derstven\u00ed (chodba 1. patro)<\/li>\n<li>13:00 Plen\u00e1rn\u00ed p\u0159edn\u00e1\u0161ka (J227)<\/li>\n<li>13:45 Workshopy &#8211; 3. \u010d\u00e1st<\/li>\n<li>14:45 Workshopy &#8211; 4. \u010d\u00e1st<\/li>\n<li>15:30 P\u0159ed\u00e1n\u00ed certifik\u00e1t\u016f, z\u00e1v\u011br konference<\/li>\n<\/ul>\n<h4><img loading=\"lazy\" decoding=\"async\" class=\"alignnone wp-image-971\" src=\"https:\/\/katedry.pf.jcu.cz\/kin\/wp-content\/uploads\/2023\/06\/icon-imysleni.png\" alt=\"\" width=\"26\" height=\"28\" data-id=\"971\" \/><\/h4>\n<h4>Dal\u0161\u00ed informace<\/h4>\n<p>Akce je akreditov\u00e1na jako dal\u0161\u00ed vzd\u011bl\u00e1v\u00e1n\u00ed u\u010ditel\u016f a je mo\u017eno hradit ji ze \u201e\u0161ablon\u201c. \u00da\u010dastn\u00edci obdr\u017e\u00ed certifik\u00e1t.<\/p>\n<p>Poplatek za \u00fa\u010dast je 1200 K\u010d.<\/p>\n<p>Sou\u010d\u00e1st\u00ed konference je ob\u010derstven\u00ed.<\/p>\n<p>Plak\u00e1t konference je ke st\u00e1hnut\u00ed dole na str\u00e1nce.<\/p>\n<h4><img loading=\"lazy\" decoding=\"async\" class=\"alignnone wp-image-971\" src=\"https:\/\/katedry.pf.jcu.cz\/kin\/wp-content\/uploads\/2023\/06\/icon-imysleni.png\" alt=\"\" width=\"26\" height=\"28\" data-id=\"971\" \/><\/h4>\n<p><strong>Registrace na konferenci<br \/>\nVelice si v\u00e1\u017e\u00edme Va\u0161eho z\u00e1jmu o na\u0161i konferenci. Vzhledem k napln\u011bn\u00ed kapacity ji\u017e nen\u00ed mo\u017en\u00e9 p\u0159ij\u00edmat dal\u0161\u00ed registrace. D\u011bkujeme za pochopen\u00ed.<br \/>\n<\/strong><\/p>\n<p><a href=\"https:\/\/katedry.pf.jcu.cz\/kin\/wp-content\/uploads\/2024\/10\/Plak\u00e1t-NI.pdf\">Plak\u00e1t NOV\u00c1 INFORMATIKA<\/a><\/p>\n","protected":false},"excerpt":{"rendered":"<p>\u00a0 \u00a0 Katedra informatiky Pedagogick\u00e9 fakulty Jiho\u010desk\u00e9 univerzity v \u010cesk\u00fdch Bud\u011bjovic\u00edch po\u0159\u00e1d\u00e1 \u00a0\u00a0\u00a0\u00a0\u00a0\u00a0\u00a0\u00a0\u00a0\u00a0\u00a0\u00a0\u00a0\u00a0\u00a0\u00a0\u00a0\u00a0konferenci pro u\u010ditele informatiky pro 2. stupe\u0148 Z\u0160&#8230;<\/p>\n","protected":false},"author":8,"featured_media":0,"parent":0,"menu_order":0,"comment_status":"closed","ping_status":"closed","template":"","meta":{"footnotes":""},"class_list":["post-624","page","type-page","status-publish","hentry","post-expired"],"_links":{"self":[{"href":"https:\/\/katedry.pf.jcu.cz\/kin\/wp-json\/wp\/v2\/pages\/624","targetHints":{"allow":["GET"]}}],"collection":[{"href":"https:\/\/katedry.pf.jcu.cz\/kin\/wp-json\/wp\/v2\/pages"}],"about":[{"href":"https:\/\/katedry.pf.jcu.cz\/kin\/wp-json\/wp\/v2\/types\/page"}],"author":[{"embeddable":true,"href":"https:\/\/katedry.pf.jcu.cz\/kin\/wp-json\/wp\/v2\/users\/8"}],"replies":[{"embeddable":true,"href":"https:\/\/katedry.pf.jcu.cz\/kin\/wp-json\/wp\/v2\/comments?post=624"}],"version-history":[{"count":0,"href":"https:\/\/katedry.pf.jcu.cz\/kin\/wp-json\/wp\/v2\/pages\/624\/revisions"}],"wp:attachment":[{"href":"https:\/\/katedry.pf.jcu.cz\/kin\/wp-json\/wp\/v2\/media?parent=624"}],"curies":[{"name":"wp","href":"https:\/\/api.w.org\/{rel}","templated":true}]}}