{"id":436,"date":"2018-05-10T17:31:44","date_gmt":"2018-05-10T16:31:44","guid":{"rendered":"http:\/\/katedry.pf.jcu.cz\/kin\/?page_id=436"},"modified":"2020-10-12T11:02:43","modified_gmt":"2020-10-12T10:02:43","slug":"rigorozni-zkouska","status":"publish","type":"page","link":"https:\/\/katedry.pf.jcu.cz\/kin\/studijni-obory\/rigorozni-zkouska\/","title":{"rendered":"Rigor\u00f3zn\u00ed zkou\u0161ka"},"content":{"rendered":"<p>Na kated\u0159e informatiky lze v r\u00e1mci rigor\u00f3zn\u00edho \u0159\u00edzen\u00ed po slo\u017een\u00ed st\u00e1tn\u00ed zkou\u0161ky a obh\u00e1jen\u00ed rigor\u00f3zn\u00ed pr\u00e1ce z\u00edskat titul PhDr. (p\u0159ed jm\u00e9nem).<\/p>\n<p>K t\u00e9to zkou\u0161ce neexistuje \u017e\u00e1dn\u00e9 studium. \u0158\u00edzen\u00ed prob\u00edh\u00e1 tak, \u017ee se uchaze\u010d p\u0159ihl\u00e1s\u00ed ke zkou\u0161ce, odevzd\u00e1 rigor\u00f3zn\u00ed pr\u00e1ci a v dan\u00fd term\u00edn bude vyzv\u00e1n ke slo\u017een\u00ed st\u00e1tn\u00ed zkou\u0161ky a obhajob\u011b pr\u00e1ce. Uchaze\u010d m\u016f\u017ee vyu\u017e\u00edt konzultace na kated\u0159e k t\u00e9matu a povaze sv\u00e9 pr\u00e1ce.<\/p>\n<p>P\u0159ihl\u00e1sit se m\u016f\u017ee absolvent mgr. studi\u00ed (typicky pedagogick\u00fdch studi\u00ed informatiky).<\/p>\n<p>Ve\u0161ker\u00e9 dal\u0161\u00ed informace najdete na\u00a0<a href=\"https:\/\/www.pf.jcu.cz\/research\/rigorozni_rizeni\/\">https:\/\/www.pf.jcu.cz\/research\/rigorozni_rizeni\/<\/a><\/p>\n<p>&nbsp;<\/p>\n<h2>Po\u017eadavky na rigor\u00f3zn\u00ed pr\u00e1ci<\/h2>\n<p>&nbsp;<\/p>\n<p>Uchaze\u010d v rigor\u00f3zn\u00ed pr\u00e1ci zpracuje z\u00e1va\u017en\u00fd probl\u00e9m v\u00fduky informatiky nebo v\u00fduky podporovan\u00e9 po\u010d\u00edta\u010dem na z\u00e1kladn\u00ed \u0161kole. Zam\u011b\u0159en\u00ed pr\u00e1ce p\u0159edem konzultuje s vedouc\u00edm katedry. Rigor\u00f3zn\u00ed pr\u00e1ce m\u00e1 p\u0159ibli\u017en\u011b rozsah pr\u00e1ce diplomov\u00e9, vych\u00e1z\u00ed ze studia literatury a osobn\u00ed zku\u0161enosti z\u00e1jemce, je\u017e z\u00edskal v pedagogick\u00e9 praxi. V rigor\u00f3zn\u00ed pr\u00e1ci mus\u00ed uchaze\u010d osv\u011bd\u010dit pr\u00e1ci s literaturou, odborn\u00fdmi texty a cizojazy\u010dn\u00fdmi prameny. Rigor\u00f3zn\u00ed pr\u00e1ce mus\u00ed obsahovat p\u016fvodn\u00ed v\u00fdsledky nebo origin\u00e1ln\u00ed zpracov\u00e1n\u00ed ucelen\u00e9 \u010d\u00e1sti problematiky dan\u00e9ho oboru. Rigor\u00f3zn\u00ed pr\u00e1ce zcela kompila\u010dn\u00ed, neobsahuj\u00edc\u00ed vlastn\u00ed p\u0159\u00ednos, jako\u017e i pr\u00e1ce bez teoretick\u00e9ho v\u00fdchodiska, jako\u017e i pr\u00e1ce pouze teoretick\u00e9, bez praktick\u00e9ho ov\u011b\u0159en\u00ed, nebudou p\u0159ijaty.<\/p>\n<p>Rigor\u00f3zn\u00ed pr\u00e1ci lze odevzdat v jin\u00e9m ne\u017e \u010desk\u00e9m jazyce jen s p\u0159edchoz\u00edm souhlasem p\u0159edsedy komise pro rigor\u00f3zn\u00ed zkou\u0161ku. Resum\u00e9 rigor\u00f3zn\u00ed pr\u00e1ce mus\u00ed b\u00fdt v tomto p\u0159\u00edpad\u011b zpracov\u00e1no v \u010desk\u00e9m jazyce.<\/p>\n<p>Rigor\u00f3zn\u00ed pr\u00e1ce m\u016f\u017ee m\u00edt formu souboru uve\u0159ejn\u011bn\u00fdch prac\u00ed uchaze\u010de nebo prac\u00ed p\u0159ijat\u00fdch k uve\u0159ejn\u011bn\u00ed, kter\u00fd uchaze\u010d opat\u0159\u00ed ucelen\u00fdm \u00favodem do problematiky a koment\u00e1\u0159i.<\/p>\n<p>&nbsp;<\/p>\n<h3>P\u0159\u00edklady t\u00e9mat rigor\u00f3zn\u00edch prac\u00ed<\/h3>\n<ul>\n<li>Online vzd\u011bl\u00e1v\u00e1n\u00ed na z\u00e1kladn\u00ed \u0161kole.<\/li>\n<li>Probl\u00e9my implementace e-learningu na \u0161kole.<\/li>\n<li>Syst\u00e9m evaluace v\u00fdsledk\u016f studia informatiky na st\u0159edn\u00ed (z\u00e1kladn\u00ed) \u0161kole.<\/li>\n<li>Zav\u00e1d\u011bn\u00ed po\u010d\u00edta\u010dem podporovan\u00e9 v\u00fduky v p\u0159edm\u011btu matematika (fyzika, zem\u011bpis, v\u00fdtvarn\u00e1 v\u00fdchova &#8230;)<\/li>\n<li>Vyu\u017eit\u00ed po\u010d\u00edta\u010dov\u00e9 techniky pro handicapovan\u00e9.<\/li>\n<li>V\u00fduka robotiky na z\u00e1kladn\u00ed \u0161kole a jej\u00ed c\u00edle.<\/li>\n<li>Probl\u00e9mov\u00e1 v\u00fduka programov\u00e1n\u00ed.<\/li>\n<li>Po\u010d\u00edta\u010dov\u00e1 grafika a jej\u00ed m\u00edsto ve v\u00fduce informatiky na Z\u0160 a S\u0160.<\/li>\n<li>Vyu\u017eit\u00ed multim\u00e9di\u00ed v procesu tvorby v\u00fdukov\u00fdch materi\u00e1l\u016f.<\/li>\n<li>Modern\u00ed programovac\u00ed didaktick\u00e9 jazyky ve v\u00fduce programov\u00e1n\u00ed na Z\u0160, S\u0160.<\/li>\n<li>Matematick\u00e9 metody pro programov\u00e1n\u00ed a jejich implementace na S\u0160.<\/li>\n<li>T\u00e9ma k\u00f3dov\u00e1n\u00ed dat na z\u00e1kladn\u00ed \u0161kole.<\/li>\n<li>Modern\u00ed formy po\u010d\u00edta\u010dov\u00fdch prezentac\u00ed ve v\u00fduce v\u00fdpo\u010detn\u00ed techniky.<\/li>\n<li>Maturity z informatiky, porovn\u00e1n\u00ed s okoln\u00edmi st\u00e1ty<\/li>\n<li>Kompetence absolventa 1. stupn\u011b Z\u0160 v oblasti informatiky.<\/li>\n<li>Vyu\u017eit\u00ed skriptovac\u00edch jazyk\u016f v aplikac\u00edch v oblasti v\u00fduky.<\/li>\n<\/ul>\n<p>&nbsp;<\/p>\n<h2>Zkou\u0161ka<\/h2>\n<p>&nbsp;<\/p>\n<p>\u00dastn\u00ed \u010d\u00e1st st\u00e1tn\u00ed rigor\u00f3zn\u00ed zkou\u0161ky se zam\u011b\u0159uje na informatiku v\u010detn\u011b nov\u00fdch poznatk\u016f v oboru a teorii vyu\u010dov\u00e1n\u00ed informatiky. Dal\u0161\u00ed \u010d\u00e1st zkou\u0161ky obsahuje vybran\u00e9 okruhy z d\u011bjin filozofie a z pedagogiky, resp. psychologie.<\/p>\n<p>&nbsp;<\/p>\n<h3>Informatika v\u010detn\u011b nov\u00fdch poznatk\u016f v oboru<\/h3>\n<p>Po\u017eadavky navazuj\u00ed svou n\u00e1pln\u00ed na st\u00e1tn\u00ed z\u00e1v\u011bre\u010dn\u00e9 zkou\u0161ky v magistersk\u00e9m studiu. Uchaze\u010d o doktor\u00e1t m\u00e1 prok\u00e1zat, \u017ee nejen \u00fasp\u011b\u0161n\u011b roz\u0161\u00ed\u0159il znalosti problematiky v\u00fdpo\u010detn\u00ed techniky oproti \u00farovni magistersk\u00e9, ale je schopen integrovat poznatky jak v r\u00e1mci uveden\u00e9ho oboru, tak i v oblasti mezioborov\u00e9. Kandid\u00e1t m\u00e1 b\u00fdt schopen \u0159e\u0161it probl\u00e9my v oboru t\u00e9\u017e s u\u017eit\u00edm matematiky, m\u011bl by um\u011bt nap\u0159. vytv\u00e1\u0159et a vyu\u017e\u00edvat matematick\u00e9 modely, vyu\u017e\u00edvat pokro\u010dil\u00e9 techniky pr\u00e1ce s po\u010d\u00edta\u010dem (v oblasti zpracov\u00e1n\u00ed dat, p\u0159i programov\u00e1n\u00ed, p\u0159i pr\u00e1ci s multim\u00e9dii a tvorb\u011b slo\u017eit\u011bj\u0161\u00edch webov\u00fdch str\u00e1nek, v oblasti digitalizace), zn\u00e1t principy opera\u010dn\u00edch syst\u00e9m\u016f a po\u010d\u00edta\u010dov\u00fdch s\u00edt\u00ed. Uchaze\u010d je dostate\u010dn\u011b sezn\u00e1men s problematikou v\u00fdkonnosti, spolehlivosti a bezpe\u010dnosti po\u010d\u00edta\u010dov\u00fdch syst\u00e9m\u016f. P\u0159i zkou\u0161ce kladen\u00e9 ot\u00e1zky se p\u0159ev\u00e1\u017en\u011b t\u00fdkaj\u00ed t\u00e9matu p\u0159edlo\u017een\u00e9 rigor\u00f3zn\u00ed pr\u00e1ce.<\/p>\n<p>&nbsp;<\/p>\n<h3>Teorie vyu\u010dov\u00e1n\u00ed informatiky<\/h3>\n<p>Zahrnuje problematiku spojenou s v\u00fdukou informatiky a v\u00fdpo\u010detn\u00ed techniky s ohledem na zam\u011b\u0159en\u00ed rigor\u00f3zn\u00ed pr\u00e1ce. Navazuj\u00ed na po\u017eadavky ke st\u00e1tn\u00ed z\u00e1v\u011bre\u010dn\u00e9 zkou\u0161ce z didaktiky informatiky a zahrnuj\u00ed t\u00e9\u017e oblasti po\u010d\u00edta\u010dem podporovan\u00e9 v\u00fduky jin\u00fdch p\u0159edm\u011bt\u016f, informatizace \u0161kolstv\u00ed a st\u00e1tn\u00ed politiky v tomto sm\u011bru, distan\u010dn\u00ed v\u00fdukov\u00e9 formy v\u010detn\u011b e-learningu, je\u017e umo\u017en\u00ed uchaze\u010di vytv\u00e1\u0159et n\u00e1zory na v\u00fduku a zd\u016fvod\u0148ovat je jak podklady ze studia, tak i z individu\u00e1ln\u00ed zku\u0161enosti. P\u0159i kon\u00e1n\u00ed zkou\u0161ky se z rigor\u00f3zn\u00ed pr\u00e1ce vych\u00e1z\u00ed a ot\u00e1zky jsou pokl\u00e1d\u00e1ny na z\u00e1klad\u011b oponentsk\u00fdch posudk\u016f, aby se vyjasnily p\u0159\u00edpadn\u00e9 p\u0159ipom\u00ednky a komise se p\u0159esv\u011bd\u010dila o kvalit\u011b u\u010ditelsk\u00e9 p\u0159ipravenosti z\u00e1jemce o rigor\u00f3zn\u00ed \u0159\u00edzen\u00ed.<\/p>\n<p>&nbsp;<\/p>\n<h2>Doporu\u010den\u00e1 literatura:<\/h2>\n<p>&nbsp;<\/p>\n<p>BENE\u0160, P., RAMBOUSEK, VL., FIALOV \u00c1, I. Vzd\u011bl\u00e1v\u00e1n\u00ed pro \u017eivot v informa\u010dn\u00edspole\u010dnosti. Praha : PF UK, 2005.<br \/>\nBRDI\u010cKA, B. Role internetu ve vzd\u011bl\u00e1v\u00e1n\u00ed. Aisis, 2003.<br \/>\nBURE\u0160, M., MOR\u00c1VEK, A., JEL\u00cdNEK, I. Nov\u00e1 generace webov\u00fdch technologi\u00ed. Vox, 2005.<br \/>\nCORMEN, LEISERSON, RIVEST, STEIN. Introduction to algorithms (2nd Edition). McGraw Hill, 2001.<br \/>\n\u010cERNOCHOV\u00c1, M.,\u00a0 KOMRSKA, T., NOV\u00c1K, J. Vyu\u017eit\u00ed po\u010d\u00edta\u010de p\u0159i vyu\u010dov\u00e1n\u00ed., Praha: Pedagogika, 2001<br \/>\n\u010cE\u0160KA, M., R\u00c1BOV\u00c1, Z. Gramatiky a jazyky. Brno: VUT, 1992.<br \/>\nDIESTEL, R. Graph Theory. New York: Springer-Verlag , 2000.<br \/>\nEGELMANN, L. Informatik bis zum Abitur. Paetec-Verlag, Berlin, 2002 14<br \/>\nHABIBALLA, H. Teoretick\u00e9 z\u00e1klady informatiky. Ostravsk\u00e1 univerzita 2003<br \/>\nHENDL, J. P\u0159ehled statistick\u00fdch metod zpracov\u00e1n\u00ed dat. Port\u00e1l, 2004.<br \/>\nHOR\u00c1K, J. Hardware. U\u010debnice pro pokro\u010dil\u00e9. Computer Press, 2004.<br \/>\nCHR\u00c1SKA, M. Didaktick\u00e9 testy. Paido, 1999.<br \/>\nCHR\u00c1SKA, M. Metody pedagogick\u00e9ho v\u00fdzkumu. Z\u00e1klady kvantitativn\u00edho v\u00fdzkumu. Grada, 2007<br \/>\nJAL\u016eVKA, J. Modern\u00ed po\u010d\u00edta\u010dov\u00e9 viry. Podstata, prevence, ochrana. Computer Press, 2001.<br \/>\nJIROU\u0160EK, a kol. Principy digit\u00e1ln\u00ed komunikace. Leda, 2006.<br \/>\nKALA\u0160, I., BLAHO, A. Programovanie? Pou\u017e\u00edvanie? Porozumenie. [online] Sborn\u00edk semin\u00e1\u0159e Po\u0161kole, 1997. Znovu publikov\u00e1no Metodick\u00fd port\u00e1l RVP, 2008.<br \/>\nKOFLER, M. PHP 5 a MySQL 5. Pr\u016fvodce webov\u00e9ho program\u00e1tora. Computer Press, 2007.<br \/>\nKOPECK\u00dd, K. E-learning (nejen) pro pedagogy. Hanex, 2006.<br \/>\nKOVALIKOV\u00c1, S. Integrovan\u00e1 tematick\u00e1 v\u00fduka &#8211; model. Krom\u011b\u0159\u00ed\u017e: Spir\u00e1la, 1995.<br \/>\nK\u0158EMEN, J. Modely a syst\u00e9my. Academia, 2007.<br \/>\nKUBE\u0160, J. a kol. Po\u010d\u00edta\u010de ve v\u00fduce p\u0159\u00edrodov\u011bdn\u00fdch p\u0159edm\u011bt\u016f. Fraus, 2005.<br \/>\nMARUYAMA, H., TAMURA, K., NAKAMURA, Y. XML and Java(TM): Developing Web Applications. Amazon Com, 2006.<br \/>\nMATOU\u0160EK, J., NE\u0160ET\u0158IL, J. Kapitoly z diskr\u00e9tn\u00ed matematiky. Praha: Karolinum, 2000.<br \/>\nMUELLER, S. Osobn\u00ed po\u010d\u00edta\u010d. Nejpodrobn\u011bj\u0161\u00ed pr\u016fvodce hardwarem PC. Computer Press, 2001.<br \/>\nMURRAY, J., VANRYPER, W. Encyklopedie grafick\u00fdch form\u00e1t\u016f. Computer Press, 2005.<br \/>\nNAVR\u00c1TIL, P. Po\u010d\u00edta\u010dov\u00e1 grafika a multim\u00e9dia. Computer Media, 2007.<br \/>\nPASCH, M. Od vzd\u011bl\u00e1vac\u00edho programu k vyu\u010dovac\u00ed hodin\u011b. Port\u00e1l, 2005.<br \/>\nPINKER, J. Mikroprocesory a mikropo\u010d\u00edta\u010de. BEN &#8211; technick\u00e1 literatura, 2004.<br \/>\nP\u016eLP\u00c1N Z. Z\u00e1klady sestavov\u00e1n\u00ed a vyhodnocov\u00e1n\u00ed didaktick\u00fdch test\u016f. Hradec Kr\u00e1l. 1991.<br \/>\nR\u00e1mcov\u00e9 vzd\u011bl\u00e1vac\u00ed programy pro z\u00e1kladn\u00ed vzd\u011bl\u00e1v\u00e1n\u00ed, pro gymn\u00e1zia. M\u0160MT, 2006.<br \/>\nSAK, P., SKALKOV\u00c1, J., MARE\u0160, J. \u010clov\u011bk a vzd\u011bl\u00e1n\u00ed v informa\u010dn\u00ed spole\u010dnosti. Port\u00e1l, 2007.<br \/>\nSCHUBERT, S., SCHWILL, A. Didaktik der Informatik. Heidelberg: Spektrum Akademischer Verlag, 2004<br \/>\nSKO\u010cOVSK\u00dd, L. Computer science enjoyer. [online] Brno: Sko\u010dovsk\u00fd, 2007.<br \/>\nSou\u010dasn\u00e9 u\u010debnice informatiky pro z\u00e1kladn\u00ed a st\u0159edn\u00ed \u0161koly (\u010desk\u00e9, slovensk\u00e9).<br \/>\nSTALLINGS, W. Operating Systems. Prentice Hall, 2001.<br \/>\nT\u016eMA, T. Po\u010d\u00edta\u010dov\u00e1 grafika a design. Computer Press, 2007.<br \/>\nZELINKOV\u00c1, O. Pedagogick\u00e1 diagnostika a individu\u00e1ln\u00ed vzd\u011bl\u00e1vac\u00ed program. Port\u00e1l, 2007<\/p>\n","protected":false},"excerpt":{"rendered":"<p>Na kated\u0159e informatiky lze v r\u00e1mci rigor\u00f3zn\u00edho \u0159\u00edzen\u00ed po slo\u017een\u00ed st\u00e1tn\u00ed zkou\u0161ky a obh\u00e1jen\u00ed rigor\u00f3zn\u00ed pr\u00e1ce z\u00edskat titul PhDr. (p\u0159ed&#8230;<\/p>\n","protected":false},"author":10,"featured_media":0,"parent":333,"menu_order":0,"comment_status":"closed","ping_status":"closed","template":"","meta":{"footnotes":""},"class_list":["post-436","page","type-page","status-publish","hentry"],"_links":{"self":[{"href":"https:\/\/katedry.pf.jcu.cz\/kin\/wp-json\/wp\/v2\/pages\/436","targetHints":{"allow":["GET"]}}],"collection":[{"href":"https:\/\/katedry.pf.jcu.cz\/kin\/wp-json\/wp\/v2\/pages"}],"about":[{"href":"https:\/\/katedry.pf.jcu.cz\/kin\/wp-json\/wp\/v2\/types\/page"}],"author":[{"embeddable":true,"href":"https:\/\/katedry.pf.jcu.cz\/kin\/wp-json\/wp\/v2\/users\/10"}],"replies":[{"embeddable":true,"href":"https:\/\/katedry.pf.jcu.cz\/kin\/wp-json\/wp\/v2\/comments?post=436"}],"version-history":[{"count":0,"href":"https:\/\/katedry.pf.jcu.cz\/kin\/wp-json\/wp\/v2\/pages\/436\/revisions"}],"up":[{"embeddable":true,"href":"https:\/\/katedry.pf.jcu.cz\/kin\/wp-json\/wp\/v2\/pages\/333"}],"wp:attachment":[{"href":"https:\/\/katedry.pf.jcu.cz\/kin\/wp-json\/wp\/v2\/media?parent=436"}],"curies":[{"name":"wp","href":"https:\/\/api.w.org\/{rel}","templated":true}]}}