

{"id":367,"date":"2018-02-28T14:08:18","date_gmt":"2018-02-28T13:08:18","guid":{"rendered":"http:\/\/katedry.pf.jcu.cz\/kin\/?page_id=367"},"modified":"2020-02-23T15:35:14","modified_gmt":"2020-02-23T14:35:14","slug":"moznost-uznani-predmetu","status":"publish","type":"page","link":"https:\/\/katedry.pf.jcu.cz\/kin\/test-it\/moznost-uznani-predmetu\/","title":{"rendered":"Mo\u017enost uzn\u00e1n\u00ed p\u0159edm\u011btu"},"content":{"rendered":"<p>Garant p\u0159edm\u011btu m\u016f\u017ee v opr\u00e1vn\u011bn\u00fdch p\u0159\u00edpadech uznat nabyt\u00e9 znalosti v rozsahu ITT po p\u0159edlo\u017een\u00ed odpov\u00eddaj\u00edc\u00edho dokladu. Uznat p\u0159edm\u011bt ITT (stejn\u011b jako SINK1, SIAK1 nebo UVTU) lze nap\u0159\u00edklad v p\u0159\u00edpad\u011b, kdy student\/ka:<\/p>\n<ul>\n<li>absolvoval\/a obdobn\u00fd p\u0159edm\u011bt na stejn\u00e9\/jin\u00e9 V\u0160<\/li>\n<li>vlastn\u00ed odpov\u00eddaj\u00edc\u00ed ECDL certifik\u00e1t<\/li>\n<\/ul>\n<p>V p\u0159\u00edpad\u011b, \u017ee student ji\u017e <b>absolvoval p\u0159edm\u011bt ITT v p\u0159edchoz\u00edch letech studia<\/b>, \u017e\u00e1d\u00e1 o jeho uzn\u00e1n\u00ed <b>vedouc\u00edho katedry informatiky <a href=\"http:\/\/katedry.pf.jcu.cz\/kin\/clen\/jiri-vanicek\/\">doc. Van\u00ed\u010dka<\/a><\/b> nebo garanta p\u0159edm\u011btu <a title=\"Hana Havelkov\u00e1\" href=\"http:\/\/katedry.pf.jcu.cz\/kin\/clen\/rndr-hana-havelkova\/\" rel=\"noopener\"><b>dr. Havelkovou<\/b><\/a><\/p>\n<p>Uznat ITT lze pouze v <b>p\u0159edstihu<\/b> p\u0159ed prvn\u00edm \u0159\u00e1dn\u00fdm term\u00ednem testov\u00e1n\u00ed na z\u00e1klad\u011b\u00a0p\u0159edlo\u017een\u00e9ho origin\u00e1lu \u010di ov\u011b\u0159en\u00e9 kopie dan\u00e9 certifikace garantovi p\u0159edm\u011btu (po posouzen\u00ed\/ov\u011b\u0159en\u00ed jsou p\u0159edlo\u017een\u00e9 materi\u00e1ly samoz\u0159ejm\u011b navr\u00e1ceny majiteli).<\/p>\n<p>Uzn\u00e1n\u00ed nelze automaticky vy\u017eadovat, v\u017edy je posuzov\u00e1no v konkr\u00e9tn\u00edch souvislostech a individu\u00e1ln\u011b.<\/p>\n","protected":false},"excerpt":{"rendered":"<p>Garant p\u0159edm\u011btu m\u016f\u017ee v opr\u00e1vn\u011bn\u00fdch p\u0159\u00edpadech uznat nabyt\u00e9 znalosti v rozsahu ITT po p\u0159edlo\u017een\u00ed odpov\u00eddaj\u00edc\u00edho dokladu. Uznat p\u0159edm\u011bt ITT (stejn\u011b&#8230;<\/p>\n","protected":false},"author":11,"featured_media":0,"parent":341,"menu_order":0,"comment_status":"closed","ping_status":"closed","template":"","meta":{"footnotes":""},"class_list":["post-367","page","type-page","status-publish","hentry"],"_links":{"self":[{"href":"https:\/\/katedry.pf.jcu.cz\/kin\/wp-json\/wp\/v2\/pages\/367","targetHints":{"allow":["GET"]}}],"collection":[{"href":"https:\/\/katedry.pf.jcu.cz\/kin\/wp-json\/wp\/v2\/pages"}],"about":[{"href":"https:\/\/katedry.pf.jcu.cz\/kin\/wp-json\/wp\/v2\/types\/page"}],"author":[{"embeddable":true,"href":"https:\/\/katedry.pf.jcu.cz\/kin\/wp-json\/wp\/v2\/users\/11"}],"replies":[{"embeddable":true,"href":"https:\/\/katedry.pf.jcu.cz\/kin\/wp-json\/wp\/v2\/comments?post=367"}],"version-history":[{"count":0,"href":"https:\/\/katedry.pf.jcu.cz\/kin\/wp-json\/wp\/v2\/pages\/367\/revisions"}],"up":[{"embeddable":true,"href":"https:\/\/katedry.pf.jcu.cz\/kin\/wp-json\/wp\/v2\/pages\/341"}],"wp:attachment":[{"href":"https:\/\/katedry.pf.jcu.cz\/kin\/wp-json\/wp\/v2\/media?parent=367"}],"curies":[{"name":"wp","href":"https:\/\/api.w.org\/{rel}","templated":true}]}}