

{"id":365,"date":"2018-02-28T13:45:52","date_gmt":"2018-02-28T12:45:52","guid":{"rendered":"http:\/\/katedry.pf.jcu.cz\/kin\/?page_id=365"},"modified":"2020-10-06T20:56:15","modified_gmt":"2020-10-06T19:56:15","slug":"studijni-materialy-itt","status":"publish","type":"page","link":"https:\/\/katedry.pf.jcu.cz\/kin\/test-it\/studijni-materialy-itt\/","title":{"rendered":"Studijn\u00ed materi\u00e1ly ITT"},"content":{"rendered":"<h3>Elektronick\u00e9 zdroje<\/h3>\n<ul>\n<li><a class=\"odkaz-externi\" href=\"https:\/\/elearning.slu.cz\/course\/index.php?categoryid=7\">P\u0159\u00edru\u010dky a manu\u00e1ly on-line<\/a> (Petr Korviny)<\/li>\n<li><a href=\"https:\/\/www.leipert.cz\/prednasky-eei\">P\u0159edn\u00e1\u0161ky dr. Leiperta<\/a><\/li>\n<li>n\u00e1pov\u011bda opera\u010dn\u00edho syst\u00e9mu a jednotliv\u00fdch aplikac\u00ed<\/li>\n<\/ul>\n<p>&nbsp;<\/p>\n<h3>U\u010debnice<\/h3>\n<ul>\n<li>Kolektiv autor\u016f: S po\u010d\u00edta\u010dem do Evropy. Computer Press, 2007<\/li>\n<li>Franc\u016f, M.: Jak zvl\u00e1dnout testy ECDL. Computer Press, 2007<\/li>\n<li>a spousta dal\u0161\u00edch &#8230;<\/li>\n<\/ul>\n<p>&nbsp;<\/p>\n<h3>Uk\u00e1zkov\u00e9 testy<\/h3>\n<ul>\n<li>Sta\u0159i\u010dk\u00fd uk\u00e1zkov\u00fd test je na <a href=\"https:\/\/www.facebook.com\/pages\/ITT\/304952139563688\">facebooku<\/a>.<\/li>\n<\/ul>\n<p>Zd\u016fraz\u0148uji, \u017ee se nejedn\u00e1 o vzorov\u00e9 testy &#8211; forma i obsah se mohou v pr\u016fb\u011bhu semestru i zna\u010dn\u011b odli\u0161ovat !!<\/p>\n","protected":false},"excerpt":{"rendered":"<p>Elektronick\u00e9 zdroje P\u0159\u00edru\u010dky a manu\u00e1ly on-line (Petr Korviny) P\u0159edn\u00e1\u0161ky dr. Leiperta n\u00e1pov\u011bda opera\u010dn\u00edho syst\u00e9mu a jednotliv\u00fdch aplikac\u00ed &nbsp; U\u010debnice Kolektiv&#8230;<\/p>\n","protected":false},"author":11,"featured_media":0,"parent":341,"menu_order":0,"comment_status":"closed","ping_status":"closed","template":"","meta":{"footnotes":""},"class_list":["post-365","page","type-page","status-publish","hentry"],"_links":{"self":[{"href":"https:\/\/katedry.pf.jcu.cz\/kin\/wp-json\/wp\/v2\/pages\/365","targetHints":{"allow":["GET"]}}],"collection":[{"href":"https:\/\/katedry.pf.jcu.cz\/kin\/wp-json\/wp\/v2\/pages"}],"about":[{"href":"https:\/\/katedry.pf.jcu.cz\/kin\/wp-json\/wp\/v2\/types\/page"}],"author":[{"embeddable":true,"href":"https:\/\/katedry.pf.jcu.cz\/kin\/wp-json\/wp\/v2\/users\/11"}],"replies":[{"embeddable":true,"href":"https:\/\/katedry.pf.jcu.cz\/kin\/wp-json\/wp\/v2\/comments?post=365"}],"version-history":[{"count":0,"href":"https:\/\/katedry.pf.jcu.cz\/kin\/wp-json\/wp\/v2\/pages\/365\/revisions"}],"up":[{"embeddable":true,"href":"https:\/\/katedry.pf.jcu.cz\/kin\/wp-json\/wp\/v2\/pages\/341"}],"wp:attachment":[{"href":"https:\/\/katedry.pf.jcu.cz\/kin\/wp-json\/wp\/v2\/media?parent=365"}],"curies":[{"name":"wp","href":"https:\/\/api.w.org\/{rel}","templated":true}]}}