

{"id":364,"date":"2018-02-28T13:45:22","date_gmt":"2018-02-28T12:45:22","guid":{"rendered":"http:\/\/katedry.pf.jcu.cz\/kin\/?page_id=364"},"modified":"2023-01-17T09:40:56","modified_gmt":"2023-01-17T08:40:56","slug":"pozadovane-znalosti","status":"publish","type":"page","link":"https:\/\/katedry.pf.jcu.cz\/kin\/test-it\/pozadovane-znalosti\/","title":{"rendered":"Po\u017eadovan\u00e9 znalosti"},"content":{"rendered":"<div class=\"line-undercontent\">\n<p>ITT je zam\u011b\u0159en na prok\u00e1z\u00e1n\u00ed z\u00e1kladn\u00edch dovednost\u00ed pr\u00e1ce na po\u010d\u00edta\u010di. Obsahem ITT jsou oblasti:<\/p>\n<ul>\n<li>vyhled\u00e1v\u00e1n\u00ed informac\u00ed v po\u010d\u00edta\u010di a na internetu<\/li>\n<li>pr\u00e1ce se soubory a slo\u017ekami<\/li>\n<li>pr\u00e1ce v kancel\u00e1\u0159sk\u00fdch aplikac\u00edch &#8211; textov\u00fd editor a tabulkov\u00fd procesor<\/li>\n<li>p\u0159\u00edjem a odes\u00edl\u00e1n\u00ed elektronick\u00e9 po\u0161ty<\/li>\n<\/ul>\n<p>Rozsah testu vych\u00e1z\u00ed z dovednost\u00ed popsan\u00fdch v <span class=\"odkaz-externi\">Sylabu ECDL<\/span> (tzv. evropsk\u00fd \u0159idi\u010d\u00e1k na po\u010d\u00edta\u010d) pro moduly 2, 3, 4, 7. Dovednosti popsan\u00e9 v Sylabu ECDL v uveden\u00fdch modulech jsou obsahem testu a jejich znalost bude vy\u017eadov\u00e1na.<\/p>\n<p><a title=\"ECDL Modul 2\" href=\"http:\/\/www.ecdl.cz\/data\/Sylabus-ECDL-CZ-M2-1.0.pdf\" target=\"_blank\" rel=\"noopener\">Modul 2 &#8211; Z\u00e1klady pr\u00e1ce s po\u010d\u00edta\u010dem a spr\u00e1va soubor\u016f<\/a><\/p>\n<p><a title=\"ECDL Modul 3\" href=\"http:\/\/www.ecdl.cz\/data\/Sylabus-ECDL-CZ-M3-6.0.pdf\" target=\"_blank\" rel=\"noopener\">Modul 3 &#8211; Zpracov\u00e1n\u00ed textu<\/a><br \/>\n+ pr\u00e1ce s vlastn\u00edmi u\u017eivatelsk\u00fdmi styly<\/p>\n<p><a title=\"ECDL Modul 4\" href=\"http:\/\/www.ecdl.cz\/data\/Sylabus-ECDL-CZ-M4-6.0.pdf\" target=\"_blank\" rel=\"noopener\">Modul 4 &#8211; Pr\u00e1ce s tabulkami<\/a><br \/>\n+ pou\u017eit\u00ed filtrov\u00e1n\u00ed dat v tabulk\u00e1ch<\/p>\n<p><b> P\u0159ehled vy\u017eadovan\u00fdch funkc\u00ed:<\/b> SUMA, SOU\u010cIN, MIN, MAX, PR\u016eM\u011aR, ZAOKROUHLIT, PO\u010cET, PO\u010cET2, KDY\u017d<\/p>\n<p><a title=\"ECDL Modul 7\" href=\"http:\/\/www.ecdl.cz\/data\/Sylabus-ECDL-CZ-M7-1.0.pdf\">Modul 7 &#8211; Z\u00e1klady pr\u00e1ce s internetem a komunikace<\/a><\/p>\n<\/div>\n","protected":false},"excerpt":{"rendered":"<p>ITT je zam\u011b\u0159en na prok\u00e1z\u00e1n\u00ed z\u00e1kladn\u00edch dovednost\u00ed pr\u00e1ce na po\u010d\u00edta\u010di. Obsahem ITT jsou oblasti: vyhled\u00e1v\u00e1n\u00ed informac\u00ed v po\u010d\u00edta\u010di a na&#8230;<\/p>\n","protected":false},"author":11,"featured_media":0,"parent":341,"menu_order":0,"comment_status":"closed","ping_status":"closed","template":"","meta":{"footnotes":""},"class_list":["post-364","page","type-page","status-publish","hentry"],"_links":{"self":[{"href":"https:\/\/katedry.pf.jcu.cz\/kin\/wp-json\/wp\/v2\/pages\/364","targetHints":{"allow":["GET"]}}],"collection":[{"href":"https:\/\/katedry.pf.jcu.cz\/kin\/wp-json\/wp\/v2\/pages"}],"about":[{"href":"https:\/\/katedry.pf.jcu.cz\/kin\/wp-json\/wp\/v2\/types\/page"}],"author":[{"embeddable":true,"href":"https:\/\/katedry.pf.jcu.cz\/kin\/wp-json\/wp\/v2\/users\/11"}],"replies":[{"embeddable":true,"href":"https:\/\/katedry.pf.jcu.cz\/kin\/wp-json\/wp\/v2\/comments?post=364"}],"version-history":[{"count":0,"href":"https:\/\/katedry.pf.jcu.cz\/kin\/wp-json\/wp\/v2\/pages\/364\/revisions"}],"up":[{"embeddable":true,"href":"https:\/\/katedry.pf.jcu.cz\/kin\/wp-json\/wp\/v2\/pages\/341"}],"wp:attachment":[{"href":"https:\/\/katedry.pf.jcu.cz\/kin\/wp-json\/wp\/v2\/media?parent=364"}],"curies":[{"name":"wp","href":"https:\/\/api.w.org\/{rel}","templated":true}]}}