

{"id":363,"date":"2018-02-28T13:45:34","date_gmt":"2018-02-28T12:45:34","guid":{"rendered":"http:\/\/katedry.pf.jcu.cz\/kin\/?page_id=363"},"modified":"2023-01-17T09:35:59","modified_gmt":"2023-01-17T08:35:59","slug":"pravidla-pro-testovani","status":"publish","type":"page","link":"https:\/\/katedry.pf.jcu.cz\/kin\/test-it\/pravidla-pro-testovani\/","title":{"rendered":"Pravidla pro testov\u00e1n\u00ed"},"content":{"rendered":"<h3>Z\u00e1kladn\u00ed charakteristika<\/h3>\n<p>Jedn\u00e1 se o povinn\u00fd p\u0159edm\u011bt, jeho\u017e absolvov\u00e1n\u00edm student z\u00edsk\u00e1 1 kredit.<br \/>\nNa z\u00edsk\u00e1n\u00ed z\u00e1po\u010dtu m\u00e1 student jeden \u0159\u00e1dn\u00fd a jeden opravn\u00fd pokus, pokud student v t\u011bchto 2 pokusech neusp\u011bje (nebo se na zapsan\u00fd term\u00edn bez omluvy nedostav\u00ed), mus\u00ed si p\u0159edm\u011bt zapsat znovu (podruh\u00e9) a m\u00e1 t\u00edm p\u00e1dem k dispozici dal\u0161\u00ed 2 pokusy (term\u00edny).<br \/>\nPokud student\u00a0neslo\u017e\u00ed ani na \u010dtvrt\u00fd term\u00edn \u00fasp\u011b\u0161n\u011b test, znamen\u00e1 to ukon\u010den\u00ed studia.<\/p>\n<p>Absolvov\u00e1n\u00ed tohoto p\u0159edm\u011btu je nutnou podm\u00ednkou pro zaps\u00e1n\u00ed \u0159ady\u00a0oborov\u00fdch p\u0159edm\u011bt\u016f a p\u0159edm\u011bt\u016f vyu\u010dovan\u00fdch v PC u\u010debn\u00e1ch.<\/p>\n<p><b>V r\u00e1mci p\u0159edm\u011btu neprob\u00edh\u00e1 \u017e\u00e1dn\u00e1 v\u00fduka, ale pouze testov\u00e1n\u00ed<\/b>. Testov\u00e1ny jsou z\u00e1kladn\u00ed znalosti pou\u017e\u00edv\u00e1n\u00ed po\u010d\u00edta\u010de, opera\u010dn\u00edho syst\u00e9mu, kancel\u00e1\u0159sk\u00fdch aplikac\u00ed, grafiky a bezpe\u010dnosti. Pokud n\u011bkdo pot\u0159ebuje sv\u00e9 znalosti doplnit, v sekci <a href=\"http:\/\/katedry.pf.jcu.cz\/kin\/test-it\/studijni-materialy-itt\/\">Studijn\u00ed materi\u00e1ly<\/a> najde dostatek vhodn\u00fdch podklad\u016f a doporu\u010den\u00ed\u00a0pro studium. Lze vyu\u017e\u00edt i p\u0159\u00edm\u00fdch konzultac\u00ed s garantem p\u0159edm\u011btu.<\/p>\n<p>Term\u00edny testov\u00e1n\u00ed jsou vypisov\u00e1ny ve STAGu\u00a0v pr\u016fb\u011bhu cel\u00e9ho semestru a student je povinen se na term\u00edny testov\u00e1n\u00ed zapsat.\u00a0V p\u0159\u00edpad\u011b, \u017ee studentovi jeho term\u00edn testov\u00e1n\u00ed nevyhovuje, mus\u00ed se s dostate\u010dn\u00fdm p\u0159edstihem z term\u00ednu odepsat. Na dodate\u010dn\u00e9 omluvy nebude br\u00e1n z\u0159etel, term\u00edn propad\u00e1 bez n\u00e1roku na n\u00e1hradn\u00ed term\u00edn\u00a0a je klasifikov\u00e1n jako \u201c<b>neusp\u011bl(a)<\/b>\u201d.<br \/>\nV\u00fdjimku tvo\u0159\u00ed nemoc, zpo\u017ed\u011bn\u00ed spoje apod.\u00a0&#8211; je nutno dolo\u017eit pat\u0159i\u010dn\u00fdm dokladem.<\/p>\n<p>Ve\u0161ker\u00e9 dal\u0161\u00ed <strong>informace o pr\u016fb\u011bhu testov\u00e1n\u00ed<\/strong> naleznete v kurzu\u00a0<a href=\"https:\/\/moodle.pf.jcu.cz\/course\/view.php?id=973\">Online testy p\u0159edm\u011btu KIN\/ITT<\/a>.<\/p>\n<p>&nbsp;<\/p>\n<h3>Uzn\u00e1n\u00ed p\u0159edm\u011btu<\/h3>\n<p>Pokud by n\u011bkdo cht\u011bl p\u0159edm\u011bt KIN\/ITT uznat na z\u00e1klad\u011b p\u0159edchoz\u00edho studia, nech\u0165 p\u0159edlo\u017e\u00ed garantovi pot\u0159ebn\u00e9 dokumenty pro uzn\u00e1n\u00ed p\u0159edm\u011btu nejpozd\u011bji v z\u00e1po\u010dtov\u00e9m t\u00fddnu semestru, ve kter\u00e9m m\u00e1 p\u0159edm\u011bt zapsan\u00fd.<br \/>\n(Dodatek: Tento term\u00edn se nijak nedot\u00fdk\u00e1 z\u00e1pis\u016f do indexu !! Z\u00e1pis do indexu spln\u011bn\u00e9ho nebo uznan\u00e9ho p\u0159edm\u011btu lze \u0159e\u0161it kdykoli.)<\/p>\n<p>Pokud se jedn\u00e1 o uzn\u00e1n\u00ed p\u0159edm\u011btu na z\u00e1klad\u011b p\u0159edchoz\u00edho spln\u011bn\u00ed KIN\/ITT, p\u0159edm\u011bt uzn\u00e1v\u00e1 vedouc\u00ed katedry informatiky doc. Van\u00ed\u010dek nebo dr. Havelkov\u00e1.<\/p>\n<p>&nbsp;<\/p>\n<h3>Vyhodnocen\u00ed a z\u00e1po\u010det<\/h3>\n<p>Vyhodnocen\u00ed testu\u00a0prob\u011bhne do jednoho t\u00fddne a v\u00fdsledky jsou zaps\u00e1ny v moodlu.<\/p>\n<p>Podm\u00ednkou k ud\u011blen\u00ed z\u00e1po\u010dtu je \u00fasp\u011b\u0161n\u00e9 slo\u017een\u00ed testu (dosa\u017een\u00ed stanoven\u00e9ho po\u010dtu bod\u016f v testu tj. min <strong>51 bod\u016f<\/strong>).<\/p>\n<p>Pokud jste v testu usp\u011bli, p\u0159ekontrolujte si uzn\u00e1n\u00ed z\u00e1po\u010dtu ve Stagu.<\/p>\n<p>Je v\u00fdrazn\u011b doporu\u010deno v\u0161em student\u016fm, aby v p\u0159\u00edpad\u011b ne\u00fasp\u011bchu u \u0159\u00e1dn\u00e9ho term\u00ednu a poci\u0165ovan\u00e9 neznalosti \u010di nedostate\u010dnosti testovan\u00fdch oblast\u00ed informa\u010dn\u00ed gramotnosti, kontaktovali pracovn\u00edky katedry informatiky, vy\u017e\u00e1dali si adekv\u00e1tn\u00ed konzultace k dan\u00fdm t\u00e9mat\u016fm, poctiv\u011b dostudovali a odstranili tak sv\u00e9 neznalosti, je zbyte\u010dn\u00e9 m\u00edt probl\u00e9my \u010di dokonce muset ukon\u010dit sv\u00e9 studium na tak z\u00e1kladn\u00edch v\u011bcech, kter\u00e9 jsou dnes v osnov\u00e1ch z\u00e1kladn\u00edch \u0161kol.<\/p>\n<p>Z\u00e1po\u010det je do indexu zapisov\u00e1n v term\u00ednu libovoln\u00e9ho dal\u0161\u00edho testov\u00e1n\u00ed p\u0159\u00edmo v u\u010debn\u011b nebo v konzulta\u010dn\u00edch hodin\u00e1ch\u00a0garanta\/zkou\u0161ej\u00edc\u00edho.<\/p>\n<p>&nbsp;<\/p>\n<h3>Opravn\u00fd term\u00edn<\/h3>\n<p>Ne\u00fasp\u011b\u0161n\u00fd student m\u00e1 mo\u017enost v dan\u00e9m semestru\u00a0<b>jednoho<\/b> opravn\u00e9ho testu v term\u00ednu. Jako opravn\u00fd term\u00edn lze vyu\u017e\u00edt libovoln\u00fd vypsan\u00fd term\u00edn p\u0159edm\u011btu.<\/p>\n<p>Pokud student neusp\u011bje ani p\u0159i opravn\u00e9m testu, nez\u00edsk\u00e1v\u00e1 z\u00e1po\u010det. M\u00e1 v\u0161ak pochopiteln\u011b mo\u017enost zapsat si p\u0159edm\u011bt podruh\u00e9. Celkem m\u00e1 tedy student k dispozici <b>maxim\u00e1ln\u011b \u010dty\u0159i term\u00edny<\/b> pro slo\u017een\u00ed p\u0159edm\u011btu ITT, nen\u00ed-li \u00fasp\u011b\u0161n\u00fd ani na \u010dtvrt\u00e9m a tedy posledn\u00edm pokusu, pak je mu studijn\u00edm odd\u011blen\u00edm PF ukon\u010deno studium na fakult\u011b.<\/p>\n<p>Ve\u0161ker\u00e9 dal\u0161\u00ed situace \u0159e\u0161\u00ed v\u00fdhradn\u011b prod\u011bkan pro studium.<\/p>\n","protected":false},"excerpt":{"rendered":"<p>Z\u00e1kladn\u00ed charakteristika Jedn\u00e1 se o povinn\u00fd p\u0159edm\u011bt, jeho\u017e absolvov\u00e1n\u00edm student z\u00edsk\u00e1 1 kredit. Na z\u00edsk\u00e1n\u00ed z\u00e1po\u010dtu m\u00e1 student jeden \u0159\u00e1dn\u00fd&#8230;<\/p>\n","protected":false},"author":11,"featured_media":0,"parent":341,"menu_order":0,"comment_status":"closed","ping_status":"closed","template":"","meta":{"footnotes":""},"class_list":["post-363","page","type-page","status-publish","hentry"],"_links":{"self":[{"href":"https:\/\/katedry.pf.jcu.cz\/kin\/wp-json\/wp\/v2\/pages\/363","targetHints":{"allow":["GET"]}}],"collection":[{"href":"https:\/\/katedry.pf.jcu.cz\/kin\/wp-json\/wp\/v2\/pages"}],"about":[{"href":"https:\/\/katedry.pf.jcu.cz\/kin\/wp-json\/wp\/v2\/types\/page"}],"author":[{"embeddable":true,"href":"https:\/\/katedry.pf.jcu.cz\/kin\/wp-json\/wp\/v2\/users\/11"}],"replies":[{"embeddable":true,"href":"https:\/\/katedry.pf.jcu.cz\/kin\/wp-json\/wp\/v2\/comments?post=363"}],"version-history":[{"count":0,"href":"https:\/\/katedry.pf.jcu.cz\/kin\/wp-json\/wp\/v2\/pages\/363\/revisions"}],"up":[{"embeddable":true,"href":"https:\/\/katedry.pf.jcu.cz\/kin\/wp-json\/wp\/v2\/pages\/341"}],"wp:attachment":[{"href":"https:\/\/katedry.pf.jcu.cz\/kin\/wp-json\/wp\/v2\/media?parent=363"}],"curies":[{"name":"wp","href":"https:\/\/api.w.org\/{rel}","templated":true}]}}