{"id":36,"date":"2017-10-22T07:22:19","date_gmt":"2017-10-22T07:22:19","guid":{"rendered":"http:\/\/katedry.pf.jcu.cz\/kin\/?page_id=36"},"modified":"2021-12-01T18:56:03","modified_gmt":"2021-12-01T17:56:03","slug":"projekty","status":"publish","type":"page","link":"https:\/\/katedry.pf.jcu.cz\/kin\/o-katedre\/projekty\/","title":{"rendered":"Aktu\u00e1ln\u00ed projekty"},"content":{"rendered":"<h1><span style=\"color: #800000;\">V\u00fdzkumn\u00e9 projekty<\/span><\/h1>\n<h2>Rozvoj informatick\u00e9ho my\u0161len\u00ed pomoc\u00ed situa\u010dn\u00edch algoritmick\u00fdch probl\u00e9m\u016f<\/h2>\n<p>R\u010cP: TL03000222<\/p>\n<p>t\u0159\u00edlet\u00fd projekt 08\/2020 &#8211; 02\/2023<\/p>\n<p>V\u00fdzkumn\u00fd projekt TA\u010cR, \u0159e\u0161itel Ji\u0159\u00ed Van\u00ed\u010dek, spolu\u0159e\u0161itel\u00e9 V\u00e1clav \u0160imandl, V\u00e1clav Dobi\u00e1\u0161.<\/p>\n<p>C\u00edlem je vyvinout a aplikovat na \u0161kol\u00e1ch u\u010debn\u00ed pom\u016fcku pro v\u00fduku informatiky, softwarov\u00fd modul, kter\u00fd umo\u017en\u00ed vytv\u00e1\u0159et interaktivn\u00ed situa\u010dn\u00ed \u00falohy z programov\u00e1n\u00ed. \u017d\u00e1k v n\u011bm bude \u00falohy \u0159e\u0161it sestaven\u00edm programu z blok\u016f s mo\u017enost\u00ed sv\u016fj program testovat a ladit.<\/p>\n<h2>Eduka\u010dn\u00ed obsah pro rozvoj matematick\u00e9ho a informatick\u00e9ho my\u0161len\u00ed<\/h2>\n<p>R\u010cP: 121\/2019\/S<\/p>\n<p>t\u0159\u00edlet\u00fd projekt 01\/2019 &#8211; 12\/2021<\/p>\n<p>V\u00fdzkumn\u00fd projekt Grantov\u00e9 agentury Jiho\u010desk\u00e9 univerzity spole\u010dn\u011b s katedrou matematiky PF JU, \u0159e\u0161itel Pavel Pech, spolu\u0159e\u0161itelem Ji\u0159\u00ed Van\u00ed\u010dek.<\/p>\n<p>Projekt podporuje vlastn\u00ed b\u00e1d\u00e1n\u00ed doktorand\u016f a jejich publika\u010dn\u00ed \u010dinnost.<\/p>\n<h2>\u0158e\u0161en\u00ed probl\u00e9m\u016f jako jedna z kl\u00ed\u010dov\u00fdch kompetenc\u00ed ve v\u00fduce matematiky a informatiky<\/h2>\n<p>R\u010cP: GAJU 121\/2016\/S<\/p>\n<p>t\u0159\u00edlet\u00fd projekt 01\/2016 &#8211; 12\/2018<\/p>\n<p>V\u00fdzkumn\u00fd projekt Grantov\u00e9 agentury Jiho\u010desk\u00e9 univerzity spole\u010dn\u011b s katedrou matematiky PF JU, \u0159e\u0161itel Pavel Pech, spolu\u0159e\u0161itelem Ji\u0159\u00ed Van\u00ed\u010dek.<\/p>\n<p>V\u00fdzkumn\u00fd projekt pro podporu badatelsk\u00fdch t\u00fdm\u016f doktorand\u016f navazuje na projekt\u00a0Badatelsky orientovan\u00e1 v\u00fduka matematiky a informatiky s podporou technologi\u00ed (R\u010cP: 017\/2013\/S, v letech 2013 &#8211; 2015). Projekt podporuje vlastn\u00ed b\u00e1d\u00e1n\u00ed doktorand\u016f a jejich publika\u010dn\u00ed \u010dinnost.<\/p>\n<p>&nbsp;<\/p>\n<h1><span style=\"color: #993300;\">Rozvojov\u00e9 projekty<\/span><\/h1>\n<h2>PRIM &#8211; Podpora rozv\u00edjen\u00ed informatick\u00e9ho my\u0161len\u00ed<\/h2>\n<p>R\u010cP: CZ.02.3.68\/0.0\/0.0\/16_036\/0005322<\/p>\n<p>t\u0159\u00edlet\u00fd projekt 09\/2017 &#8211; 08\/2020<\/p>\n<p>Strategick\u00fd projekt vypsan\u00fd M\u0160MT m\u00e1 za c\u00edl p\u0159ipravit p\u016fdu pro zm\u011bnu zam\u011b\u0159en\u00ed \u0161koln\u00edho informatick\u00e9ho vzd\u011bl\u00e1v\u00e1n\u00ed pro v\u0161echny stupn\u011b \u0161kol sm\u011brem k v\u00fduce algoritmizace, informatick\u00e9ho my\u0161len\u00ed, s odklonem od u\u017eivatelsk\u00e9ho p\u0159\u00edstupu k po\u010d\u00edta\u010di.<\/p>\n<p>N\u00e1pl\u0148 projektu zahrnuje mj.<\/p>\n<ul>\n<li>tvorbu \u0161koln\u00edho kurikula a vzd\u011bl\u00e1vac\u00edch materi\u00e1l\u016f pro p\u0159edm\u011bt informatika<\/li>\n<li>p\u0159\u00edpravu mas\u00edvn\u00edho \u0161kolen\u00ed u\u010ditel\u016f v praxi v\u010detn\u011b MOOC kurz\u016f pro ve\u0159ejnost<\/li>\n<li>zm\u011bnu v p\u0159\u00edprav\u011b u\u010ditel\u016f na fakult\u00e1ch v\u010detn\u011b povinn\u00e9 didaktick\u00e9 p\u0159\u00edpravy pro v\u0161echny studenty u\u010ditelstv\u00ed 1. stupn\u011b Z\u0160 a u\u010ditelstv\u00ed informatiky a ICT<\/li>\n<\/ul>\n<p>Projekt je hrazen z OP VVV, p\u0159\u00edjemcem je Pedagogick\u00e1 fakulta Jiho\u010desk\u00e9 univerzity, garantem projektu je Ji\u0159\u00ed Van\u00ed\u010dek. Partnery projektu jsou v\u0161echny pedagogick\u00e9 fakulty v \u010cR a N\u00e1rodn\u00ed \u00fastav pro vzd\u011bl\u00e1v\u00e1n\u00ed.<\/p>\n<p>&nbsp;<\/p>\n<h1><span style=\"color: #993300;\">Rozvojov\u00e9 projekty s \u00fa\u010dast\u00ed pracovn\u00edk\u016f katedry<\/span><\/h1>\n<h2>Podpora spole\u010denstv\u00ed praxe jako n\u00e1stroj rozvoje kl\u00ed\u010dov\u00fdch kompetenc\u00ed<\/h2>\n<ul>\n<li>R\u010cP:\u00a0 CZ.02.3.68\/0.0\/0.0\/16_011\/0000660<\/li>\n<li>Projekt je t\u0159\u00edlet\u00fd, od 11\/2016 do 10\/2019<\/li>\n<li>Projekt je hrazen z\u00a0OP VVV<\/li>\n<li>Koordin\u00e1tor projektu pro oblast ICT: Petr Pexa<\/li>\n<li>Metodici pro oblast ICT: Michala Kotlasov\u00e1, Jan J\u00e1ra, Radovan Mike\u0161 a Miroslav Kotlas<\/li>\n<li>C\u00edle projektu:\n<ul>\n<li>Podpora a inovace v\u00fduky ICT na z\u00e1kladn\u00edch \u0161kol\u00e1ch a v\u00edcelet\u00fdch gymn\u00e1zi\u00edch v souvislosti s nov\u00fdm RVP pro vzd\u011bl\u00e1vac\u00ed oblast ICT<\/li>\n<li>Vytvo\u0159en\u00ed vzorov\u00e9ho \u0160VP pro vzd\u011bl\u00e1vac\u00ed oblast ICT na z\u00e1klad\u011b nov\u00e9ho RVP<\/li>\n<li>Metodick\u00e1 podpora u\u010ditel\u016f ICT v s\u00edti partnersk\u00fdch \u0161kol formou odborn\u00fdch workshop\u016f<\/li>\n<\/ul>\n<\/li>\n<\/ul>\n<p>&nbsp;<\/p>\n<h2><span lang=\"CS\">Spole\u010denstv\u00ed praxe \u2013 platforma pro rozvoj kl\u00ed\u010dov\u00fdch kompetenc\u00ed<\/span><\/h2>\n<ul>\n<li>R\u010cP: CZ.02.3.68\/0.0\/0.0\/16_011\/0000659<\/li>\n<li>Projekt je t\u0159\u00edlet\u00fd, od ledna 2017 do prosince 2019<\/li>\n<li>Oborov\u00fd didaktik a oborov\u00fd garant: V\u00e1clav Dobi\u00e1\u0161<\/li>\n<li>Projekt je zam\u011b\u0159en na vytvo\u0159en\u00ed spolupr\u00e1ce mezi pedagogick\u00fdmi pracovn\u00edky na Z\u0160 a S\u0160 a oborov\u00fdmi didaktiky na V\u0160. V pr\u016fb\u011bhu realizace projektu vzniknou dv\u011b spole\u010denstv\u00ed (Didaktika p\u0159\u00edrodov\u011bdn\u00fdch p\u0159edm\u011bt\u016f pro u\u010ditele Z\u0160 a Didaktika odborn\u00fdch p\u0159edm\u011bt\u016f pro u\u010ditele S\u0160). Nap\u0159\u00ed\u010d ob\u011bma spole\u010denstv\u00edmi budou \u0159e\u0161ena t\u00e9mata modulov\u00fdm zp\u016fsobem s d\u016frazem na vytvo\u0159en\u00ed s\u00edt\u011b spolupr\u00e1ce. Moduly budou zam\u011b\u0159eny na vzd\u011bl\u00e1v\u00e1n\u00ed v oblasti pedagogiky a psychologie, oborov\u00fdch didaktik a mezip\u0159edm\u011btov\u00fdch vazeb.<\/li>\n<\/ul>\n<p>&nbsp;<\/p>\n<h2>IPUP &#8211; Inovace p\u0159\u00edpravy u\u010ditel\u016f pro praxi<\/h2>\n<ul>\n<li>R\u010cP: CZ.02.3.68\/0.0\/0.0\/16_038\/0006960<\/li>\n<li>Projekt je na 30 m\u011bs\u00edc\u016f od 3\/2018 do 8\/2020<\/li>\n<li>Projekt je hrazen z\u00a0OP VVV<\/li>\n<li>Koordin\u00e1to\u0159i a specialist\u00e9 praxe na KIN: Petr Pexa (KA 1, KA 2) a Patrik Klof\u00e1\u010d (KA 3)<\/li>\n<li>C\u00edle projektu:\n<ul>\n<li>Podpora, inovace a rozvoj v\u0161ech typ\u016f pedagogick\u00fdch prax\u00ed na PF JU<\/li>\n<li>Zv\u00fd\u0161en\u00ed kvality pregradu\u00e1ln\u00ed p\u0159\u00edpravy budouc\u00edch u\u010ditel\u016f<\/li>\n<li>Pos\u00edlen\u00ed profesn\u00ed orientace\u00a0budouc\u00edch u\u010ditel\u016f na praxi<\/li>\n<li>Zv\u00fd\u0161en\u00ed motivace budouc\u00edch u\u010ditel\u016f k v\u00fdkonu u\u010ditelsk\u00e9 profese<\/li>\n<\/ul>\n<\/li>\n<\/ul>\n<p>&nbsp;<\/p>\n<h2>Rozvoj JU &#8211; ESF &#8211; DA 2.1 Pedagogick\u00e9 kompetence<\/h2>\n<ul>\n<li>R\u010cP: CZ.02.2.69\/0.0\/0.0\/16_015\/0002348<\/li>\n<li>Projekt je t\u0159\u00edlet\u00fd, od 6\/2017 do 5\/2020<\/li>\n<li>Odborn\u00fd \u0159e\u0161itel: Petr Pexa<\/li>\n<li>C\u00edle projektu:\n<ul>\n<li>Rozvoj e-learningu na JU<\/li>\n<li>Tvorba studijn\u00edch opor v Moodle JU (<a href=\"https:\/\/elearning.jcu.cz\/\">https:\/\/elearning.jcu.cz\/<\/a>)<\/li>\n<li>Vyu\u017eit\u00ed publika\u010dn\u00edho syst\u00e9mu Publi (<a href=\"https:\/\/jcu.publi.cz\/\">https:\/\/jcu.publi.cz\/<\/a>)<\/li>\n<\/ul>\n<\/li>\n<\/ul>\n<p>&nbsp;<\/p>\n<h2>Pracovn\u00ed postupy pro digitalizaci ve \u0161kol\u00e1ch<\/h2>\n<ul>\n<li>R\u010cP: CZ.02. 3. 68\/0.0\/0.0\/19_078\/0018246<\/li>\n<li>Projekt p\u0159i Jiho\u010desk\u00e9 hospod\u00e1\u0159sk\u00e9 komo\u0159e ve spolupr\u00e1ci s\u00a0P\u0159\u00edrodov\u011bdeckou fakultou Jiho\u010desk\u00e9 univerzity<\/li>\n<li>Odborn\u00fd \u0159e\u0161itel: Petr Pexa<\/li>\n<li>C\u00edle projektu:\n<ul>\n<li><a href=\"https:\/\/www.impulsprokarieru.cz\/uploads\/media\/\/\/Digitalni_kompetence\/6193c21ee1a0d083997418.pdf\">Tvorba studijn\u00edch opor<\/a><\/li>\n<li>Realizace odborn\u00fdch workshop\u016f<\/li>\n<\/ul>\n<\/li>\n<\/ul>\n","protected":false},"excerpt":{"rendered":"<p>V\u00fdzkumn\u00e9 projekty Rozvoj informatick\u00e9ho my\u0161len\u00ed pomoc\u00ed situa\u010dn\u00edch algoritmick\u00fdch probl\u00e9m\u016f R\u010cP: TL03000222 t\u0159\u00edlet\u00fd projekt 08\/2020 &#8211; 02\/2023 V\u00fdzkumn\u00fd projekt TA\u010cR, \u0159e\u0161itel&#8230;<\/p>\n","protected":false},"author":1,"featured_media":0,"parent":34,"menu_order":0,"comment_status":"closed","ping_status":"closed","template":"","meta":{"footnotes":""},"class_list":["post-36","page","type-page","status-publish","hentry"],"_links":{"self":[{"href":"https:\/\/katedry.pf.jcu.cz\/kin\/wp-json\/wp\/v2\/pages\/36","targetHints":{"allow":["GET"]}}],"collection":[{"href":"https:\/\/katedry.pf.jcu.cz\/kin\/wp-json\/wp\/v2\/pages"}],"about":[{"href":"https:\/\/katedry.pf.jcu.cz\/kin\/wp-json\/wp\/v2\/types\/page"}],"author":[{"embeddable":true,"href":"https:\/\/katedry.pf.jcu.cz\/kin\/wp-json\/wp\/v2\/users\/1"}],"replies":[{"embeddable":true,"href":"https:\/\/katedry.pf.jcu.cz\/kin\/wp-json\/wp\/v2\/comments?post=36"}],"version-history":[{"count":0,"href":"https:\/\/katedry.pf.jcu.cz\/kin\/wp-json\/wp\/v2\/pages\/36\/revisions"}],"up":[{"embeddable":true,"href":"https:\/\/katedry.pf.jcu.cz\/kin\/wp-json\/wp\/v2\/pages\/34"}],"wp:attachment":[{"href":"https:\/\/katedry.pf.jcu.cz\/kin\/wp-json\/wp\/v2\/media?parent=36"}],"curies":[{"name":"wp","href":"https:\/\/api.w.org\/{rel}","templated":true}]}}