{"id":335,"date":"2018-02-26T22:00:46","date_gmt":"2018-02-26T21:00:46","guid":{"rendered":"http:\/\/katedry.pf.jcu.cz\/kin\/?page_id=335"},"modified":"2026-04-14T10:12:28","modified_gmt":"2026-04-14T09:12:28","slug":"statni-zaverecne-zkousky","status":"publish","type":"page","link":"https:\/\/katedry.pf.jcu.cz\/kin\/statni-zaverecne-zkousky\/","title":{"rendered":"St\u00e1tn\u00ed z\u00e1v\u011bre\u010dn\u00e9 zkou\u0161ky"},"content":{"rendered":"<h2>Informace k organizaci st\u00e1tn\u00edch z\u00e1v\u011bre\u010dn\u00fdch zkou\u0161ek na kated\u0159e informatiky PF JU<\/h2>\n<p>Od akademick\u00e9ho roku 2023 &#8211; 24 jsou v jednom akademick\u00e9m roce vypisov\u00e1ny term\u00edny st\u00e1tn\u00edch z\u00e1v\u011bre\u010dn\u00fdch zkou\u0161ek (SZZ) takto:<\/p>\n<ul>\n<li>zimn\u00ed (b\u011bhem zimn\u00edho zkou\u0161kov\u00e9ho obdob\u00ed) &#8211; pro v\u0161echny studijn\u00ed programy<\/li>\n<li>letn\u00ed (b\u011bhem letn\u00edho zkou\u0161kov\u00e9ho obdob\u00ed) &#8211; pro v\u0161echny studijn\u00ed programy<\/li>\n<li>podzimn\u00ed (posledn\u00ed t\u00fdden v srpnu) &#8211; <strong>pouze<\/strong> pro magistersk\u00e9, navazuj\u00edc\u00ed a\u00a0 C\u017dV studijn\u00ed programy. <strong>Pro bakal\u00e1\u0159sk\u00e9 studijn\u00ed programy nen\u00ed podzimn\u00ed term\u00edn st\u00e1tnic vypisov\u00e1n<\/strong> s v\u00fdjimkou student\u016f, kte\u0159\u00ed b\u011bhem studia m\u011bli zahrani\u010dn\u00ed v\u00fdjezd (Erasmus).<\/li>\n<\/ul>\n<p>K st\u00e1tnic\u00edm i k obhajob\u011b je t\u0159eba se zapsat na konkr\u00e9tn\u00ed vypsan\u00fd term\u00edn zkou\u0161ky ve Stagu. Nesta\u010d\u00ed zapsat si p\u0159edm\u011bt ve Stagu (tento z\u00e1pis je pouze technick\u00fd a umo\u017e\u0148uje pozd\u011bj\u0161\u00ed z\u00e1pis na vypsan\u00fd term\u00edn zkou\u0161ky). Pokud si student \u017e\u00e1dn\u00fd term\u00edn nezap\u00ed\u0161e, zapsan\u00fd p\u0159edm\u011bt mu\u00a0<b>nepropad\u00e1<\/b>\u00a0(lze si jej bez n\u00e1sledk\u016f odepsat).<\/p>\n<h2>Sm\u011brnice vedouc\u00edho katedry k SZZ<\/h2>\n<p>Ke st\u00e1tnic\u00edm a obhajob\u00e1m kvalifika\u010dn\u00edch prac\u00ed byla vyd\u00e1na\u00a0Sm\u011brnice vedouc\u00edho katedry (je p\u0159\u00edlohou t\u00e9to str\u00e1nky &#8211; dole).<\/p>\n<p>Ze sm\u011brnice vyj\u00edm\u00e1me n\u011bkter\u00e9 informace:<\/p>\n<p>&nbsp;<\/p>\n<h3>Obhajoba z\u00e1v\u011bre\u010dn\u00e9 pr\u00e1ce<\/h3>\n<p>M\u00e1-li student svoji z\u00e1v\u011bre\u010dnou pr\u00e1ci (bakal\u00e1\u0159skou, diplomovou) na kated\u0159e informatiky, obhajuje pr\u00e1ci p\u0159ed komis\u00ed pro SZZ.<\/p>\n<p>Pr\u016fb\u011bh obhajoby: Nejprve student p\u0159edstav\u00ed komisi v\u00fdsledky sv\u00e9 pr\u00e1ce (c\u00edle a metody, hlavn\u00ed \u0159e\u0161en\u00e9 probl\u00e9my, p\u0159\u00ednos pr\u00e1ce, p\u0159edveden\u00ed v\u00fdsledk\u016f). Na sv\u00e9 vystoupen\u00ed m\u00e1 k dispozici 12 minut, ne v\u00edce. Pot\u00e9 jsou p\u0159e\u010dteny posudky a n\u00e1sleduje rozprava, p\u0159i n\u00ed\u017e student odpov\u00edd\u00e1 na dotazy z komise.<\/p>\n<p>Je povinnost\u00ed studenta p\u0159edem si vyzkou\u0161et technick\u00e9 \u0159e\u0161en\u00ed sv\u00e9 prezentace k obhajob\u011b na u\u010debn\u011b.<\/p>\n<p class=\"zvyrazni-blok\">Pravidla, t\u00fdkaj\u00edc\u00ed se st\u00e1tn\u00edch zkou\u0161ek, jsou \u010dlen\u011bna podle studijn\u00edch obor\u016f.<\/p>\n<p>&nbsp;<\/p>\n<h3>Studijn\u00ed obory bc. ITs, ITA<\/h3>\n<p>Student bc. stupn\u011b u\u010ditelstv\u00ed nebo IT asistent m\u016f\u017ee jednotliv\u00e9 \u010d\u00e1sti SZZ skl\u00e1dat v r\u016fzn\u00fdch term\u00ednech. Obhajoba pr\u00e1ce p\u0159itom nemus\u00ed prob\u00edhat v tomt\u00e9\u017e term\u00ednu jako SZZ z informatiky.<\/p>\n<p>Studijn\u00ed obor ITs m\u00e1 nastaven vzorov\u00fd studijn\u00ed pl\u00e1n tak, \u017ee p\u0159i jeho dodr\u017eov\u00e1n\u00ed m\u016f\u017ee slo\u017eit SZZ z informatiky na konci 5. semestru.<\/p>\n<p><strong>Obsah a pr\u016fb\u011bh SZZ<\/strong><\/p>\n<p>St\u00e1tn\u00ed zkou\u0161ka je \u00fastn\u00ed. Student si vylosuje jednu teoretickou ot\u00e1zku a jednu praktickou \u00falohu. Na teoretickou ot\u00e1zku student odpov\u00edd\u00e1 \u00fastn\u011b. Praktickou \u00falohu student vy\u0159e\u0161\u00ed p\u0159i p\u0159\u00edprav\u011b \u201ena pot\u00edtku&#8220; a p\u0159ed komis\u00ed p\u0159edvede a obh\u00e1j\u00ed jej\u00ed \u0159e\u0161en\u00ed.\u00a0\u010cas na p\u0159\u00edpravu je max. 30 minut, d\u00e9lka zkou\u0161ky by nem\u011bla p\u0159es\u00e1hnout 20 minut.<\/p>\n<p>Zku\u0161ebn\u00ed okruhy jsou zve\u0159ejn\u011bny ve Sm\u011brnici vedouc\u00edho katedry k SZZ dole na t\u00e9to str\u00e1nce v Dokumentech. Sm\u011brnici si st\u00e1hn\u011bte a okruhy v n\u00ed vyhledejte.<\/p>\n<p>Vzorov\u00e9 praktick\u00e9 probl\u00e9mov\u00e9 \u00falohy jsou zve\u0159ejn\u011bny dole na t\u00e9to str\u00e1nce v Dokumentech.<\/p>\n<p>&nbsp;<\/p>\n<p>&nbsp;<\/p>\n<h3>Studijn\u00ed obory Mgr. U\u010ditelstv\u00ed informatiky ITsn, ITAn<\/h3>\n<p>Student u\u010ditelstv\u00ed informatiky, v kombinaci s jin\u00fdm vyu\u010dovac\u00edm p\u0159edm\u011btem nebo jednoobor, m\u016f\u017ee jednotliv\u00e9 \u010d\u00e1sti SZZ skl\u00e1dat v r\u016fzn\u00fdch term\u00ednech.\u00a0Obhajoba pr\u00e1ce nemus\u00ed prob\u00edhat v tomt\u00e9\u017e term\u00ednu jako SZZ z informatiky.<\/p>\n<p><strong>Obsah a pr\u016fb\u011bh SZZ<\/strong><\/p>\n<p>SZZ z informatiky je \u00fastn\u00ed. Jedna z ot\u00e1zek je z informatiky, druh\u00e1 z didaktiky. \u010cas na p\u0159\u00edpravu je 60 minut, d\u00e9lka zkou\u0161ky by nem\u011bla p\u0159es\u00e1hnout 30 minut.<\/p>\n<p>K ot\u00e1zce z didaktiky informatiky dostane student n\u011bkter\u00e9 z t\u00e9mat z\u00a0obsahu v\u00fduky informatiky na 2. stupni z\u00e1kladn\u00ed \u0161koly. K tomuto t\u00e9matu\u00a0 student p\u0159i p\u0159\u00edprav\u011b vypracuje kurikulum pro v\u00fduku tohoto t\u00e9matu v\u00a0rozsahu 3 \u2013 4 \u00faloh nebo aktivit pro \u017e\u00e1ky. K\u00a0tvorb\u011b tohoto kurikula bude m\u00edt k\u00a0dispozici na pot\u00edtku u\u010debnice informatiky a m\u016f\u017ee tak\u00e9 vyu\u017e\u00edt sv\u00e9 portfolio, nebude m\u00edt ale k\u00a0dispozici po\u010d\u00edta\u010d. Toto kurikulum n\u00e1sledn\u011b student obh\u00e1j\u00ed p\u0159ed komis\u00ed.<\/p>\n<p>Zku\u0161ebn\u00ed okruhy z informatiky a podrobn\u011bj\u0161\u00ed po\u017eadavky na vytvo\u0159en\u00e9 kurikulum jsou zve\u0159ejn\u011bny ve Sm\u011brnici vedouc\u00edho katedry k SZZ (dole na t\u00e9to str\u00e1nce v Dokumentech).<\/p>\n<h3>Portfolio prax\u00ed ke st\u00e1tn\u00edm z\u00e1v\u011bre\u010dn\u00fdm zkou\u0161k\u00e1m<\/h3>\n<p><b>Student navazuj\u00edc\u00edho magistersk\u00e9ho studia<\/b>\u00a0p\u0159edkl\u00e1d\u00e1 ke st\u00e1tn\u00edm z\u00e1v\u011bre\u010dn\u00fdm zkou\u0161k\u00e1m v ti\u0161t\u011bn\u00e9 podob\u011b portfolio ze sv\u00e9 dosavadn\u00ed pedagogick\u00e9 praxe z informatiky (u bakal\u00e1\u0159sk\u00fdch st\u00e1tnic se \u017e\u00e1dn\u00e9 portfolio nep\u0159edkl\u00e1d\u00e1).<\/p>\n<p>Vyti\u0161t\u011bn\u00e9 portfolio <strong>odevzd\u00e1 nejpozd\u011bji t\u00fdden p\u0159ed st\u00e1tnicemi<\/strong> sekret\u00e1\u0159ce katedry. Po zkou\u0161ce si jej op\u011bt odnese (m\u016f\u017ee se mu v kari\u00e9\u0159e hodit).<\/p>\n<p>Portfolio mus\u00ed obsahovat:<\/p>\n<ul>\n<li>\u00davodn\u00ed stranu.<\/li>\n<li>P\u0159ehled materi\u00e1l\u016f, zahrnut\u00fdch v portfoliu.<\/li>\n<li>P\u0159ehled absolvovan\u00e9 praxe (po\u010dty hodin, \u0161kola, t\u00e9mata odu\u010den\u00fdch hodin) a p\u00edsemn\u00e9 p\u0159\u00edpravy.<\/li>\n<li>Portfolio m\u016f\u017ee obsahovat p\u0159ehled mimo\u0161koln\u00ed pedagogick\u00e9 \u010dinnosti, seznam \u010di doklady o absolvov\u00e1n\u00ed kurz\u016f, workshop\u016f, populariza\u010dn\u00edch akc\u00ed, t\u00fdkaj\u00edc\u00edch se vzd\u011bl\u00e1v\u00e1n\u00ed obecn\u011b a v\u00fduky informatiky. M\u016f\u017ee zahrnovat dal\u0161\u00ed materi\u00e1ly, kter\u00e9 dokl\u00e1daj\u00ed studentovu aktivn\u00ed \u010dinnost v t\u00e9to oblasti.<\/li>\n<li>Portfolio bude student m\u00edt k dispozici p\u0159i p\u0159\u00edprav\u011b na pot\u00edtku. P\u0159i zkou\u0161ce z didaktiky bude v\u00edt\u00e1no, kdy\u017e v n\u011bm bude moci uk\u00e1zat \u00falohy nebo dokumentovat n\u011bco, co se bude t\u00fdkat dan\u00e9 ot\u00e1zky.<\/li>\n<\/ul>\n<h2><\/h2>\n<h2>Hodnocen\u00ed st\u00e1tn\u00ed zkou\u0161ky<\/h2>\n<p>Podm\u00ednkou pro \u00fasp\u011b\u0161n\u00e9 slo\u017een\u00ed SZZ z informatiky je \u00fasp\u011b\u0161n\u00e9 &#8222;zvl\u00e1dnut\u00ed&#8220; (tj. klasifikace &#8222;dob\u0159e&#8220; a lep\u0161\u00ed) obou zadan\u00fdch ot\u00e1zek.\u00a0Ne\u00fasp\u011bch v jedn\u00e9 \u010d\u00e1sti zkou\u0161ky znamen\u00e1 ne\u00fasp\u011b\u0161n\u00fd v\u00fdsledek SZZ.<\/p>\n<p>Celkov\u00e9 hodnocen\u00ed v\u00fdsledku SZZ z informatiky nen\u00ed v\u00fdsledkem v\u00fdpo\u010dtu n\u011bjak\u00e9ho pr\u016fm\u011bru z jednotliv\u00fdch ot\u00e1zek, je ur\u010deno na z\u00e1klad\u011b komplexn\u00edho posouzen\u00ed v\u00fdkonu zkou\u0161en\u00e9ho. Komise rozhoduje o zn\u00e1mce v jedn\u00e1n\u00ed s vylou\u010den\u00edm ve\u0159ejnosti. Pokud se nedos\u00e1hne konsensu, n\u00e1sleduje hlasov\u00e1n\u00ed; p\u0159i rovnosti hlas\u016f vyvol\u00e1 p\u0159edseda komise dohodovac\u00ed diskusi a dal\u0161\u00ed hlasov\u00e1n\u00ed, a to bude opakovat tak dlouho, dokud nedojde k rozhodnut\u00ed.<\/p>\n<h3><\/h3>\n<h3 class=\"zvyrazni-blok\"><strong>Prostudujte si celou sm\u011brnici ke SZZ<\/strong><\/h3>\n<p class=\"zvyrazni-blok\"><strong>Vyplat\u00ed se to.<\/strong><\/p>\n<p class=\"zvyrazni-blok\">Nespol\u00e9hejte na &#8222;zaru\u010den\u00e9 informace&#8220; od spolu\u017e\u00e1k\u016f &#8211; b\u00fdvaj\u00ed \u010dasto zkreslen\u00e9, neaktu\u00e1ln\u00ed a pro va\u0161i situaci nevhodn\u00e9. Sm\u011brnice se t\u00e9m\u011b\u0159 ka\u017edoro\u010dn\u011b (v n\u011bkter\u00fdch v\u011bcech) m\u011bn\u00ed.<\/p>\n<p>Nov\u00e1 sm\u011brnice je platn\u00e1 od 13. 10. 2024.<\/p>\n<p>&nbsp;<\/p>\n<h2>Dokumenty<\/h2>\n<p><a href=\"https:\/\/katedry.pf.jcu.cz\/kin\/wp-content\/uploads\/2022\/07\/vzorov\u00e9-praktick\u00e9-\u00falohy-ITs.pdf\" target=\"_blank\" rel=\"noopener\">Vzorov\u00e9 praktick\u00e9 \u00falohy &#8211; obor ITs<\/a><\/p>\n<p><a href=\"https:\/\/katedry.pf.jcu.cz\/kin\/wp-content\/uploads\/2024\/11\/vzorove_prakticke_ulohy_ITA.pdf\" target=\"_blank\" rel=\"noopener\">Vzorov\u00e9 praktick\u00e9 \u00falohy &#8211; obor ITA<\/a><\/p>\n<p><a href=\"https:\/\/katedry.pf.jcu.cz\/kin\/wp-content\/uploads\/2024\/11\/Smernice_vedouciho_KIN_2024-2.pdf\" target=\"_blank\" rel=\"noopener\">Sm\u011brnice vedouc\u00edho katedry k SZZ<\/a><\/p>\n<p>&nbsp;<\/p>\n","protected":false},"excerpt":{"rendered":"<p>Informace k organizaci st\u00e1tn\u00edch z\u00e1v\u011bre\u010dn\u00fdch zkou\u0161ek na kated\u0159e informatiky PF JU Od akademick\u00e9ho roku 2023 &#8211; 24 jsou v jednom&#8230;<\/p>\n","protected":false},"author":8,"featured_media":0,"parent":0,"menu_order":0,"comment_status":"closed","ping_status":"closed","template":"","meta":{"footnotes":""},"class_list":["post-335","page","type-page","status-publish","hentry"],"_links":{"self":[{"href":"https:\/\/katedry.pf.jcu.cz\/kin\/wp-json\/wp\/v2\/pages\/335","targetHints":{"allow":["GET"]}}],"collection":[{"href":"https:\/\/katedry.pf.jcu.cz\/kin\/wp-json\/wp\/v2\/pages"}],"about":[{"href":"https:\/\/katedry.pf.jcu.cz\/kin\/wp-json\/wp\/v2\/types\/page"}],"author":[{"embeddable":true,"href":"https:\/\/katedry.pf.jcu.cz\/kin\/wp-json\/wp\/v2\/users\/8"}],"replies":[{"embeddable":true,"href":"https:\/\/katedry.pf.jcu.cz\/kin\/wp-json\/wp\/v2\/comments?post=335"}],"version-history":[{"count":0,"href":"https:\/\/katedry.pf.jcu.cz\/kin\/wp-json\/wp\/v2\/pages\/335\/revisions"}],"wp:attachment":[{"href":"https:\/\/katedry.pf.jcu.cz\/kin\/wp-json\/wp\/v2\/media?parent=335"}],"curies":[{"name":"wp","href":"https:\/\/api.w.org\/{rel}","templated":true}]}}