{"id":333,"date":"2018-02-26T21:58:09","date_gmt":"2018-02-26T20:58:09","guid":{"rendered":"http:\/\/katedry.pf.jcu.cz\/kin\/?page_id=333"},"modified":"2026-01-02T13:27:10","modified_gmt":"2026-01-02T12:27:10","slug":"studijni-obory","status":"publish","type":"page","link":"https:\/\/katedry.pf.jcu.cz\/kin\/studijni-obory\/","title":{"rendered":"Studijn\u00ed programy"},"content":{"rendered":"<p><span style=\"font-size: 14pt;\">Tato str\u00e1nka slou\u017e\u00ed k orientaci absolvent\u016fm st\u0159edn\u00edch \u0161kol, jak\u00e9 studium si zvolit.<\/span><\/p>\n<p>&nbsp;<\/p>\n<p>Katedra informatiky PF JU<\/p>\n<ul>\n<li>vyu\u010duje studijn\u00ed programy <strong>sm\u011b\u0159uj\u00edc\u00ed k u\u010ditelstv\u00ed informatiky<\/strong> a zakon\u010den\u00e9 magistersk\u00fdm titulem.<\/li>\n<li>p\u0159ipravuje <strong>odborn\u00edky na informatiku v kontextu se vzd\u011bl\u00e1v\u00e1n\u00edm<\/strong>, zakon\u010den\u00e9 bakal\u00e1\u0159sk\u00fdm titulem.<\/li>\n<\/ul>\n<p>&nbsp;<\/p>\n<h2>\u010c\u00edm chce\u0161 b\u00fdt?<\/h2>\n<p>Vyber si, kter\u00e9 studium T\u011b zaj\u00edm\u00e1, a podle toho \u010dti text pod odpov\u00eddaj\u00edc\u00edm \u010d\u00edslem nadpisu:<\/p>\n<p><span style=\"font-size: 14pt;\"><strong>1. Chci b\u00fdt u\u010ditelem informatiky v kombinaci s dal\u0161\u00edm p\u0159edm\u011btem<\/strong> &#8211; <a href=\"#1\">klikni zde<\/a><\/span><\/p>\n<p><span style=\"font-size: 14pt;\"><strong>2. Chci b\u00fdt u\u010ditelem pouze p\u0159edm\u011btu informatika<\/strong> &#8211; <a href=\"#2\">klikni zde<\/a><\/span><\/p>\n<p><span style=\"font-size: 14pt;\"><strong>3. Chci b\u00fdt odborn\u00edkem na informatiku a pedagogiku a nechci b\u00fdt u\u010ditelem<\/strong> &#8211; <a href=\"#3\">klikni zde<\/a><\/span><\/p>\n<hr \/>\n<p id=\"1\"><img loading=\"lazy\" decoding=\"async\" class=\"\" src=\"https:\/\/chcibytucitelem.cz\/wp-content\/uploads\/2023\/08\/mapa-kytka-90x90.png\" width=\"32\" height=\"32\" \/><\/p>\n<p>&nbsp;<\/p>\n<h2>1. U\u010ditelstv\u00ed informatiky pro 2. stupe\u0148 z\u00e1kladn\u00ed \u0161koly v kombinaci s dal\u0161\u00edm p\u0159edm\u011btem<\/h2>\n<p>Jde o dvouoborov\u00e9 studium v kombinaci s dal\u0161\u00edm vyu\u010dovac\u00edm p\u0159edm\u011btem (s libovoln\u00fdm, kter\u00fd na\u0161e fakulta nab\u00edz\u00ed, nap\u0159. s matematikou, angli\u010dtinou, t\u011blesnou v\u00fdchovou, fyzikou, technickou v\u00fdchovou, p\u0159\u00edrodopisem atd.). Uchaze\u010d si vybere, v jak\u00e9 kombinaci chce u\u010ditelstv\u00ed informatiky studovat. Absolvent z\u00edsk\u00e1 titul Mgr.<\/p>\n<p>Studium je p\u011btilet\u00e9, studuje se &#8222;vcelku&#8220; &#8211; odpadaj\u00ed tak n\u00e1ro\u010dn\u00e9 situace, kter\u00e9 doprov\u00e1z\u00ed d\u011blen\u00e1 studia (3 roky bc. + 2 roky navazuj\u00edc\u00ed Mgr.), jako jsou psan\u00ed bakal\u00e1\u0159sk\u00e1 pr\u00e1ce, absolvov\u00e1n\u00ed bakal\u00e1\u0159sk\u00e9 st\u00e1tn\u00ed zkou\u0161ky, p\u0159ij\u00edmac\u00ed zkou\u0161ky do navazuj\u00edc\u00edho studia.<\/p>\n<p>V p\u0159\u00edpad\u011b nastal\u00e9 situace lze b\u011bhem studia p\u0159ej\u00edt do neu\u010ditelsk\u00e9ho studia zakon\u010den\u00e9ho bc. titulem. Nen\u00ed t\u0159eba m\u00edt strach, \u017ee po ukon\u010den\u00ed studia t\u0159eba po t\u0159ech letech by student nez\u00edskal \u017e\u00e1dn\u00fd titul.<\/p>\n<p>B\u011bhem studia se student zdokonal\u00ed v programov\u00e1n\u00ed, znalosti po\u010d\u00edta\u010d\u016f, s\u00edt\u00ed, datab\u00e1z\u00ed, z\u00e1klad\u016f informatiky a robotiky, nau\u010d\u00ed se, jak toto v\u0161e nau\u010dit d\u011bti. K tomu dostane pot\u0159ebn\u00fd pedagogick\u00fd a matematick\u00fd z\u00e1klad.<\/p>\n<p>Vyu\u010dujeme v prezen\u010dn\u00ed form\u011b.<\/p>\n<p><span style=\"font-size: 12pt;\"><a href=\"https:\/\/chci-studovat.pf.jcu.cz\/subject_page.php?subject%5B%5D=9&amp;subject%5B%5D=13&amp;action=2&amp;type=3\" target=\"_blank\" rel=\"noopener\">V\u00edce informac\u00ed<\/a><\/span><\/p>\n<p>Absolvent st\u0159edn\u00ed \u0161koly se hl\u00e1s\u00ed na magistersk\u00fd program <em>U\u010ditelstv\u00ed informatiky pro 2. stupe\u0148 z\u00e1kladn\u00ed \u0161koly.<\/em><\/p>\n<h5>Pozn\u00e1mka:<\/h5>\n<p>Pro studium na kated\u0159e informatiky se p\u0159edpokl\u00e1d\u00e1 z\u00e1kladn\u00ed znalost anglick\u00e9ho jazyka.<\/p>\n<hr \/>\n<p id=\"2\"><img loading=\"lazy\" decoding=\"async\" class=\"\" src=\"https:\/\/chcibytucitelem.cz\/wp-content\/uploads\/2023\/08\/mapa-kytka-90x90.png\" width=\"32\" height=\"32\" \/><\/p>\n<p>&nbsp;<\/p>\n<h2>2. U\u010ditelstv\u00ed informatiky pro 2. stupe\u0148 z\u00e1kladn\u00ed \u0161koly, bez kombinace s jin\u00fdm p\u0159edm\u011btem a s p\u0159idanou IT odbornost\u00ed<\/h2>\n<p>Jde o navazuj\u00edc\u00ed magistersk\u00e9 studium studium s jednou specializac\u00ed (u\u010ditel \u010dist\u011b p\u0159edm\u011btu informatika).<\/p>\n<p>Absolvent programu\u00a0je u\u010ditelem pro 2. stupe\u0148 z\u00e1kladn\u00ed \u0161koly z p\u0159edm\u011btu informatika s dal\u0161\u00ed odbornost\u00ed, umo\u017e\u0148uj\u00ed zast\u00e1vat t\u00e9\u017e pozici \u0161koln\u00edho IT pracovn\u00edka, ICT metodika \u010di koordin\u00e1tora, spr\u00e1vce IT syst\u00e9m\u016f a webu \u0161koly a vzd\u011bl\u00e1vac\u00edch za\u0159\u00edzen\u00ed. Absolvent z\u00edsk\u00e1 titul Mgr.<\/p>\n<p>Do t\u00e9to varianty p\u0159ij\u00edm\u00e1me absolventy bc. stupn\u011b studia, kte\u0159\u00ed vystudovali program\u00a0<em>Asistent se zam\u011b\u0159en\u00edm na vzd\u011bl\u00e1v\u00e1n\u00ed a informatiku. <\/em>P\u0159ed studiem tohoto programu je pot\u0159eba nejprve absolvovat tento\u00a0<a href=\"#3\">program<\/a>.<\/p>\n<p>Vyu\u010dujeme v prezen\u010dn\u00ed form\u011b.<\/p>\n<p><a href=\"https:\/\/chci-studovat.pf.jcu.cz\/subject_page.php?type=2&amp;action=1&amp;subject=7\" target=\"_blank\" rel=\"noopener\">V\u00edce informac\u00ed<\/a><\/p>\n<p>Absolvent bakal\u00e1\u0159sk\u00e9ho stupn\u011b vysoko\u0161kolsk\u00e9ho studia se hl\u00e1s\u00ed na navazuj\u00edc\u00ed program\u00a0<em>U\u010ditelstv\u00ed informatiky pro 2. stupe\u0148 Z\u0160 \u2013 jednooborov\u00e9 studium.<\/em><\/p>\n<hr \/>\n<p id=\"3\"><img loading=\"lazy\" decoding=\"async\" class=\"\" src=\"https:\/\/chcibytucitelem.cz\/wp-content\/uploads\/2023\/08\/mapa-kytka-90x90.png\" width=\"32\" height=\"32\" \/><\/p>\n<p>&nbsp;<\/p>\n<h2>3. Asistent se zam\u011b\u0159en\u00edm na informatiku v kontextu vzd\u011bl\u00e1v\u00e1n\u00ed<\/h2>\n<p>Jde o jednooborov\u00e9 studium informatiky, absolvent m\u016f\u017ee pracovat na IT pozici, nap\u0159. jako &#8222;\u0161koln\u00ed aj\u0165\u00e1k&#8220;. Absolvent z\u00edsk\u00e1 titul bc.<\/p>\n<p>B\u011bhem studia se student nau\u010d\u00ed programovat v n\u011bkolika jazyc\u00edch, absolvuje kurzy architektury po\u010d\u00edta\u010d\u016f, s\u00edt\u00ed, opera\u010dn\u00edch syst\u00e9m\u016f, datab\u00e1z\u00ed, webu, e-learningu, programov\u00e1n\u00ed jednodeskov\u00fdch po\u010d\u00edta\u010d\u016f, dostane z\u00e1klady teoretick\u00e9 informatiky, p\u0159\u00edslu\u0161n\u00fd jazykov\u00fd, pedagogick\u00fd a matematick\u00fd z\u00e1klad.<\/p>\n<p>Na toto studium navazuje Mgr. <a href=\"#2\">program <\/a><em>U\u010ditelstv\u00ed informatiky pro 2. stupe\u0148 Z\u0160 \u2013 jednooborov\u00e9 studium<\/em>. Absolvent &#8211; bakal\u00e1\u0159 se tedy m\u016f\u017ee po skon\u010den\u00ed tohoto studia rozhodnout pokra\u010dovat v magistersk\u00e9m studiu a po jeho absolvov\u00e1n\u00ed se st\u00e1t u\u010ditelem informatiky.<\/p>\n<p>Vyu\u010dujeme v prezen\u010dn\u00ed form\u011b.<\/p>\n<p><a href=\"https:\/\/chci-studovat.pf.jcu.cz\/subject_page.php?type=1&amp;action=1&amp;subject=10\">V\u00edce informac\u00ed<\/a><\/p>\n<p>Absolvent st\u0159edn\u00ed \u0161koly se hl\u00e1s\u00ed na bakal\u00e1\u0159sk\u00fd program\u00a0<em>Asistent se zam\u011b\u0159en\u00edm na vzd\u011bl\u00e1v\u00e1n\u00ed a informatiku<\/em>.<\/p>\n<h5>Pozn\u00e1mka:<\/h5>\n<p>Pro studium na kated\u0159e informatiky se p\u0159edpokl\u00e1d\u00e1 z\u00e1kladn\u00ed znalost anglick\u00e9ho jazyka.<\/p>\n<p>&nbsp;<\/p>\n<p>&nbsp;<\/p>\n<p>&nbsp;<\/p>\n<p>&nbsp;<\/p>\n<p>&nbsp;<\/p>\n<p>&nbsp;<\/p>\n<p>&nbsp;<\/p>\n<p>&nbsp;<\/p>\n<p>&nbsp;<\/p>\n<p>&nbsp;<\/p>\n<p>&nbsp;<\/p>\n<p>&nbsp;<\/p>\n<p>&nbsp;<\/p>\n<p>&nbsp;<\/p>\n<p>&nbsp;<\/p>\n<p>&nbsp;<\/p>\n<p>&nbsp;<\/p>\n<p>&nbsp;<\/p>\n<p>&nbsp;<\/p>\n<p>&nbsp;<\/p>\n<p>&nbsp;<\/p>\n","protected":false},"excerpt":{"rendered":"<p>Tato str\u00e1nka slou\u017e\u00ed k orientaci absolvent\u016fm st\u0159edn\u00edch \u0161kol, jak\u00e9 studium si zvolit. &nbsp; Katedra informatiky PF JU vyu\u010duje studijn\u00ed programy&#8230;<\/p>\n","protected":false},"author":11,"featured_media":0,"parent":0,"menu_order":0,"comment_status":"closed","ping_status":"closed","template":"","meta":{"footnotes":""},"class_list":["post-333","page","type-page","status-publish","hentry"],"_links":{"self":[{"href":"https:\/\/katedry.pf.jcu.cz\/kin\/wp-json\/wp\/v2\/pages\/333","targetHints":{"allow":["GET"]}}],"collection":[{"href":"https:\/\/katedry.pf.jcu.cz\/kin\/wp-json\/wp\/v2\/pages"}],"about":[{"href":"https:\/\/katedry.pf.jcu.cz\/kin\/wp-json\/wp\/v2\/types\/page"}],"author":[{"embeddable":true,"href":"https:\/\/katedry.pf.jcu.cz\/kin\/wp-json\/wp\/v2\/users\/11"}],"replies":[{"embeddable":true,"href":"https:\/\/katedry.pf.jcu.cz\/kin\/wp-json\/wp\/v2\/comments?post=333"}],"version-history":[{"count":0,"href":"https:\/\/katedry.pf.jcu.cz\/kin\/wp-json\/wp\/v2\/pages\/333\/revisions"}],"wp:attachment":[{"href":"https:\/\/katedry.pf.jcu.cz\/kin\/wp-json\/wp\/v2\/media?parent=333"}],"curies":[{"name":"wp","href":"https:\/\/api.w.org\/{rel}","templated":true}]}}