{"id":33,"date":"2017-10-22T07:21:57","date_gmt":"2017-10-22T07:21:57","guid":{"rendered":"http:\/\/katedry.pf.jcu.cz\/kin\/?page_id=33"},"modified":"2025-07-02T13:37:35","modified_gmt":"2025-07-02T12:37:35","slug":"kontakt","status":"publish","type":"page","link":"https:\/\/katedry.pf.jcu.cz\/kin\/kontakt\/","title":{"rendered":"Kontakt"},"content":{"rendered":"<h4>\u00da\u0159edn\u00ed hodiny od 1. 7. do 22. 8. 2025<\/h4>\n<blockquote><p>Lenka Fialov\u00e1 (asistentka katedry)<\/p><\/blockquote>\n<p>Pond\u011bl\u00ed, \u00fater\u00fd, \u010dtvrtek\u00a0 8:00-13:00<\/p>\n<p><strong>Dovolen\u00e1<\/strong>:<\/p>\n<ul>\n<li>14. 7. &#8211; 25. 7.<\/li>\n<li>18. 8. &#8211; 22. 8.<\/li>\n<\/ul>\n<p><strong>Telefon<\/strong>: +420 387 773 074<\/p>\n<p><strong>E-mail<\/strong>: <a href=\"mailto:informatika@pf.jcu.cz\">informatika@pf.jcu.cz<\/a><\/p>\n<p>&nbsp;<\/p>\n<h4>Kancel\u00e1\u0159<\/h4>\n<p>Jeron\u00fdmova ulice \u010d. 10<\/p>\n<p>Zadn\u00ed budova (zadn\u00ed schodi\u0161t\u011b nebo zadn\u00ed v\u00fdtah), 3. patro<\/p>\n<p>M\u00edstnost J507 (vstup p\u0159es J506)<\/p>\n<p><a href=\"https:\/\/mapy.cz\/s\/2rzvo\" target=\"_blank\" rel=\"noopener\">GPS:<\/a> N 48\u00b0 58.405\u2019, E 014\u00b0 28.970\u2019<\/p>\n<p>&nbsp;<\/p>\n<p>&nbsp;<\/p>\n<p>&nbsp;<\/p>\n\n<div class=\"wpcf7 no-js\" id=\"wpcf7-f161-o1\" lang=\"cs-CZ\" dir=\"ltr\" data-wpcf7-id=\"161\">\n<div class=\"screen-reader-response\"><p role=\"status\" aria-live=\"polite\" aria-atomic=\"true\"><\/p> <ul><\/ul><\/div>\n<form action=\"\/kin\/wp-json\/wp\/v2\/pages\/33#wpcf7-f161-o1\" method=\"post\" class=\"wpcf7-form init\" aria-label=\"Contact form\" novalidate=\"novalidate\" data-status=\"init\">\n<fieldset class=\"hidden-fields-container\"><input type=\"hidden\" name=\"_wpcf7\" value=\"161\" \/><input type=\"hidden\" name=\"_wpcf7_version\" value=\"6.1.5\" \/><input type=\"hidden\" name=\"_wpcf7_locale\" value=\"cs_CZ\" \/><input type=\"hidden\" name=\"_wpcf7_unit_tag\" value=\"wpcf7-f161-o1\" \/><input type=\"hidden\" name=\"_wpcf7_container_post\" value=\"0\" \/><input type=\"hidden\" name=\"_wpcf7_posted_data_hash\" value=\"\" \/>\n<\/fieldset>\n<h2>Napi\u0161te n\u00e1m<\/h2>\n\n<p>Va\u0161e jm\u00e9no<\/p>\n<div class=\"form-group your-name\"><input class=\"wpcf7-form-control wpcf7-text wpcf7-validates-as-required form-control\" name=\"your-name\" type=\"text\" value=\"\" aria-invalid=\"false\" aria-required=\"true\" required><\/div>\n\n<p>V\u00e1\u0161 e-mail<\/p>\n<div class=\"form-group your-email\"><input class=\"wpcf7-form-control wpcf7-email wpcf7-validates-as-required wpcf7-text wpcf7-validates-as-email form-control\" name=\"your-email\" type=\"email\" value=\"\" aria-invalid=\"false\" aria-required=\"true\" required><\/div>\n\n<p>P\u0159edm\u011bt<\/p>\n<div class=\"form-group your-subject\"><input class=\"wpcf7-form-control wpcf7-text wpcf7-validates-as-required form-control\" name=\"your-subject\" type=\"text\" value=\"\" aria-invalid=\"false\" aria-required=\"true\" required><\/div>\n\n<p>Obsah zpr\u00e1vy<\/p>\n<div class=\"form-group your-message\"><textarea class=\"wpcf7-form-control wpcf7-textarea wpcf7-validates-as-required form-control\" name=\"your-message\" rows=\"4\" aria-invalid=\"false\" aria-required=\"true\" required><\/textarea><\/div>\n\n<p>[recaptcha]<\/p>\n<p>&nbsp;<\/p>\n\n<div class=\"form-group\"><div><input class=\"wpcf7-form-control wpcf7-submit btn btn-primary\" type=\"submit\" value=\"Odeslat\"><\/div><\/div><div class=\"wpcf7-response-output alert alert-warning\"><\/div>\n<\/form>\n<\/div>\n\n","protected":false},"excerpt":{"rendered":"<p>\u00da\u0159edn\u00ed hodiny od 1. 7. do 22. 8. 2025 Lenka Fialov\u00e1 (asistentka katedry) Pond\u011bl\u00ed, \u00fater\u00fd, \u010dtvrtek\u00a0 8:00-13:00 Dovolen\u00e1: 14. 7&#8230;.<\/p>\n","protected":false},"author":1,"featured_media":0,"parent":0,"menu_order":0,"comment_status":"closed","ping_status":"closed","template":"","meta":{"footnotes":""},"class_list":["post-33","page","type-page","status-publish","hentry"],"_links":{"self":[{"href":"https:\/\/katedry.pf.jcu.cz\/kin\/wp-json\/wp\/v2\/pages\/33","targetHints":{"allow":["GET"]}}],"collection":[{"href":"https:\/\/katedry.pf.jcu.cz\/kin\/wp-json\/wp\/v2\/pages"}],"about":[{"href":"https:\/\/katedry.pf.jcu.cz\/kin\/wp-json\/wp\/v2\/types\/page"}],"author":[{"embeddable":true,"href":"https:\/\/katedry.pf.jcu.cz\/kin\/wp-json\/wp\/v2\/users\/1"}],"replies":[{"embeddable":true,"href":"https:\/\/katedry.pf.jcu.cz\/kin\/wp-json\/wp\/v2\/comments?post=33"}],"version-history":[{"count":0,"href":"https:\/\/katedry.pf.jcu.cz\/kin\/wp-json\/wp\/v2\/pages\/33\/revisions"}],"wp:attachment":[{"href":"https:\/\/katedry.pf.jcu.cz\/kin\/wp-json\/wp\/v2\/media?parent=33"}],"curies":[{"name":"wp","href":"https:\/\/api.w.org\/{rel}","templated":true}]}}