{"id":325,"date":"2018-02-26T21:15:07","date_gmt":"2018-02-26T20:15:07","guid":{"rendered":"http:\/\/katedry.pf.jcu.cz\/kin\/?page_id=325"},"modified":"2025-02-11T11:05:36","modified_gmt":"2025-02-11T10:05:36","slug":"diplomovy-seminar","status":"publish","type":"page","link":"https:\/\/katedry.pf.jcu.cz\/kin\/diplomovy-seminar\/","title":{"rendered":"Diplomov\u00fd semin\u00e1\u0159"},"content":{"rendered":"<p>Pod t\u00edmto n\u00e1zvem rozum\u00edme p\u0159edm\u011bty, kter\u00e9 si zapisuje student, p\u0159ipravuj\u00edc\u00ed svoji kvalifika\u010dn\u00ed pr\u00e1ci. Jeho alternativn\u00ed n\u00e1zvy pro r\u016fzn\u00e9 studijn\u00ed obory jsou nap\u0159. Semin\u00e1\u0159 Bakal\u00e1\u0159sk\u00e1 pr\u00e1ce, Semin\u00e1\u0159 Diplomov\u00e1 pr\u00e1ce.<\/p>\n<p>&nbsp;<\/p>\n<h3>Dv\u011b \u010d\u00e1sti semin\u00e1\u0159e<\/h3>\n<p>Semin\u00e1\u0159 je dvousemestrov\u00fd, na sebe navazuj\u00edc\u00ed, skl\u00e1d\u00e1 se ze dvou \u010d\u00e1st\u00ed (7SB1, 7SB2 nebo 8SD1, 8SD2 nebo 0SD1, 0SD2); seznam zkratek pro jednotliv\u00e9 obory je uveden d\u00e1le.<\/p>\n<ul>\n<li>V prvn\u00edm semestru diplomant pravideln\u011b konzultuje se sv\u00fdm vedouc\u00edm pr\u00e1ce a nav\u0161t\u011bvuje semin\u00e1\u0159 \u010d. 1, jinak pracuje individu\u00e1ln\u011b na sv\u00e9 pr\u00e1ci.<\/li>\n<li>Ve druh\u00e9m semestru diplomant pravideln\u011b konzultuje se sv\u00fdm vedouc\u00edm pr\u00e1ce a nav\u0161t\u011bvuje semin\u00e1\u0159 \u010d. 2 a v jeho r\u00e1mci vystoup\u00ed s obhajobou sv\u00e9 pr\u00e1ce &#8222;nane\u010disto&#8220;. Mimoto individu\u00e1ln\u011b pracuje na sv\u00e9 pr\u00e1ci.<\/li>\n<\/ul>\n<p>Pro jednotliv\u00e9 studijn\u00ed obory jsou zkratky p\u0159edm\u011bt\u016f n\u00e1sleduj\u00edc\u00ed:<\/p>\n<ul>\n<li>KIN\/7SB1, KIN\/7SB2 pro studenty ITs (Informa\u010dn\u00ed technologie se zam\u011b\u0159en\u00edm na vzd\u011bl\u00e1v\u00e1n\u00ed na 2. stupni Z\u0160) a ITA (Asistent se zam\u011b\u0159en\u00edm na vzd\u011bl\u00e1v\u00e1n\u00ed a informatiku)<\/li>\n<li>KIN\/8SD1, KIN\/8DS2 pro studenty oboru N\u0160 studuj\u00edc\u00ed podle nov\u00e9 akreditace (U\u010ditelstv\u00ed pro 1. stupe\u0148 z\u00e1kladn\u00edch \u0161kol)<\/li>\n<li>KIN\/0SD1, KIN\/0SD2 pro studenty ITsn (U\u010ditelstv\u00ed pro 2. stupe\u0148 z\u00e1kladn\u00edch \u0161kol se specializac\u00ed informatika) a ITAn (U\u010ditelstv\u00ed informatiky pro 2. stupe\u0148 Z\u0160 &#8211; jednooborov\u00e9 studium)<\/li>\n<\/ul>\n<h3>Kdy si zapsat tento p\u0159edm\u011bt<\/h3>\n<ul>\n<li>Prvn\u00ed semin\u00e1\u0159 (7SB1, 0SD1, 8DS1) si student zapisuje v semestru, ve kter\u00e9m za\u010d\u00edn\u00e1 pracovat na sv\u00e9 kvalifika\u010dn\u00ed pr\u00e1ci. P\u0159edm\u011bt se otev\u00edr\u00e1 v\u017edy jen v letn\u00edm semestru.<\/li>\n<li>Druh\u00fd semin\u00e1\u0159 (7SB2, 0SD1, 8SD2) si student zapisuje v semestru, ve kter\u00e9m bude pr\u00e1ci obhajovat.\u00a0P\u0159edm\u011bt se otev\u00edr\u00e1 jen v letn\u00edm semestru (v zimn\u00edm semestru lze otev\u0159\u00edt jen ve v\u00fdjime\u010dn\u00fdch p\u0159\u00edpadech).<\/li>\n<li>T\u0159et\u00ed semin\u00e1\u0159 Redakce z\u00e1v\u011bre\u010dn\u00e9 pr\u00e1ce (7ZRB, 0ZRD, 8RD) si student zapisuje v semestru, ve kter\u00e9m bude pr\u00e1ci obhajovat (tj. sou\u010dasn\u011b s druh\u00fdm semin\u00e1\u0159em). Tento p\u0159edm\u011bt nem\u00e1 rozvrh a z\u00e1po\u010det je ud\u011blen za odevzd\u00e1n\u00ed z\u00e1v\u011bre\u010dn\u00e9 pr\u00e1ce.<\/li>\n<\/ul>\n<p>&nbsp;<\/p>\n<h3>Po\u017eadavky na z\u00e1po\u010det<\/h3>\n<p>Podm\u00ednkou ud\u011blen\u00ed z\u00e1po\u010dtu z prvn\u00edho i druh\u00e9ho semin\u00e1\u0159e je p\u0159edev\u0161\u00edm pln\u011bn\u00ed dohod s vedouc\u00edm pr\u00e1ce (frekvence konzultac\u00ed, pokrok v tvorb\u011b pr\u00e1ce, pln\u011bn\u00ed pr\u016fb\u011b\u017en\u00fdch \u00fakol\u016f dle po\u017eadavk\u016f vedouc\u00edho pr\u00e1ce). Student se rovn\u011b\u017e pravideln\u011b z\u00fa\u010dast\u0148uje v\u00fduky p\u0159edm\u011btu diplomov\u00fd semin\u00e1\u0159 podle stanoven\u00e9ho rozvrhu. Bli\u017e\u0161\u00ed po\u017eadavky jsou uvedeny ve STAGu.<\/p>\n<p>&nbsp;<\/p>\n<h3>Pokyny k \u00faprav\u011b elektronick\u00e9 podoby z\u00e1v\u011bre\u010dn\u00fdch prac\u00ed<\/h3>\n<ul>\n<li><a href=\"https:\/\/www.pf.jcu.cz\/cz\/studium\/organizace-studia\/kvalifikacni-prace\" target=\"_blank\" rel=\"noopener\">U\u017eite\u010dn\u00e9 informace na webu PF JU<\/a><\/li>\n<\/ul>\n<p>&nbsp;<\/p>\n<h3>Typografick\u00fd vzor sazby kvalifika\u010dn\u00edch prac\u00ed<\/h3>\n<ul>\n<li><a href=\"http:\/\/www.petrpexa.cz\/pata\/vzor.pdf\">\u0160ablona v PDF<\/a> (je tak\u00e9 jedn\u00edm z projekt\u016f p\u0159edm\u011btu KIN\/PATA)<\/li>\n<li><a href=\"https:\/\/www.pf.jcu.cz\/cz\/studium\/organizace-studia\/vzor-pro-vnitrni-titulni-stranu-absolventskych-praci\" target=\"_blank\" rel=\"noopener\">\u0160ablona tituln\u00ed str\u00e1nky<\/a> (ve form\u00e1tu DOC)<\/li>\n<li><a class=\"barva\" href=\"http:\/\/www.petrpexa.cz\/sablona\/PF_JU_logo.jpg\">Logo PF JU<\/a> (na tituln\u00ed str\u00e1nku)<\/li>\n<li><a href=\"https:\/\/www.jcu.cz\/cz\/univerzita\/media-a-pr\/press-kit\">Desky kvalifika\u010dn\u00edch prac\u00ed<\/a> (PDF, detaily na str. I30 a I31, resp. 143 a 144)<\/li>\n<\/ul>\n<h3>Postup pro odevzd\u00e1n\u00ed z\u00e1v\u011bre\u010dn\u00e9 pr\u00e1ce:<\/h3>\n<ol id=\"yui_3_17_2_1_1582623934529_864\">\n<li>Student vlo\u017e\u00ed elektronickou PDF verzi sv\u00e9 z\u00e1vere\u010dn\u00e9 pr\u00e1ce do STAGu<\/li>\n<li id=\"yui_3_17_2_1_1582623934529_863\">Student n\u00e1sledn\u011b odevzd\u00e1 jeden v\u00fdtisk sv\u00e9 z\u00e1v\u011bre\u010dn\u00e9 pr\u00e1ce na sekretari\u00e1t katedry v\u010detn\u011b p\u0159\u00edpadn\u00fdch p\u0159\u00edloh na CD nebo DVD\n<div id=\"yui_3_17_2_1_1582623934529_862\">\n<ul id=\"yui_3_17_2_1_1582623934529_861\">\n<li>Tento v\u00fdtisk mus\u00ed b\u00fdt v klasick\u00e9 tvrd\u00e9 vazb\u011b (v\u00fdtisk bude studentovi po obhajob\u011b pr\u00e1ce vr\u00e1cen)<\/li>\n<\/ul>\n<\/div>\n<\/li>\n<\/ol>\n<p>&nbsp;<\/p>\n<h2>Term\u00edny zad\u00e1n\u00ed a odevzd\u00e1n\u00ed kvalifika\u010dn\u00edch prac\u00ed na KIN<\/h2>\n<p>viz Harmonogram akademinck\u00e9ho roku na \u00favodn\u00ed str\u00e1nce KIN<\/p>\n<h3><\/h3>\n<p>Bli\u017e\u0161\u00ed informace o p\u0159edm\u011btech poskytne <a href=\"http:\/\/katedry.pf.jcu.cz\/kin\/clen\/mgr-vaclav-simandl-ph-d\/\">Mgr. V\u00e1clav \u0160imandl, Ph.D.<\/a><\/p>\n","protected":false},"excerpt":{"rendered":"<p>Pod t\u00edmto n\u00e1zvem rozum\u00edme p\u0159edm\u011bty, kter\u00e9 si zapisuje student, p\u0159ipravuj\u00edc\u00ed svoji kvalifika\u010dn\u00ed pr\u00e1ci. Jeho alternativn\u00ed n\u00e1zvy pro r\u016fzn\u00e9 studijn\u00ed obory&#8230;<\/p>\n","protected":false},"author":16,"featured_media":0,"parent":0,"menu_order":0,"comment_status":"closed","ping_status":"closed","template":"","meta":{"footnotes":""},"class_list":["post-325","page","type-page","status-publish","hentry"],"_links":{"self":[{"href":"https:\/\/katedry.pf.jcu.cz\/kin\/wp-json\/wp\/v2\/pages\/325","targetHints":{"allow":["GET"]}}],"collection":[{"href":"https:\/\/katedry.pf.jcu.cz\/kin\/wp-json\/wp\/v2\/pages"}],"about":[{"href":"https:\/\/katedry.pf.jcu.cz\/kin\/wp-json\/wp\/v2\/types\/page"}],"author":[{"embeddable":true,"href":"https:\/\/katedry.pf.jcu.cz\/kin\/wp-json\/wp\/v2\/users\/16"}],"replies":[{"embeddable":true,"href":"https:\/\/katedry.pf.jcu.cz\/kin\/wp-json\/wp\/v2\/comments?post=325"}],"version-history":[{"count":0,"href":"https:\/\/katedry.pf.jcu.cz\/kin\/wp-json\/wp\/v2\/pages\/325\/revisions"}],"wp:attachment":[{"href":"https:\/\/katedry.pf.jcu.cz\/kin\/wp-json\/wp\/v2\/media?parent=325"}],"curies":[{"name":"wp","href":"https:\/\/api.w.org\/{rel}","templated":true}]}}