{"id":281,"date":"2018-01-15T19:52:57","date_gmt":"2018-01-15T18:52:57","guid":{"rendered":"http:\/\/katedry.pf.jcu.cz\/kin\/?page_id=281"},"modified":"2020-12-16T16:50:05","modified_gmt":"2020-12-16T15:50:05","slug":"info-o-katedre","status":"publish","type":"page","link":"https:\/\/katedry.pf.jcu.cz\/kin\/o-katedre\/info-o-katedre\/","title":{"rendered":"Infolet\u00e1k katedry"},"content":{"rendered":"<ul>\n<li><a href=\"https:\/\/katedry.pf.jcu.cz\/kin\/wp-content\/uploads\/2018\/11\/skladacka_kin_1.png\">P\u0159edn\u00ed strana let\u00e1ku<\/a><\/li>\n<li><a href=\"https:\/\/katedry.pf.jcu.cz\/kin\/wp-content\/uploads\/2018\/11\/skladacka_kin_2.png\">Zadn\u00ed strana let\u00e1ku<\/a><\/li>\n<\/ul>\n","protected":false},"excerpt":{"rendered":"<p>P\u0159edn\u00ed strana let\u00e1ku Zadn\u00ed strana let\u00e1ku<\/p>\n","protected":false},"author":1,"featured_media":0,"parent":34,"menu_order":0,"comment_status":"closed","ping_status":"closed","template":"","meta":{"footnotes":""},"class_list":["post-281","page","type-page","status-publish","hentry"],"_links":{"self":[{"href":"https:\/\/katedry.pf.jcu.cz\/kin\/wp-json\/wp\/v2\/pages\/281","targetHints":{"allow":["GET"]}}],"collection":[{"href":"https:\/\/katedry.pf.jcu.cz\/kin\/wp-json\/wp\/v2\/pages"}],"about":[{"href":"https:\/\/katedry.pf.jcu.cz\/kin\/wp-json\/wp\/v2\/types\/page"}],"author":[{"embeddable":true,"href":"https:\/\/katedry.pf.jcu.cz\/kin\/wp-json\/wp\/v2\/users\/1"}],"replies":[{"embeddable":true,"href":"https:\/\/katedry.pf.jcu.cz\/kin\/wp-json\/wp\/v2\/comments?post=281"}],"version-history":[{"count":0,"href":"https:\/\/katedry.pf.jcu.cz\/kin\/wp-json\/wp\/v2\/pages\/281\/revisions"}],"up":[{"embeddable":true,"href":"https:\/\/katedry.pf.jcu.cz\/kin\/wp-json\/wp\/v2\/pages\/34"}],"wp:attachment":[{"href":"https:\/\/katedry.pf.jcu.cz\/kin\/wp-json\/wp\/v2\/media?parent=281"}],"curies":[{"name":"wp","href":"https:\/\/api.w.org\/{rel}","templated":true}]}}