{"id":270,"date":"2018-01-09T21:40:53","date_gmt":"2018-01-09T20:40:53","guid":{"rendered":"http:\/\/katedry.pf.jcu.cz\/kin\/?page_id=270"},"modified":"2018-03-04T10:43:22","modified_gmt":"2018-03-04T09:43:22","slug":"bakalarske-a-diplomove-prace","status":"publish","type":"page","link":"https:\/\/katedry.pf.jcu.cz\/kin\/bakalarske-a-diplomove-prace\/","title":{"rendered":"T\u00e9mata bakal\u00e1\u0159sk\u00fdch prac\u00ed"},"content":{"rendered":"","protected":false},"excerpt":{"rendered":"","protected":false},"author":1,"featured_media":0,"parent":0,"menu_order":0,"comment_status":"closed","ping_status":"closed","template":"","meta":{"footnotes":""},"class_list":["post-270","page","type-page","status-publish","hentry"],"_links":{"self":[{"href":"https:\/\/katedry.pf.jcu.cz\/kin\/wp-json\/wp\/v2\/pages\/270","targetHints":{"allow":["GET"]}}],"collection":[{"href":"https:\/\/katedry.pf.jcu.cz\/kin\/wp-json\/wp\/v2\/pages"}],"about":[{"href":"https:\/\/katedry.pf.jcu.cz\/kin\/wp-json\/wp\/v2\/types\/page"}],"author":[{"embeddable":true,"href":"https:\/\/katedry.pf.jcu.cz\/kin\/wp-json\/wp\/v2\/users\/1"}],"replies":[{"embeddable":true,"href":"https:\/\/katedry.pf.jcu.cz\/kin\/wp-json\/wp\/v2\/comments?post=270"}],"version-history":[{"count":0,"href":"https:\/\/katedry.pf.jcu.cz\/kin\/wp-json\/wp\/v2\/pages\/270\/revisions"}],"wp:attachment":[{"href":"https:\/\/katedry.pf.jcu.cz\/kin\/wp-json\/wp\/v2\/media?parent=270"}],"curies":[{"name":"wp","href":"https:\/\/api.w.org\/{rel}","templated":true}]}}